{"id":3211,"date":"2017-06-09T11:35:13","date_gmt":"2017-06-09T09:35:13","guid":{"rendered":"https:\/\/dentiblanc.com\/?page_id=3211\/"},"modified":"2023-06-28T12:09:27","modified_gmt":"2023-06-28T10:09:27","slug":"get-rid-plaque","status":"publish","type":"page","link":"https:\/\/dentiblanc.com\/en\/dental-hygiene\/get-rid-plaque\/","title":{"rendered":"How to get rid of plaque"},"content":{"rendered":"<p>[vc_row full_width=&#8221;stretch_row&#8221; css=&#8221;.vc_custom_1496150103372{margin-bottom: 0px !important;border-bottom-width: 0px !important;padding-bottom: 0px !important;}&#8221;][vc_column][vc_single_image image=&#8221;3213&#8243; img_size=&#8221;full&#8221; alignment=&#8221;center&#8221;][\/vc_column][\/vc_row][vc_row full_width=&#8221;stretch_row&#8221; foundry_padding=&#8221;pt64 pb64&#8243;][vc_column width=&#8221;1\/12&#8243;][\/vc_column][vc_column width=&#8221;10\/12&#8243;][vc_column_text]<\/p>\n<h4 class=\"mb40 mb-xs-32\">Strict daily hygiene using a <strong>specific product<\/strong> and <strong>correct brushing<\/strong> combats plaque formation and prevents the accumulation of residues (traces of food, coffee, tobacco, etc.), which causes stains that mask the whiteness of the enamel.<\/h4>\n<p>[\/vc_column_text][\/vc_column][vc_column width=&#8221;1\/12&#8243;][\/vc_column][\/vc_row][vc_row full_width=&#8221;stretch_row&#8221; foundry_vertical_align=&#8221;yes&#8221;][vc_column width=&#8221;1\/12&#8243; offset=&#8221;vc_hidden-sm vc_hidden-xs&#8221;][\/vc_column][vc_column width=&#8221;5\/12&#8243;][vc_column_text]<\/p>\n<h1 style=\"text-align: center;\">How to get rid of plaque<\/h1>\n<h3 style=\"text-align: center;\"><strong>1. Follow a strict daily dental hygiene routine<\/strong><\/h3>\n<h5 style=\"text-align: center;\">BRUSH FOR 3 MINUTES AFTER MEALS AND BEFORE GOING TO BED<br \/>\n+<br \/>\nFLOSS YOUR TEETH<br \/>\n+<br \/>\nRINSE ONCE OR TWICE A DAY WITH MOUTHWASH FOR 30 SECONDS<\/h5>\n<h3 style=\"text-align: center;\"><strong>2. Use specific products like DENTIBLANC<\/strong><\/h3>\n<h3 style=\"text-align: center;\"><strong>3. Visit your dentist at least once a year<br \/>\n<\/strong><\/h3>\n<p>[\/vc_column_text][\/vc_column][vc_column width=&#8221;1\/2&#8243;][vc_single_image image=&#8221;3768&#8243; img_size=&#8221;full&#8221;][\/vc_column][\/vc_row][vc_row foundry_background_style=&#8221;bg-primary&#8221; css=&#8221;.vc_custom_1496141835132{background-color: #a5a5a5 !important;}&#8221;][vc_column width=&#8221;1\/2&#8243;]\n\t\t\t<div class=\"feature feature-1\">\n\t\t\t\t<a href=\"https:\/\/dentiblanc.com\/en\/dental-hygiene\/get-rid-plaque\/\" target=\"\">\n\t\t\t    <div class=\"text-center\">\n\t\t\t        <i class=\"ti-help icon\"><\/i>\n\t\t\t        <h5 class=\"uppercase\">How to get rid of plaque<\/h5>\n\t\t\t    <\/div>\n\t\t\t    <p>Strict daily hygiene using a <strong>specific product and correct brushing<\/strong> combats plaque formation and prevents the accumulation of residues (traces of food, coffee, tobacco, etc.), which causes stains that mask the whiteness of the enamel.<\/p>\n\n\t\t\t    <\/a>\n\t\t\t<\/div>\n\t\t[\/vc_column][vc_column width=&#8221;1\/2&#8243;]\n\t\t\t<div class=\"feature feature-1\">\n\t\t\t\t<a href=\"https:\/\/dentiblanc.com\/en\/dental-hygiene\/stains\/\" target=\"\">\n\t\t\t    <div class=\"text-center\">\n\t\t\t        <i class=\"ti-eraser icon\"><\/i>\n\t\t\t        <h5 class=\"uppercase\">Stains<\/h5>\n\t\t\t    <\/div>\n<p style=\"text-align: center;\">A diet high in sugars, coffee or tobacco can stain, age or discolour teeth.<\/p>\n<p>\n\n\t\t\t    <\/a>\n\t\t\t<\/div>\n\t\t[\/vc_column][\/vc_row][vc_row full_width=&#8221;stretch_row&#8221;][vc_column]<div class=\"process-carousel\">\n\t\t<section class=\"bg-primary fullscreen\">\n\t\t    <div class=\"col-md-9 content v-align-transform\">\n\t\t        <div id=\"attachment_2581\" style=\"width: 225px\" class=\"wp-caption alignleft\"><img aria-describedby=\"caption-attachment-2581\" decoding=\"async\" loading=\"lazy\" class=\"size-medium wp-image-2581\" src=\"https:\/\/dentiblanc.com\/wp-content\/uploads\/2023\/06\/dentiblanc-extrafresh-blanqueador-nofondo.png\" alt=\"\" width=\"215\" height=\"300\" \/><p id=\"caption-attachment-2581\" class=\"wp-caption-text\">Dentiblanc PRO Whitening Toothpaste<\/p><\/div>\n<h1 class=\"mb40 mb-xs-32\">Dentiblanc PRO Whitening Toothpaste<\/h1>\n<p class=\"lead mb0\">It is a toothpaste for daily oral hygiene, with a new formula offering total protection and whitening, brightening and repairing action. A complete formula with non-nano hydroxyapatite, polyvinylpyrrolidone (PVP), spherical silica particles, fluoride and betaine. It cleans and whitens the enamel and protects it from tartar, cavities, tooth sensitivity and the passage of time, while also hydrating and protecting the mucous membranes and gums.<\/p>\n<p><a href=\"https:\/\/dentiblanc.com\/dentiblanc-pro\/\">More information<\/a>\n\t\t    <\/div>\n\t\t<\/section>\n\t\n\t\t<section class=\"light-wrapper fullscreen\">\n\t\t    <div class=\"col-md-9 content v-align-transform\">\n\t\t        <div id=\"attachment_2694\" style=\"width: 310px\" class=\"wp-caption alignleft\"><img aria-describedby=\"caption-attachment-2694\" decoding=\"async\" loading=\"lazy\" class=\"size-medium wp-image-2694\" src=\"https:\/\/dentiblanc.com\/wp-content\/uploads\/2023\/06\/pack-blanqueador.png\" alt=\"\" width=\"300\" height=\"228\" \/><p id=\"caption-attachment-2694\" class=\"wp-caption-text\">Dentiblanc INTENSIVO Whitening Toothpaste<\/p><\/div>\n<h1 class=\"mb40 mb-xs-32\"><span style=\"color: #ffffff;\">Dentiblanc INTENSIVO Whitening Toothpaste<\/span><\/h1>\n<p class=\"lead mb0\"><span style=\"color: #ffffff;\">DENTIBLANC Blanqueador INTENSIVO es un dent\u00edfrico para la higiene y el cuidado buco-dental, de <strong>potente acci\u00f3n blanqueadora<\/strong>. Un producto natural, espec\u00edfica-mente concebido y desarrollado para, al limpiar los dientes con \u00e9l, proporcionarles un aspecto sano y est\u00e9ticamente atractivo. No es un blanqueador temporal, sino un <strong>producto higi\u00e9nico de uso diario y continuado<\/strong>.<\/span><\/p>\n<p><span style=\"color: #ffffff;\"><a style=\"color: #ffffff;\" href=\"https:\/\/dentiblanc.com\/dentiblanc-intensivo\/\">More information<\/a><\/span>\n\t\t    <\/div>\n\t\t<\/section>\n\t\n\t\t<section class=\"bg-secondary fullscreen\">\n\t\t    <div class=\"col-md-9 content v-align-transform\">\n\t\t        <div id=\"attachment_2693\" style=\"width: 303px\" class=\"wp-caption alignleft\"><img aria-describedby=\"caption-attachment-2693\" decoding=\"async\" loading=\"lazy\" class=\"size-medium wp-image-2693\" src=\"https:\/\/dentiblanc.com\/wp-content\/uploads\/2023\/06\/dentiblanc-extrafresh-blanqueador-nofondo.png\" alt=\"\" width=\"293\" height=\"300\" \/><p id=\"caption-attachment-2693\" class=\"wp-caption-text\">Dentiblanc EXTRAFRESH Whitening Toothpaste<\/p><\/div>\n<h1 class=\"mb40 mb-xs-32\"><span style=\"color: #ffffff;\">EXTRAFRESH Whitening Toothpaste<\/span><\/h1>\n<p class=\"lead mb0\"><span style=\"color: #ffffff;\">DENTIBLANC EXTRAFRESH Whitening Toothpaste has a powerful whitening action and makes the breath ultra-fresh. A natural product specifically conceived and developed to make your teeth look healthy and attractive. It is not a temporary whitening product, but a dental hygiene product for continued daily use.<br \/>\n<\/span><\/p>\n<p><span style=\"color: #ffffff;\"><a style=\"color: #ffffff;\" href=\"https:\/\/dentiblanc.com\/dentiblanc-extrafresh\/\">More information<\/a><\/span>\n\t\t    <\/div>\n\t\t<\/section>\n\t<\/div>\n\t\t\t<script type=\"text\/javascript\">\n\t\t\t\tjQuery(document).ready(function() { \n\t\t\n\t\t\t\t\tjQuery('.process-carousel').owlCarousel({\n\t\t\t\t\t\tnav: true,\n\t\t\t\t\t\tnavText: [\"\",\"<i class='ti-angle-right'>\"],\n\t\t\t\t\t\tdots: false,\n\t\t\t\t\t\tcenter: true,\n\t\t\t\t\t\tloop:true,\n\t\t\t\t\t\tresponsive:{\n\t\t\t\t\t        0:{\n\t\t\t\t\t            items:1\n\t\t\t\t\t        }\n\t\t\t\t\t    }\n\t\t\t\t\t});\n\t\t\t\t\t\n\t\t\t\t});\n\t\t\t<\/script>\n\t\t[\/vc_column][\/vc_row][vc_row][vc_column][vc_empty_space height=&#8221;60px&#8221;][\/vc_column][\/vc_row][vc_row full_width=&#8221;stretch_row_content_no_spaces&#8221; foundry_padding=&#8221;pt0 pb0&#8243; css=&#8221;.vc_custom_1495811855558{background-color: #1f3b72 !important;}&#8221;][vc_column][vc_empty_space][vc_row_inner][vc_column_inner width=&#8221;1\/4&#8243;][vc_column_text]<\/p>\n<h4><span style=\"color: #ffffff;\">DENTAL HYGIENE<\/span><\/h4>\n<p>[\/vc_column_text][vc_wp_custommenu nav_menu=&#8221;52&#8243; el_id=&#8221;menu-footer-column1&#8243;][\/vc_column_inner][vc_column_inner width=&#8221;1\/4&#8243;][vc_column_text]<\/p>\n<h4><span style=\"color: #ffffff;\">SOLUTIONS<\/span><\/h4>\n<p>[\/vc_column_text][vc_wp_custommenu nav_menu=&#8221;53&#8243; el_class=&#8221;menu-footer&#8221; el_id=&#8221;menu-footer-column2&#8243;][\/vc_column_inner][vc_column_inner width=&#8221;1\/4&#8243; offset=&#8221;vc_hidden-md vc_hidden-sm vc_hidden-xs&#8221;][\/vc_column_inner][vc_column_inner width=&#8221;1\/4&#8243;][vc_column_text]<\/p>\n<h4><span style=\"color: #ffffff;\">CONTACT<\/span><\/h4>\n<p>[\/vc_column_text][vc_raw_html]JTNDaDUlMjBpZCUzRCUyMmZvb3Rlci1jb2x1bW4tNCUyMiUzRUMlMkYlMjBQcm92ZW4lQzMlQTdhJTJDJTIwMzg2LiUzQ2JyJTNFJTBBMDgwMjUlMjBCYXJjZWxvbmElM0NiciUzRSUwQSUyOCUyQjM0JTI5JTIwOTMyJTIwMDcwJTIwNTEyJTNDYnIlM0UlMEElMjglMkIzNCUyOSUyMDkzMiUyMDA3MSUyMDkzMiUzQ2JyJTNFJTBBJTNDYSUyMGhyZWYlM0QlMjJodHRwJTNBJTJGJTJGd3d3LnZpbmFzLmVzJTJGJTIyJTNFd3d3LnZpbmFzLmVzJTNDJTJGYSUzRSUzQyUyRmg1JTNF[\/vc_raw_html][vc_separator align=&#8221;align_left&#8221; el_width=&#8221;80&#8243; css=&#8221;.vc_custom_1496911945594{padding-top: 0px !important;padding-right: 0px !important;padding-bottom: 0px !important;padding-left: 0px !important;}&#8221;][vc_wp_custommenu nav_menu=&#8221;54&#8243; el_class=&#8221;menu-footer&#8221; el_id=&#8221;menu-footer-column3&#8243;][\/vc_column_inner][\/vc_row_inner][vc_empty_space][vc_row_inner content_placement=&#8221;middle&#8221;][vc_column_inner width=&#8221;1\/4&#8243;][vc_column_text el_id=&#8221;copyright&#8221;]<span style=\"color: #ffffff;\">\u00a9 2017 Created and developed by VILIF publicidad<\/span>[\/vc_column_text][\/vc_column_inner][vc_column_inner width=&#8221;1\/2&#8243;][vc_single_image image=&#8221;2786&#8243; img_size=&#8221;&#8221; alignment=&#8221;center&#8221;][\/vc_column_inner][\/vc_row_inner][\/vc_column][\/vc_row][vc_row full_width=&#8221;stretch_row_content_no_spaces&#8221; foundry_padding=&#8221;pt0 pb0&#8243; css=&#8221;.vc_custom_1495815563694{padding-top: 30px !important;background-color: #ffffff !important;}&#8221;][vc_column][vc_single_image image=&#8221;2770&#8243; img_size=&#8221;&#8221; alignment=&#8221;center&#8221; onclick=&#8221;custom_link&#8221; link=&#8221;http:\/\/www.vinas.es\/&#8221;][vc_raw_html]JTNDaDYlMjBzdHlsZSUzRCUyMnRleHQtYWxpZ24lM0FjZW50ZXIlM0IlMjIlM0UlM0NhJTIwaHJlZiUzRCUyMmh0dHAlM0ElMkYlMkZkZW50aWJsYW5jLmNvbSUyRmVuJTJGc29sdXRpb25zJTJGY29udGFjdCUyRiUyMiUzRUNPTlRBQ1QlM0MlMkZhJTNFJTIwJTdDJTIwJTNDYSUyMGhyZWYlM0QlMjJodHRwJTNBJTJGJTJGZGVudGlibGFuYy5jb20lMkZlbiUyRmxlZ2FsLW5vdGljZSUyRiUyMiUzRUxFR0FMJTIwTk9USUNFJTNDJTJGYSUzRSUyMCU3QyUyMCUzQ2ElMjBocmVmJTNEJTIyaHR0cCUzQSUyRiUyRmRlbnRpYmxhbmMuY29tJTJGZW4lMkZwcml2YWN5LXBvbGljeSUyRiUyMiUzRVBSSVZBQ1klMjBQT0xJQ1klM0MlMkZhJTNFJTIwJTdDJTIwJTNDYSUyMGhyZWYlM0QlMjJodHRwJTNBJTJGJTJGZGVudGlibGFuYy5jb20lMkZlbiUyRmNvb2tpZXMtcG9saWN5JTJGJTIyJTNFQ09PS0lFUyUyMFBPTElDWSUzQyUyRmElM0UlM0MlMkZoNiUzRQ==[\/vc_raw_html][\/vc_column][\/vc_row]<\/p>\n","protected":false},"excerpt":{"rendered":"<p>[vc_row full_width=&#8221;stretch_row&#8221; css=&#8221;.vc_custom_1496150103372{margin-bottom: 0px !important;border-bottom-width: 0px !important;padding-bottom: 0px !important;}&#8221;][vc_column][vc_single_image image=&#8221;3213&#8243; img_size=&#8221;full&#8221; alignment=&#8221;center&#8221;][\/vc_column][\/vc_row][vc_row full_width=&#8221;stretch_row&#8221; foundry_padding=&#8221;pt64 pb64&#8243;][vc_column width=&#8221;1\/12&#8243;][\/vc_column][vc_column width=&#8221;10\/12&#8243;][vc_column_text] Strict daily hygiene using&#8230;<\/p>\n","protected":false},"author":1,"featured_media":0,"parent":3198,"menu_order":0,"comment_status":"closed","ping_status":"closed","template":"","meta":[],"yoast_head":"<!-- This site is optimized with the Yoast SEO plugin v20.10 - https:\/\/yoast.com\/wordpress\/plugins\/seo\/ -->\n<title>How to get rid of plaque - Dentiblanc<\/title>\n<meta name=\"robots\" content=\"index, follow, max-snippet:-1, max-image-preview:large, max-video-preview:-1\" \/>\n<link rel=\"canonical\" href=\"https:\/\/dentiblanc.com\/en\/dental-hygiene\/get-rid-plaque\/\" \/>\n<meta property=\"og:locale\" content=\"en_US\" \/>\n<meta property=\"og:type\" content=\"article\" \/>\n<meta property=\"og:title\" content=\"How to get rid of plaque - Dentiblanc\" \/>\n<meta property=\"og:description\" content=\"[vc_row full_width=&#8221;stretch_row&#8221; css=&#8221;.vc_custom_1496150103372{margin-bottom: 0px !important;border-bottom-width: 0px !important;padding-bottom: 0px !important;}&#8221;][vc_column][vc_single_image image=&#8221;3213&#8243; img_size=&#8221;full&#8221; alignment=&#8221;center&#8221;][\/vc_column][\/vc_row][vc_row full_width=&#8221;stretch_row&#8221; foundry_padding=&#8221;pt64 pb64&#8243;][vc_column width=&#8221;1\/12&#8243;][\/vc_column][vc_column width=&#8221;10\/12&#8243;][vc_column_text] Strict daily hygiene using...\" \/>\n<meta property=\"og:url\" content=\"https:\/\/dentiblanc.com\/en\/dental-hygiene\/get-rid-plaque\/\" \/>\n<meta property=\"og:site_name\" content=\"Dentiblanc\" \/>\n<meta property=\"article:modified_time\" content=\"2023-06-28T10:09:27+00:00\" \/>\n<meta property=\"og:image\" content=\"https:\/\/dentiblanc.com\/wp-content\/uploads\/2023\/06\/dentiblanc-extrafresh-blanqueador-nofondo.png\" \/>\n<meta name=\"twitter:card\" content=\"summary_large_image\" \/>\n<meta name=\"twitter:label1\" content=\"Est. reading time\" \/>\n\t<meta name=\"twitter:data1\" content=\"5 minutes\" \/>\n<script type=\"application\/ld+json\" class=\"yoast-schema-graph\">{\"@context\":\"https:\/\/schema.org\",\"@graph\":[{\"@type\":\"WebPage\",\"@id\":\"https:\/\/dentiblanc.com\/en\/dental-hygiene\/get-rid-plaque\/\",\"url\":\"https:\/\/dentiblanc.com\/en\/dental-hygiene\/get-rid-plaque\/\",\"name\":\"How to get rid of plaque - Dentiblanc\",\"isPartOf\":{\"@id\":\"https:\/\/dentiblanc.com\/en\/#website\"},\"datePublished\":\"2017-06-09T09:35:13+00:00\",\"dateModified\":\"2023-06-28T10:09:27+00:00\",\"breadcrumb\":{\"@id\":\"https:\/\/dentiblanc.com\/en\/dental-hygiene\/get-rid-plaque\/#breadcrumb\"},\"inLanguage\":\"en-US\",\"potentialAction\":[{\"@type\":\"ReadAction\",\"target\":[\"https:\/\/dentiblanc.com\/en\/dental-hygiene\/get-rid-plaque\/\"]}]},{\"@type\":\"BreadcrumbList\",\"@id\":\"https:\/\/dentiblanc.com\/en\/dental-hygiene\/get-rid-plaque\/#breadcrumb\",\"itemListElement\":[{\"@type\":\"ListItem\",\"position\":1,\"name\":\"Home\",\"item\":\"https:\/\/dentiblanc.com\/en\/home\/\"},{\"@type\":\"ListItem\",\"position\":2,\"name\":\"Dental Hygiene\",\"item\":\"https:\/\/dentiblanc.com\/en\/dental-hygiene\/\"},{\"@type\":\"ListItem\",\"position\":3,\"name\":\"How to get rid of plaque\"}]},{\"@type\":\"WebSite\",\"@id\":\"https:\/\/dentiblanc.com\/en\/#website\",\"url\":\"https:\/\/dentiblanc.com\/en\/\",\"name\":\"Dentiblanc\",\"description\":\"Dentiblanc\",\"potentialAction\":[{\"@type\":\"SearchAction\",\"target\":{\"@type\":\"EntryPoint\",\"urlTemplate\":\"https:\/\/dentiblanc.com\/en\/?s={search_term_string}\"},\"query-input\":\"required name=search_term_string\"}],\"inLanguage\":\"en-US\"}]}<\/script>\n<!-- \/ Yoast SEO plugin. -->","yoast_head_json":{"title":"How to get rid of plaque - Dentiblanc","robots":{"index":"index","follow":"follow","max-snippet":"max-snippet:-1","max-image-preview":"max-image-preview:large","max-video-preview":"max-video-preview:-1"},"canonical":"https:\/\/dentiblanc.com\/en\/dental-hygiene\/get-rid-plaque\/","og_locale":"en_US","og_type":"article","og_title":"How to get rid of plaque - Dentiblanc","og_description":"[vc_row full_width=&#8221;stretch_row&#8221; css=&#8221;.vc_custom_1496150103372{margin-bottom: 0px !important;border-bottom-width: 0px !important;padding-bottom: 0px !important;}&#8221;][vc_column][vc_single_image image=&#8221;3213&#8243; img_size=&#8221;full&#8221; alignment=&#8221;center&#8221;][\/vc_column][\/vc_row][vc_row full_width=&#8221;stretch_row&#8221; foundry_padding=&#8221;pt64 pb64&#8243;][vc_column width=&#8221;1\/12&#8243;][\/vc_column][vc_column width=&#8221;10\/12&#8243;][vc_column_text] Strict daily hygiene using...","og_url":"https:\/\/dentiblanc.com\/en\/dental-hygiene\/get-rid-plaque\/","og_site_name":"Dentiblanc","article_modified_time":"2023-06-28T10:09:27+00:00","og_image":[{"url":"https:\/\/dentiblanc.com\/wp-content\/uploads\/2023\/06\/dentiblanc-extrafresh-blanqueador-nofondo.png"}],"twitter_card":"summary_large_image","twitter_misc":{"Est. reading time":"5 minutes"},"schema":{"@context":"https:\/\/schema.org","@graph":[{"@type":"WebPage","@id":"https:\/\/dentiblanc.com\/en\/dental-hygiene\/get-rid-plaque\/","url":"https:\/\/dentiblanc.com\/en\/dental-hygiene\/get-rid-plaque\/","name":"How to get rid of plaque - Dentiblanc","isPartOf":{"@id":"https:\/\/dentiblanc.com\/en\/#website"},"datePublished":"2017-06-09T09:35:13+00:00","dateModified":"2023-06-28T10:09:27+00:00","breadcrumb":{"@id":"https:\/\/dentiblanc.com\/en\/dental-hygiene\/get-rid-plaque\/#breadcrumb"},"inLanguage":"en-US","potentialAction":[{"@type":"ReadAction","target":["https:\/\/dentiblanc.com\/en\/dental-hygiene\/get-rid-plaque\/"]}]},{"@type":"BreadcrumbList","@id":"https:\/\/dentiblanc.com\/en\/dental-hygiene\/get-rid-plaque\/#breadcrumb","itemListElement":[{"@type":"ListItem","position":1,"name":"Home","item":"https:\/\/dentiblanc.com\/en\/home\/"},{"@type":"ListItem","position":2,"name":"Dental Hygiene","item":"https:\/\/dentiblanc.com\/en\/dental-hygiene\/"},{"@type":"ListItem","position":3,"name":"How to get rid of plaque"}]},{"@type":"WebSite","@id":"https:\/\/dentiblanc.com\/en\/#website","url":"https:\/\/dentiblanc.com\/en\/","name":"Dentiblanc","description":"Dentiblanc","potentialAction":[{"@type":"SearchAction","target":{"@type":"EntryPoint","urlTemplate":"https:\/\/dentiblanc.com\/en\/?s={search_term_string}"},"query-input":"required name=search_term_string"}],"inLanguage":"en-US"}]}},"_links":{"self":[{"href":"https:\/\/dentiblanc.com\/en\/wp-json\/wp\/v2\/pages\/3211"}],"collection":[{"href":"https:\/\/dentiblanc.com\/en\/wp-json\/wp\/v2\/pages"}],"about":[{"href":"https:\/\/dentiblanc.com\/en\/wp-json\/wp\/v2\/types\/page"}],"author":[{"embeddable":true,"href":"https:\/\/dentiblanc.com\/en\/wp-json\/wp\/v2\/users\/1"}],"replies":[{"embeddable":true,"href":"https:\/\/dentiblanc.com\/en\/wp-json\/wp\/v2\/comments?post=3211"}],"version-history":[{"count":9,"href":"https:\/\/dentiblanc.com\/en\/wp-json\/wp\/v2\/pages\/3211\/revisions"}],"predecessor-version":[{"id":3773,"href":"https:\/\/dentiblanc.com\/en\/wp-json\/wp\/v2\/pages\/3211\/revisions\/3773"}],"up":[{"embeddable":true,"href":"https:\/\/dentiblanc.com\/en\/wp-json\/wp\/v2\/pages\/3198"}],"wp:attachment":[{"href":"https:\/\/dentiblanc.com\/en\/wp-json\/wp\/v2\/media?parent=3211"}],"curies":[{"name":"wp","href":"https:\/\/api.w.org\/{rel}","templated":true}]}}