{"id":3275,"date":"2017-06-12T10:08:47","date_gmt":"2017-06-12T08:08:47","guid":{"rendered":"https:\/\/dentiblanc.com\/?page_id=3275\/"},"modified":"2017-06-14T11:30:44","modified_gmt":"2017-06-14T09:30:44","slug":"legal-notice","status":"publish","type":"page","link":"https:\/\/dentiblanc.com\/en\/legal-notice\/","title":{"rendered":"Legal notice"},"content":{"rendered":"<p>[vc_row][vc_column][vc_column_text]<strong>1 .- General Information<\/strong><br \/>\nThis website (hereinafter the Website) is owned by LABORATORIOS VI\u00d1AS, S.A. (hereinafter, LABORATORIOS VI\u00d1AS), with its registered offices at Calle Proven\u00e7a, 386, 5\u00aa. 08025 Barcelona, CIF A08027427, and registered in the Mercantile Register of Barcelona, Sheet 18260, Volume 277, Page 146. You may contact LABORATORIOS VI\u00d1AS on: 932 070 512 or at the following e-mail address: info@dentiblanc.com<br \/>\nLABORATORIOS VI\u00d1AS has created this Website for informational purposes only and none of its contents can be regarded as a recommendation or advice of a medical nature. The regulations applicable to drugs limits the information on them that can be provided to the public; therefore, to clarify any questions or request additional information on medications or health issues, please contact your doctor.<br \/>\nLABORATORIOS VI\u00d1AS may, at any time and without notice, change the design, presentation and\/or configuration of the Website, and any or all services, and add new services. Users should be aware that the materials and links shown on this website may not contain the latest information on the services offered by LABORATORIOS VI\u00d1AS.<br \/>\nThe use of this Website implies acceptance of the provisions contained in these Terms and Conditions as published by LABORATORIOS VI\u00d1AS from the moment the user accesses the Website. LABORATORIOS VI\u00d1AS also hereby informs users of this Website that these General Terms and Conditions of Use are subject to change without notice. Consequently, users must carefully read this Legal Notice each time that they use the Website.<\/p>\n<p><strong>2.- Terms and Conditions for Accessing and Using the Website<\/strong><br \/>\nThe User agrees to make diligent use of the Website and the services accessible through the same, in full compliance with the law, decency and these Terms and Conditions, showing due respect for other users.<br \/>\nUsers waive the use of any of the materials and information contained in this Website for illegal purposes or those expressly prohibited by these Terms and Conditions, which are contrary to the rights and interests of LABORATORIOS VI\u00d1AS and\/or third parties, and accept liability for them if they contravene or breach any obligations and\/or act in any way (including introducing or spreading &#8220;computer viruses&#8221;) that could damage, disable, overburden, impair or impede the normal use of the materials and information contained on the Website, information systems or documents, files and any kind of content stored on any computer equipment belonging to LABORATORIOS VI\u00d1AS or any user of the Website.<\/p>\n<p><strong>3. &#8211; Exclusion of Warranties and Liability<\/strong><br \/>\nLABORATORIOS VI\u00d1AS is not liable for damages of any kind that may result from the lack of accuracy, completeness, timeliness, and errors or omissions affecting the information and services contained on this Website or other contents which may be accessed through it, and does not assume any obligation or commitment to verify or monitor the content and information.<br \/>\nSimilarly, LABORATORIOS VI\u00d1AS, does not guarantee the availability, continuity or infallibility of the Website and therefore, as far as is possible under current legislation, LABORATORIOS VI\u00d1AS rejects any liability for any damages of any kind that may occur because of a lack of availability or continuity of the Website and the services it offers.<br \/>\nLABORATORIOS VI\u00d1AS accepts no liability for damage to computers or other equipment that might affect users when accessing the contents of this website. Therefore, LABORATORIOS VI\u00d1AS does not guarantee the absence of viruses or other harmful elements that could damage or alter third party users&#8217; computer systems, electronic documents or files.<br \/>\nLABORATORIOS VI\u00d1AS warns users that the use of any medication and advice on any disease should be based on the advice of a healthcare professional. This Website and the materials contained herein are for informational purposes only and in no way replace the advice of a healthcare professional. Users requiring diagnosis or treatment or having specific questions about medicines should contact their doctor or chemist.<\/p>\n<p><strong>4.- Intellectual property<\/strong><br \/>\nAll exploitation rights are reserved. This Website is protected by the legislation on intellectual property.<br \/>\nAll content displayed on the Website and, in particular, articles, designs, text, graphics, photographs, logos, icons, trade names, trademarks, industrial designs or any other item capable of industrial and commercial use are subject to the intellectual property rights of LABORATORIOS VI\u00d1AS and\/or third party owners who have duly authorised their use on the Website.<br \/>\nInternet users who access the Website can view the information contained therein and download or reproduce it on their computer system, provided that the copied items are not subsequently transferred to third parties or installed on a server connected to the Internet or local area network.<br \/>\nThe distribution, modification, transformation, transfer, availability to the public, and any other activity not expressly authorised by the holder of the exploitation rights is prohibited. The unauthorised use of the materials and information contained in the Website may violate the legislation on intellectual property and other regulations.<br \/>\nWeb Users shall not, under any circumstances, remove, alter, or manipulate any protective device or security system that may be installed on the Web Site.<\/p>\n<p><strong>5.- Links<\/strong><br \/>\nLABORATORIOS VI\u00d1AS may make available to Users links or search tools to facilitate access to information, services and other content available on the Internet. The links provided on this Website may take Users to other websites managed by third parties over which LABORATORIOS VI\u00d1AS exercises no control.<br \/>\nLABORATORIOS VI\u00d1AS accepts no duty to monitor or verify the information or content of other websites accessed via the hyperlinks on the Web Site. LABORATORIOS VI\u00d1AS only assumes the duty to remove from the Website, as soon as possible, all information, content or services that do not correspond to reality, or are likely to mislead or cause harm to users.<br \/>\nUsers must not establish any link from any other website to <a href=\"http:\/\/www.vinas.es\">http:\/\/www.vinas.es<\/a> without the express written consent of LABORATORIOS VI\u00d1AS.<\/p>\n<p><strong>6.- Applicable legislation<\/strong><br \/>\nThis Legal Notice is governed in each and every one of its clauses by Spanish law.[\/vc_column_text][\/vc_column][\/vc_row][vc_row full_width=&#8221;stretch_row_content_no_spaces&#8221; foundry_padding=&#8221;pt0 pb0&#8243; css=&#8221;.vc_custom_1495811855558{background-color: #1f3b72 !important;}&#8221;][vc_column][vc_empty_space][vc_row_inner][vc_column_inner width=&#8221;1\/4&#8243;][vc_column_text]<\/p>\n<h4><span style=\"color: #ffffff;\">DENTAL HYGIENE<\/span><\/h4>\n<p>[\/vc_column_text][vc_wp_custommenu nav_menu=&#8221;52&#8243; el_id=&#8221;menu-footer-column1&#8243;][\/vc_column_inner][vc_column_inner width=&#8221;1\/4&#8243;][vc_column_text]<\/p>\n<h4><span style=\"color: #ffffff;\">SOLUTIONS<\/span><\/h4>\n<p>[\/vc_column_text][vc_wp_custommenu nav_menu=&#8221;53&#8243; el_class=&#8221;menu-footer&#8221; el_id=&#8221;menu-footer-column2&#8243;][\/vc_column_inner][vc_column_inner width=&#8221;1\/4&#8243; offset=&#8221;vc_hidden-md vc_hidden-sm vc_hidden-xs&#8221;][\/vc_column_inner][vc_column_inner width=&#8221;1\/4&#8243;][vc_column_text]<\/p>\n<h4><span style=\"color: #ffffff;\">CONTACT<\/span><\/h4>\n<p>[\/vc_column_text][vc_raw_html]JTNDaDUlMjBpZCUzRCUyMmZvb3Rlci1jb2x1bW4tNCUyMiUzRUMlMkYlMjBQcm92ZW4lQzMlQTdhJTJDJTIwMzg2LiUzQ2JyJTNFJTBBMDgwMjUlMjBCYXJjZWxvbmElM0NiciUzRSUwQSUyOCUyQjM0JTI5JTIwOTMyJTIwMDcwJTIwNTEyJTNDYnIlM0UlMEElMjglMkIzNCUyOSUyMDkzMiUyMDA3MSUyMDkzMiUzQ2JyJTNFJTBBJTNDYSUyMGhyZWYlM0QlMjJodHRwJTNBJTJGJTJGd3d3LnZpbmFzLmVzJTJGJTIyJTNFd3d3LnZpbmFzLmVzJTNDJTJGYSUzRSUzQyUyRmg1JTNF[\/vc_raw_html][vc_separator align=&#8221;align_left&#8221; el_width=&#8221;80&#8243; css=&#8221;.vc_custom_1496911945594{padding-top: 0px !important;padding-right: 0px !important;padding-bottom: 0px !important;padding-left: 0px !important;}&#8221;][vc_wp_custommenu nav_menu=&#8221;54&#8243; el_class=&#8221;menu-footer&#8221; el_id=&#8221;menu-footer-column3&#8243;][\/vc_column_inner][\/vc_row_inner][vc_empty_space][vc_row_inner content_placement=&#8221;middle&#8221;][vc_column_inner width=&#8221;1\/4&#8243;][vc_column_text el_id=&#8221;copyright&#8221;]<span style=\"color: #ffffff;\">\u00a9 2017 Created and developed by VILIF publicidad<\/span>[\/vc_column_text][\/vc_column_inner][vc_column_inner width=&#8221;1\/2&#8243;][vc_single_image image=&#8221;2786&#8243; img_size=&#8221;&#8221; alignment=&#8221;center&#8221;][\/vc_column_inner][\/vc_row_inner][\/vc_column][\/vc_row][vc_row full_width=&#8221;stretch_row_content_no_spaces&#8221; foundry_padding=&#8221;pt0 pb0&#8243; css=&#8221;.vc_custom_1495815563694{padding-top: 30px !important;background-color: #ffffff !important;}&#8221;][vc_column][vc_single_image image=&#8221;2770&#8243; img_size=&#8221;&#8221; alignment=&#8221;center&#8221; onclick=&#8221;custom_link&#8221; link=&#8221;http:\/\/www.vinas.es\/&#8221;][vc_raw_html]JTNDaDYlMjBzdHlsZSUzRCUyMnRleHQtYWxpZ24lM0FjZW50ZXIlM0IlMjIlM0UlM0NhJTIwaHJlZiUzRCUyMmh0dHAlM0ElMkYlMkZkZW50aWJsYW5jLmNvbSUyRmVuJTJGc29sdXRpb25zJTJGY29udGFjdCUyRiUyMiUzRUNPTlRBQ1QlM0MlMkZhJTNFJTIwJTdDJTIwJTNDYSUyMGhyZWYlM0QlMjJodHRwJTNBJTJGJTJGZGVudGlibGFuYy5jb20lMkZlbiUyRmxlZ2FsLW5vdGljZSUyRiUyMiUzRUxFR0FMJTIwTk9USUNFJTNDJTJGYSUzRSUyMCU3QyUyMCUzQ2ElMjBocmVmJTNEJTIyaHR0cCUzQSUyRiUyRmRlbnRpYmxhbmMuY29tJTJGZW4lMkZwcml2YWN5LXBvbGljeSUyRiUyMiUzRVBSSVZBQ1klMjBQT0xJQ1klM0MlMkZhJTNFJTIwJTdDJTIwJTNDYSUyMGhyZWYlM0QlMjJodHRwJTNBJTJGJTJGZGVudGlibGFuYy5jb20lMkZlbiUyRmNvb2tpZXMtcG9saWN5JTJGJTIyJTNFQ09PS0lFUyUyMFBPTElDWSUzQyUyRmElM0UlM0MlMkZoNiUzRQ==[\/vc_raw_html][\/vc_column][\/vc_row]<\/p>\n","protected":false},"excerpt":{"rendered":"<p>[vc_row][vc_column][vc_column_text]1 .- General Information This website (hereinafter the Website) is owned by LABORATORIOS VI\u00d1AS, S.A. (hereinafter, LABORATORIOS VI\u00d1AS), with its registered&#8230;<\/p>\n","protected":false},"author":1,"featured_media":0,"parent":0,"menu_order":0,"comment_status":"closed","ping_status":"closed","template":"","meta":[],"yoast_head":"<!-- This site is optimized with the Yoast SEO plugin v20.10 - https:\/\/yoast.com\/wordpress\/plugins\/seo\/ -->\n<title>Legal notice - Dentiblanc<\/title>\n<meta name=\"robots\" content=\"index, follow, max-snippet:-1, max-image-preview:large, max-video-preview:-1\" \/>\n<link rel=\"canonical\" href=\"https:\/\/dentiblanc.com\/en\/legal-notice\/\" \/>\n<meta property=\"og:locale\" content=\"en_US\" \/>\n<meta property=\"og:type\" content=\"article\" \/>\n<meta property=\"og:title\" content=\"Legal notice - Dentiblanc\" \/>\n<meta property=\"og:description\" content=\"[vc_row][vc_column][vc_column_text]1 .- General Information This website (hereinafter the Website) is owned by LABORATORIOS VI\u00d1AS, S.A. (hereinafter, LABORATORIOS VI\u00d1AS), with its registered...\" \/>\n<meta property=\"og:url\" content=\"https:\/\/dentiblanc.com\/en\/legal-notice\/\" \/>\n<meta property=\"og:site_name\" content=\"Dentiblanc\" \/>\n<meta property=\"article:modified_time\" content=\"2017-06-14T09:30:44+00:00\" \/>\n<meta name=\"twitter:card\" content=\"summary_large_image\" \/>\n<meta name=\"twitter:label1\" content=\"Est. reading time\" \/>\n\t<meta name=\"twitter:data1\" content=\"7 minutes\" \/>\n<script type=\"application\/ld+json\" class=\"yoast-schema-graph\">{\"@context\":\"https:\/\/schema.org\",\"@graph\":[{\"@type\":\"WebPage\",\"@id\":\"https:\/\/dentiblanc.com\/en\/legal-notice\/\",\"url\":\"https:\/\/dentiblanc.com\/en\/legal-notice\/\",\"name\":\"Legal notice - Dentiblanc\",\"isPartOf\":{\"@id\":\"https:\/\/dentiblanc.com\/en\/#website\"},\"datePublished\":\"2017-06-12T08:08:47+00:00\",\"dateModified\":\"2017-06-14T09:30:44+00:00\",\"breadcrumb\":{\"@id\":\"https:\/\/dentiblanc.com\/en\/legal-notice\/#breadcrumb\"},\"inLanguage\":\"en-US\",\"potentialAction\":[{\"@type\":\"ReadAction\",\"target\":[\"https:\/\/dentiblanc.com\/en\/legal-notice\/\"]}]},{\"@type\":\"BreadcrumbList\",\"@id\":\"https:\/\/dentiblanc.com\/en\/legal-notice\/#breadcrumb\",\"itemListElement\":[{\"@type\":\"ListItem\",\"position\":1,\"name\":\"Home\",\"item\":\"https:\/\/dentiblanc.com\/en\/home\/\"},{\"@type\":\"ListItem\",\"position\":2,\"name\":\"Legal notice\"}]},{\"@type\":\"WebSite\",\"@id\":\"https:\/\/dentiblanc.com\/en\/#website\",\"url\":\"https:\/\/dentiblanc.com\/en\/\",\"name\":\"Dentiblanc\",\"description\":\"Dentiblanc\",\"potentialAction\":[{\"@type\":\"SearchAction\",\"target\":{\"@type\":\"EntryPoint\",\"urlTemplate\":\"https:\/\/dentiblanc.com\/en\/?s={search_term_string}\"},\"query-input\":\"required name=search_term_string\"}],\"inLanguage\":\"en-US\"}]}<\/script>\n<!-- \/ Yoast SEO plugin. -->","yoast_head_json":{"title":"Legal notice - Dentiblanc","robots":{"index":"index","follow":"follow","max-snippet":"max-snippet:-1","max-image-preview":"max-image-preview:large","max-video-preview":"max-video-preview:-1"},"canonical":"https:\/\/dentiblanc.com\/en\/legal-notice\/","og_locale":"en_US","og_type":"article","og_title":"Legal notice - Dentiblanc","og_description":"[vc_row][vc_column][vc_column_text]1 .- General Information This website (hereinafter the Website) is owned by LABORATORIOS VI\u00d1AS, S.A. (hereinafter, LABORATORIOS VI\u00d1AS), with its registered...","og_url":"https:\/\/dentiblanc.com\/en\/legal-notice\/","og_site_name":"Dentiblanc","article_modified_time":"2017-06-14T09:30:44+00:00","twitter_card":"summary_large_image","twitter_misc":{"Est. reading time":"7 minutes"},"schema":{"@context":"https:\/\/schema.org","@graph":[{"@type":"WebPage","@id":"https:\/\/dentiblanc.com\/en\/legal-notice\/","url":"https:\/\/dentiblanc.com\/en\/legal-notice\/","name":"Legal notice - Dentiblanc","isPartOf":{"@id":"https:\/\/dentiblanc.com\/en\/#website"},"datePublished":"2017-06-12T08:08:47+00:00","dateModified":"2017-06-14T09:30:44+00:00","breadcrumb":{"@id":"https:\/\/dentiblanc.com\/en\/legal-notice\/#breadcrumb"},"inLanguage":"en-US","potentialAction":[{"@type":"ReadAction","target":["https:\/\/dentiblanc.com\/en\/legal-notice\/"]}]},{"@type":"BreadcrumbList","@id":"https:\/\/dentiblanc.com\/en\/legal-notice\/#breadcrumb","itemListElement":[{"@type":"ListItem","position":1,"name":"Home","item":"https:\/\/dentiblanc.com\/en\/home\/"},{"@type":"ListItem","position":2,"name":"Legal notice"}]},{"@type":"WebSite","@id":"https:\/\/dentiblanc.com\/en\/#website","url":"https:\/\/dentiblanc.com\/en\/","name":"Dentiblanc","description":"Dentiblanc","potentialAction":[{"@type":"SearchAction","target":{"@type":"EntryPoint","urlTemplate":"https:\/\/dentiblanc.com\/en\/?s={search_term_string}"},"query-input":"required name=search_term_string"}],"inLanguage":"en-US"}]}},"_links":{"self":[{"href":"https:\/\/dentiblanc.com\/en\/wp-json\/wp\/v2\/pages\/3275"}],"collection":[{"href":"https:\/\/dentiblanc.com\/en\/wp-json\/wp\/v2\/pages"}],"about":[{"href":"https:\/\/dentiblanc.com\/en\/wp-json\/wp\/v2\/types\/page"}],"author":[{"embeddable":true,"href":"https:\/\/dentiblanc.com\/en\/wp-json\/wp\/v2\/users\/1"}],"replies":[{"embeddable":true,"href":"https:\/\/dentiblanc.com\/en\/wp-json\/wp\/v2\/comments?post=3275"}],"version-history":[{"count":5,"href":"https:\/\/dentiblanc.com\/en\/wp-json\/wp\/v2\/pages\/3275\/revisions"}],"predecessor-version":[{"id":3374,"href":"https:\/\/dentiblanc.com\/en\/wp-json\/wp\/v2\/pages\/3275\/revisions\/3374"}],"wp:attachment":[{"href":"https:\/\/dentiblanc.com\/en\/wp-json\/wp\/v2\/media?parent=3275"}],"curies":[{"name":"wp","href":"https:\/\/api.w.org\/{rel}","templated":true}]}}