{"id":3424,"date":"2017-06-16T11:26:39","date_gmt":"2017-06-16T09:26:39","guid":{"rendered":"https:\/\/dentiblanc.com\/?page_id=3424\/"},"modified":"2023-06-28T10:56:28","modified_gmt":"2023-06-28T08:56:28","slug":"blancheur-intensif","status":"publish","type":"page","link":"https:\/\/dentiblanc.com\/fr\/solutions\/blancheur-intensif\/","title":{"rendered":"Blancheur INTENSIF"},"content":{"rendered":"<p>[vc_row][vc_column width=\u00a0\u00bb1\/2&Prime;][vc_single_image image=\u00a0\u00bb3727&Prime; img_size=\u00a0\u00bbfull\u00a0\u00bb onclick=\u00a0\u00bblink_image\u00a0\u00bb css=\u00a0\u00bb.vc_custom_1687942587177{margin-bottom: 0px !important;margin-left: 0px !important;border-bottom-width: 0px !important;border-left-width: 0px !important;padding-bottom: 0px !important;padding-left: 0px !important;}\u00a0\u00bb][vc_column_text]<em>Dentiblanc Blancheur intensif Tube de 100 ml C.N. 221374.6 Tube de 25 ml C.N. 325951.4 Tube de 15 ml C.N. 177726.3 Contient du fluorure de sodium<\/em>[\/vc_column_text][\/vc_column][vc_column width=\u00a0\u00bb1\/2&Prime;][vc_empty_space height=\u00a0\u00bb60px\u00a0\u00bb][vc_column_text]<\/p>\n<h3>Blancheur INTENSIF<\/h3>\n<p>[\/vc_column_text]<ul class=\"accordion accordion-2 one-open\">\n\t\t<li>\n\t\t    <div class=\"title\">\n\t\t        <span>Qu'est-ce que c'est ?<\/span>\n\t\t    <\/div>\n\t\t    <div class=\"content\">\n\t\t        <p><span style=\"color: #000000;\">DENTIBLANC Blancheur INTENSIF est un dentifrice pour l&rsquo;hygi\u00e8ne et le soin bucco-dentaire \u00e0 l&rsquo;action blanchissante puissante. Un produit naturel sp\u00e9cifiquement con\u00e7u et d\u00e9velopp\u00e9 pour donner un aspect sain et attrayant lorsqu&rsquo;on l&rsquo;utilise pour se laver les dents. Ce n&rsquo;est pas un blanchissant temporaire, mais un produit d&rsquo;hygi\u00e8ne quotidienne et continue.<br \/>\n<\/span><\/p>\n\n\t\t    <\/div>\n\t\t<\/li>\n\t\n\t\t<li>\n\t\t    <div class=\"title\">\n\t\t        <span>Est-ce que c'est quelque chose pour vous ?<\/span>\n\t\t    <\/div>\n\t\t    <div class=\"content\">\n\t\t        <p><span style=\"color: #000000;\"><strong>C&rsquo;est quelque chose pour vous, si&#8230;<\/strong><\/span><\/p>\n<ul>\n<li><span style=\"color: #000000;\">Si vous avez une bonne sant\u00e9 dentaire.<\/span><\/li>\n<li><span style=\"color: #000000;\">Vous cherchez \u00e0 garder une bouche saine en \u00e9vitant la plaque dentaire bact\u00e9rienne, le tartre et les caries..<\/span><\/li>\n<li><span style=\"color: #000000;\"> Vous voulez r\u00e9cup\u00e9rer ou maintenir la blancheur naturelle de vos dents.<\/span><\/li>\n<\/ul>\n<p>\n\n\t\t    <\/div>\n\t\t<\/li>\n\t\n\t\t<li>\n\t\t    <div class=\"title\">\n\t\t        <span>Comment agit-il ?<\/span>\n\t\t    <\/div>\n\t\t    <div class=\"content\">\n\t\t        <p><span style=\"color: #000000;\">DENTIBLANC Blancheur INTENSIF agit de mani\u00e8re efficace et s\u00fbre gr\u00e2ce \u00e0 sa composition compl\u00e8te au pH neutre et totalement exempt d&rsquo;acides forts ou de peroxydes. Vous obtiendrez un nettoyage profond gr\u00e2ce \u00e0 l&rsquo;action globale des ingr\u00e9dients de la formule significativement renforc\u00e9e par la papa\u00efne, une enzyme obtenue du fruit du papayer et qui \u00e9limine les restes de prot\u00e9ines qui adh\u00e8rent aux endroits que votre brosse \u00e0 dents ne peut pas atteindre. Les particules arrondies de silice pr\u00e9cipit\u00e9e blanchissent et polissent vos dents sans les endommager gr\u00e2ce \u00e0 leur faible abrasivit\u00e9. Gr\u00e2ce \u00e0 sa teneur en fluor, DENTIBLANC Blancheur INTENSIF renforce votre \u00e9mail et \u00e9limine la plaque dentaire bact\u00e9rienne et le tartre. La pr\u00e9sence de dioxyde de titane, un agent blanchissant optique exceptionnel, accentue la blancheur obtenue sur l&rsquo;\u00e9mail par l&rsquo;action synergique du reste des composants du produit.<br \/>\n<\/span><\/p>\n\n\t\t    <\/div>\n\t\t<\/li>\n\t\n\t\t<li>\n\t\t    <div class=\"title\">\n\t\t        <span>Comment pouvez-vous l'utiliser ?<\/span>\n\t\t    <\/div>\n\t\t    <div class=\"content\">\n\t\t        <p><span style=\"color: #000000;\">L&rsquo;utilisation quotidienne de DENTIBLANC Blancheur INTENSIF garantit d&rsquo;excellents r\u00e9sultats au niveau du nettoyage, de la brillance et de la blancheur. Lavez-vous les dents trois fois par jour, de pr\u00e9f\u00e9rence apr\u00e8s les repas et surtout avant d&rsquo;aller dormir.<br \/>\n<\/span><\/p>\n\n\t\t    <\/div>\n\t\t<\/li>\n\t<\/ul>[\/vc_column][\/vc_row][vc_row full_width=\u00a0\u00bbstretch_row_content_no_spaces\u00a0\u00bb foundry_padding=\u00a0\u00bbpt0 pb0&Prime; css=\u00a0\u00bb.vc_custom_1495811855558{background-color: #1f3b72 !important;}\u00a0\u00bb][vc_column][vc_empty_space][vc_row_inner][vc_column_inner width=\u00a0\u00bb1\/4&Prime;][vc_column_text]<\/p>\n<h4><span style=\"color: #ffffff;\">HIGIENE DENTAL<\/span><\/h4>\n<p>[\/vc_column_text][vc_wp_custommenu nav_menu=\u00a0\u00bb46&Prime; el_id=\u00a0\u00bbmenu-footer-column1&Prime;][\/vc_column_inner][vc_column_inner width=\u00a0\u00bb1\/4&Prime;][vc_column_text]<\/p>\n<h4><span style=\"color: #ffffff;\">SOLUCIONES<\/span><\/h4>\n<p>[\/vc_column_text][vc_wp_custommenu nav_menu=\u00a0\u00bb47&Prime; el_class=\u00a0\u00bbmenu-footer\u00a0\u00bb el_id=\u00a0\u00bbmenu-footer-column2&Prime;][\/vc_column_inner][vc_column_inner width=\u00a0\u00bb1\/4&Prime; offset=\u00a0\u00bbvc_hidden-md vc_hidden-sm vc_hidden-xs\u00a0\u00bb][\/vc_column_inner][vc_column_inner width=\u00a0\u00bb1\/4&Prime;][vc_column_text]<\/p>\n<h4><span style=\"color: #ffffff;\">CONTACTO<\/span><\/h4>\n<p>[\/vc_column_text][vc_raw_html]JTNDaDUlMjBpZCUzRCUyMmZvb3Rlci1jb2x1bW4tNCUyMiUzRUMlMkYlMjBQcm92ZW4lQzMlQTdhJTJDJTIwMzg2LiUzQ2JyJTNFJTBBMDgwMjUlMjBCYXJjZWxvbmElM0NiciUzRSUwQSUyOCUyQjM0JTI5JTIwOTMyJTIwMDcwJTIwNTEyJTNDYnIlM0UlMEElMjglMkIzNCUyOSUyMDkzMiUyMDA3MSUyMDkzMiUzQ2JyJTNFJTBBJTNDYSUyMGhyZWYlM0QlMjJodHRwJTNBJTJGJTJGd3d3LnZpbmFzLmVzJTJGJTIyJTNFd3d3LnZpbmFzLmVzJTNDJTJGYSUzRSUzQyUyRmg1JTNF[\/vc_raw_html][vc_separator align=\u00a0\u00bbalign_left\u00a0\u00bb el_width=\u00a0\u00bb80&Prime; css=\u00a0\u00bb.vc_custom_1496911945594{padding-top: 0px !important;padding-right: 0px !important;padding-bottom: 0px !important;padding-left: 0px !important;}\u00a0\u00bb][vc_wp_custommenu nav_menu=\u00a0\u00bb48&Prime; el_class=\u00a0\u00bbmenu-footer\u00a0\u00bb el_id=\u00a0\u00bbmenu-footer-column3&Prime;][\/vc_column_inner][\/vc_row_inner][vc_empty_space][vc_row_inner content_placement=\u00a0\u00bbmiddle\u00a0\u00bb][vc_column_inner width=\u00a0\u00bb1\/4&Prime;][vc_column_text el_id=\u00a0\u00bbcopyright\u00a0\u00bb]<span style=\"color: #ffffff;\">\u00a9 2017 Cr\u00e9\u00e9 et d\u00e9velopp\u00e9 par VILIF publicidad<\/span>[\/vc_column_text][\/vc_column_inner][vc_column_inner width=\u00a0\u00bb1\/2&Prime;][vc_single_image image=\u00a0\u00bb2786&Prime; img_size=\u00a0\u00bb\u00a0\u00bb alignment=\u00a0\u00bbcenter\u00a0\u00bb][\/vc_column_inner][\/vc_row_inner][\/vc_column][\/vc_row][vc_row full_width=\u00a0\u00bbstretch_row_content_no_spaces\u00a0\u00bb foundry_padding=\u00a0\u00bbpt0 pb0&Prime; css=\u00a0\u00bb.vc_custom_1495815563694{padding-top: 30px !important;background-color: #ffffff !important;}\u00a0\u00bb][vc_column][vc_single_image image=\u00a0\u00bb2770&Prime; img_size=\u00a0\u00bb\u00a0\u00bb alignment=\u00a0\u00bbcenter\u00a0\u00bb onclick=\u00a0\u00bbcustom_link\u00a0\u00bb link=\u00a0\u00bbhttp:\/\/www.vinas.es\/\u00a0\u00bb][vc_raw_html]JTNDaDYlMjBzdHlsZSUzRCUyMnRleHQtYWxpZ24lM0FjZW50ZXIlM0IlMjIlM0UlM0NhJTIwaHJlZiUzRCUyMmh0dHAlM0ElMkYlMkZkZW50aWJsYW5jLmNvbSUyRmZyJTJGc29sdWNpb25lcyUyRmNvbnRhY3QlMkYlMjIlM0VDT05UQUNUJTNDJTJGYSUzRSUyMCU3QyUyMCUzQ2ElMjBocmVmJTNEJTIyaHR0cCUzQSUyRiUyRmRlbnRpYmxhbmMuY29tJTJGZnIlMkZub3RpY2UtbGVnYWxlJTJGJTIyJTNFTk9USUNFJTIwTCVDMyU4OUdBTEUlM0MlMkZhJTNFJTIwJTdDJTIwJTNDYSUyMGhyZWYlM0QlMjJodHRwJTNBJTJGJTJGZGVudGlibGFuYy5jb20lMkZmciUyRnBvbGl0aXF1ZS1kZS1wcm90ZWN0aW9uLWRlcy1kb25uZWVzLWEtY2FyYWN0ZXJlLXBlcnNvbm5lbCUyRiUyRiUyMiUzRVBST1RFQ1RJT04lMjBERVMlMjBET05OJUMzJTg5RVMlM0MlMkZhJTNFJTIwJTdDJTIwJTNDYSUyMGhyZWYlM0QlMjJodHRwJTNBJTJGJTJGZGVudGlibGFuYy5jb20lMkZmciUyRnBvbGl0aXF1ZS1lbi1tYXRpZXJlLWRlLWNvb2tpZXMlMkYlMjIlM0VQT0xJVElRVUUlMjBFTiUyME1BVEklQzMlODhSRSUyMERFJTIwQ09PS0lFUyUzQyUyRmElM0UlM0MlMkZoNiUzRQ==[\/vc_raw_html][\/vc_column][\/vc_row]<\/p>\n","protected":false},"excerpt":{"rendered":"<p>[vc_row][vc_column width=\u00a0\u00bb1\/2&Prime;][vc_single_image image=\u00a0\u00bb3727&Prime; img_size=\u00a0\u00bbfull\u00a0\u00bb onclick=\u00a0\u00bblink_image\u00a0\u00bb css=\u00a0\u00bb.vc_custom_1687942587177{margin-bottom: 0px !important;margin-left: 0px !important;border-bottom-width: 0px !important;border-left-width: 0px !important;padding-bottom: 0px !important;padding-left: 0px !important;}\u00a0\u00bb][vc_column_text]Dentiblanc Blancheur intensif Tube&#8230;<\/p>\n","protected":false},"author":1,"featured_media":0,"parent":3436,"menu_order":0,"comment_status":"closed","ping_status":"closed","template":"","meta":[],"yoast_head":"<!-- This site is optimized with the Yoast SEO plugin v20.10 - https:\/\/yoast.com\/wordpress\/plugins\/seo\/ -->\n<title>Blancheur INTENSIF - Dentiblanc<\/title>\n<meta name=\"robots\" content=\"index, follow, max-snippet:-1, max-image-preview:large, max-video-preview:-1\" \/>\n<link rel=\"canonical\" href=\"https:\/\/dentiblanc.com\/fr\/solutions\/blancheur-intensif\/\" \/>\n<meta property=\"og:locale\" content=\"fr_FR\" \/>\n<meta property=\"og:type\" content=\"article\" \/>\n<meta property=\"og:title\" content=\"Blancheur INTENSIF - Dentiblanc\" \/>\n<meta property=\"og:description\" content=\"[vc_row][vc_column width=\u00a0\u00bb1\/2&Prime;][vc_single_image image=\u00a0\u00bb3727&Prime; img_size=\u00a0\u00bbfull\u00a0\u00bb onclick=\u00a0\u00bblink_image\u00a0\u00bb css=\u00a0\u00bb.vc_custom_1687942587177{margin-bottom: 0px !important;margin-left: 0px !important;border-bottom-width: 0px !important;border-left-width: 0px !important;padding-bottom: 0px !important;padding-left: 0px !important;}\u00a0\u00bb][vc_column_text]Dentiblanc Blancheur intensif Tube...\" \/>\n<meta property=\"og:url\" content=\"https:\/\/dentiblanc.com\/fr\/solutions\/blancheur-intensif\/\" \/>\n<meta property=\"og:site_name\" content=\"Dentiblanc\" \/>\n<meta property=\"article:modified_time\" content=\"2023-06-28T08:56:28+00:00\" \/>\n<meta name=\"twitter:card\" content=\"summary_large_image\" \/>\n<meta name=\"twitter:label1\" content=\"Dur\u00e9e de lecture estim\u00e9e\" \/>\n\t<meta name=\"twitter:data1\" content=\"4 minutes\" \/>\n<script type=\"application\/ld+json\" class=\"yoast-schema-graph\">{\"@context\":\"https:\/\/schema.org\",\"@graph\":[{\"@type\":\"WebPage\",\"@id\":\"https:\/\/dentiblanc.com\/fr\/solutions\/blancheur-intensif\/\",\"url\":\"https:\/\/dentiblanc.com\/fr\/solutions\/blancheur-intensif\/\",\"name\":\"Blancheur INTENSIF - Dentiblanc\",\"isPartOf\":{\"@id\":\"https:\/\/dentiblanc.com\/fr\/#website\"},\"datePublished\":\"2017-06-16T09:26:39+00:00\",\"dateModified\":\"2023-06-28T08:56:28+00:00\",\"breadcrumb\":{\"@id\":\"https:\/\/dentiblanc.com\/fr\/solutions\/blancheur-intensif\/#breadcrumb\"},\"inLanguage\":\"fr-FR\",\"potentialAction\":[{\"@type\":\"ReadAction\",\"target\":[\"https:\/\/dentiblanc.com\/fr\/solutions\/blancheur-intensif\/\"]}]},{\"@type\":\"BreadcrumbList\",\"@id\":\"https:\/\/dentiblanc.com\/fr\/solutions\/blancheur-intensif\/#breadcrumb\",\"itemListElement\":[{\"@type\":\"ListItem\",\"position\":1,\"name\":\"Home\",\"item\":\"https:\/\/dentiblanc.com\/fr\/initiation\/\"},{\"@type\":\"ListItem\",\"position\":2,\"name\":\"Solutions\",\"item\":\"https:\/\/dentiblanc.com\/fr\/solutions\/\"},{\"@type\":\"ListItem\",\"position\":3,\"name\":\"Blancheur INTENSIF\"}]},{\"@type\":\"WebSite\",\"@id\":\"https:\/\/dentiblanc.com\/fr\/#website\",\"url\":\"https:\/\/dentiblanc.com\/fr\/\",\"name\":\"Dentiblanc\",\"description\":\"Dentiblanc\",\"potentialAction\":[{\"@type\":\"SearchAction\",\"target\":{\"@type\":\"EntryPoint\",\"urlTemplate\":\"https:\/\/dentiblanc.com\/fr\/?s={search_term_string}\"},\"query-input\":\"required name=search_term_string\"}],\"inLanguage\":\"fr-FR\"}]}<\/script>\n<!-- \/ Yoast SEO plugin. -->","yoast_head_json":{"title":"Blancheur INTENSIF - Dentiblanc","robots":{"index":"index","follow":"follow","max-snippet":"max-snippet:-1","max-image-preview":"max-image-preview:large","max-video-preview":"max-video-preview:-1"},"canonical":"https:\/\/dentiblanc.com\/fr\/solutions\/blancheur-intensif\/","og_locale":"fr_FR","og_type":"article","og_title":"Blancheur INTENSIF - Dentiblanc","og_description":"[vc_row][vc_column width=\u00a0\u00bb1\/2&Prime;][vc_single_image image=\u00a0\u00bb3727&Prime; img_size=\u00a0\u00bbfull\u00a0\u00bb onclick=\u00a0\u00bblink_image\u00a0\u00bb css=\u00a0\u00bb.vc_custom_1687942587177{margin-bottom: 0px !important;margin-left: 0px !important;border-bottom-width: 0px !important;border-left-width: 0px !important;padding-bottom: 0px !important;padding-left: 0px !important;}\u00a0\u00bb][vc_column_text]Dentiblanc Blancheur intensif Tube...","og_url":"https:\/\/dentiblanc.com\/fr\/solutions\/blancheur-intensif\/","og_site_name":"Dentiblanc","article_modified_time":"2023-06-28T08:56:28+00:00","twitter_card":"summary_large_image","twitter_misc":{"Dur\u00e9e de lecture estim\u00e9e":"4 minutes"},"schema":{"@context":"https:\/\/schema.org","@graph":[{"@type":"WebPage","@id":"https:\/\/dentiblanc.com\/fr\/solutions\/blancheur-intensif\/","url":"https:\/\/dentiblanc.com\/fr\/solutions\/blancheur-intensif\/","name":"Blancheur INTENSIF - Dentiblanc","isPartOf":{"@id":"https:\/\/dentiblanc.com\/fr\/#website"},"datePublished":"2017-06-16T09:26:39+00:00","dateModified":"2023-06-28T08:56:28+00:00","breadcrumb":{"@id":"https:\/\/dentiblanc.com\/fr\/solutions\/blancheur-intensif\/#breadcrumb"},"inLanguage":"fr-FR","potentialAction":[{"@type":"ReadAction","target":["https:\/\/dentiblanc.com\/fr\/solutions\/blancheur-intensif\/"]}]},{"@type":"BreadcrumbList","@id":"https:\/\/dentiblanc.com\/fr\/solutions\/blancheur-intensif\/#breadcrumb","itemListElement":[{"@type":"ListItem","position":1,"name":"Home","item":"https:\/\/dentiblanc.com\/fr\/initiation\/"},{"@type":"ListItem","position":2,"name":"Solutions","item":"https:\/\/dentiblanc.com\/fr\/solutions\/"},{"@type":"ListItem","position":3,"name":"Blancheur INTENSIF"}]},{"@type":"WebSite","@id":"https:\/\/dentiblanc.com\/fr\/#website","url":"https:\/\/dentiblanc.com\/fr\/","name":"Dentiblanc","description":"Dentiblanc","potentialAction":[{"@type":"SearchAction","target":{"@type":"EntryPoint","urlTemplate":"https:\/\/dentiblanc.com\/fr\/?s={search_term_string}"},"query-input":"required name=search_term_string"}],"inLanguage":"fr-FR"}]}},"_links":{"self":[{"href":"https:\/\/dentiblanc.com\/fr\/wp-json\/wp\/v2\/pages\/3424"}],"collection":[{"href":"https:\/\/dentiblanc.com\/fr\/wp-json\/wp\/v2\/pages"}],"about":[{"href":"https:\/\/dentiblanc.com\/fr\/wp-json\/wp\/v2\/types\/page"}],"author":[{"embeddable":true,"href":"https:\/\/dentiblanc.com\/fr\/wp-json\/wp\/v2\/users\/1"}],"replies":[{"embeddable":true,"href":"https:\/\/dentiblanc.com\/fr\/wp-json\/wp\/v2\/comments?post=3424"}],"version-history":[{"count":3,"href":"https:\/\/dentiblanc.com\/fr\/wp-json\/wp\/v2\/pages\/3424\/revisions"}],"predecessor-version":[{"id":3729,"href":"https:\/\/dentiblanc.com\/fr\/wp-json\/wp\/v2\/pages\/3424\/revisions\/3729"}],"up":[{"embeddable":true,"href":"https:\/\/dentiblanc.com\/fr\/wp-json\/wp\/v2\/pages\/3436"}],"wp:attachment":[{"href":"https:\/\/dentiblanc.com\/fr\/wp-json\/wp\/v2\/media?parent=3424"}],"curies":[{"name":"wp","href":"https:\/\/api.w.org\/{rel}","templated":true}]}}