{"id":3433,"date":"2017-06-16T11:52:50","date_gmt":"2017-06-16T09:52:50","guid":{"rendered":"https:\/\/dentiblanc.com\/?page_id=3433\/"},"modified":"2017-06-22T11:39:04","modified_gmt":"2017-06-22T09:39:04","slug":"agents-blanchissants","status":"publish","type":"page","link":"https:\/\/dentiblanc.com\/fr\/agents-blanchissants\/","title":{"rendered":"Agents Blanchissants"},"content":{"rendered":"<p>[vc_row css=\u00a0\u00bb.vc_custom_1496149667860{margin-bottom: 0px !important;border-bottom-width: 0px !important;padding-bottom: 0px !important;}\u00a0\u00bb][vc_column width=\u00a0\u00bb1\/2&Prime;][vc_column_text]<\/p>\n<h3 class=\"mb40 mb-xs-32\">Le pr\u00e9cipit\u00e9 de silice<\/h3>\n<p class=\"lead mb0\">Petites particules arrondies. Nettoient et blanchissent l&rsquo;\u00e9mail sans l&rsquo;endommager. Lissent les imperfections de l&rsquo;\u00e9mail en permettant que la lumi\u00e8re s&rsquo;y refl\u00e8te. Le r\u00e9sultat : des dents plus blanches et brillantes \u00e0 vue d&rsquo;\u0153il.<\/p>\n<p>[\/vc_column_text][\/vc_column][vc_column width=\u00a0\u00bb1\/2&Prime;][vc_column_text]<\/p>\n<h3 class=\"mb40 mb-xs-32\">Le dioxyde de titane<\/h3>\n<p class=\"lead mb0\">Agent blanchissant optique efficace.<\/p>\n<p>[\/vc_column_text][\/vc_column][\/vc_row][vc_row css=\u00a0\u00bb.vc_custom_1496149690427{margin-top: 0px !important;border-top-width: 0px !important;padding-top: 0px !important;}\u00a0\u00bb][vc_column width=\u00a0\u00bb1\/2&Prime;][vc_column_text]<\/p>\n<h3 class=\"mb40 mb-xs-32\">L&rsquo;hydroxyapatite<\/h3>\n<p class=\"lead mb0\">Composant naturel de la dentine. Remplit les surfaces irr\u00e9guli\u00e8res de l&rsquo;\u00e9mail dentaire en fournissant une surface plus lisse et uniforme en rendant aux dents leur brillance et leur blancheur naturelle.<\/p>\n<p class=\"lead mb0\">Cet agent blanchissant est utilis\u00e9 dans DENTIBLANC Blancheur PRO.<\/p>\n<p>[\/vc_column_text][\/vc_column][vc_column width=\u00a0\u00bb1\/2&Prime;][vc_column_text]<\/p>\n<h3 class=\"mb40 mb-xs-32\">La papa\u00efne<\/h3>\n<p class=\"lead mb0\">Agent blanchissant enzymatique obtenu de la papaye. \u00c9limine les restes de prot\u00e9ines qui forment les taches \u00e0 la surface de l&rsquo;\u00e9mail.<\/p>\n<p class=\"lead mb0\">Cet agent blanchissant est utilis\u00e9 dans DENTIBLANC Blancheur PRO intensif et DENTIBLANC Blancheur extra-frais.<\/p>\n<p>[\/vc_column_text][\/vc_column][\/vc_row][vc_row full_width=\u00a0\u00bbstretch_row_content_no_spaces\u00a0\u00bb foundry_padding=\u00a0\u00bbpt0 pb0&Prime; css=\u00a0\u00bb.vc_custom_1495811855558{background-color: #1f3b72 !important;}\u00a0\u00bb][vc_column][vc_empty_space][vc_row_inner][vc_column_inner width=\u00a0\u00bb1\/4&Prime;][vc_column_text]<\/p>\n<h4><span style=\"color: #ffffff;\">HIGIENE DENTAL<\/span><\/h4>\n<p>[\/vc_column_text][vc_wp_custommenu nav_menu=\u00a0\u00bb46&Prime; el_id=\u00a0\u00bbmenu-footer-column1&Prime;][\/vc_column_inner][vc_column_inner width=\u00a0\u00bb1\/4&Prime;][vc_column_text]<\/p>\n<h4><span style=\"color: #ffffff;\">SOLUCIONES<\/span><\/h4>\n<p>[\/vc_column_text][vc_wp_custommenu nav_menu=\u00a0\u00bb47&Prime; el_class=\u00a0\u00bbmenu-footer\u00a0\u00bb el_id=\u00a0\u00bbmenu-footer-column2&Prime;][\/vc_column_inner][vc_column_inner width=\u00a0\u00bb1\/4&Prime; offset=\u00a0\u00bbvc_hidden-md vc_hidden-sm vc_hidden-xs\u00a0\u00bb][\/vc_column_inner][vc_column_inner width=\u00a0\u00bb1\/4&Prime;][vc_column_text]<\/p>\n<h4><span style=\"color: #ffffff;\">CONTACTO<\/span><\/h4>\n<p>[\/vc_column_text][vc_raw_html]JTNDaDUlMjBpZCUzRCUyMmZvb3Rlci1jb2x1bW4tNCUyMiUzRUMlMkYlMjBQcm92ZW4lQzMlQTdhJTJDJTIwMzg2LiUzQ2JyJTNFJTBBMDgwMjUlMjBCYXJjZWxvbmElM0NiciUzRSUwQSUyOCUyQjM0JTI5JTIwOTMyJTIwMDcwJTIwNTEyJTNDYnIlM0UlMEElMjglMkIzNCUyOSUyMDkzMiUyMDA3MSUyMDkzMiUzQ2JyJTNFJTBBJTNDYSUyMGhyZWYlM0QlMjJodHRwJTNBJTJGJTJGd3d3LnZpbmFzLmVzJTJGJTIyJTNFd3d3LnZpbmFzLmVzJTNDJTJGYSUzRSUzQyUyRmg1JTNF[\/vc_raw_html][vc_separator align=\u00a0\u00bbalign_left\u00a0\u00bb el_width=\u00a0\u00bb80&Prime; css=\u00a0\u00bb.vc_custom_1496911945594{padding-top: 0px !important;padding-right: 0px !important;padding-bottom: 0px !important;padding-left: 0px !important;}\u00a0\u00bb][vc_wp_custommenu nav_menu=\u00a0\u00bb48&Prime; el_class=\u00a0\u00bbmenu-footer\u00a0\u00bb el_id=\u00a0\u00bbmenu-footer-column3&Prime;][\/vc_column_inner][\/vc_row_inner][vc_empty_space][vc_row_inner content_placement=\u00a0\u00bbmiddle\u00a0\u00bb][vc_column_inner width=\u00a0\u00bb1\/4&Prime;][vc_column_text el_id=\u00a0\u00bbcopyright\u00a0\u00bb]<span style=\"color: #ffffff;\">\u00a9 2017 Cr\u00e9\u00e9 et d\u00e9velopp\u00e9 par VILIF publicidad<\/span>[\/vc_column_text][\/vc_column_inner][vc_column_inner width=\u00a0\u00bb1\/2&Prime;][vc_single_image image=\u00a0\u00bb2786&Prime; img_size=\u00a0\u00bb\u00a0\u00bb alignment=\u00a0\u00bbcenter\u00a0\u00bb][\/vc_column_inner][\/vc_row_inner][\/vc_column][\/vc_row][vc_row full_width=\u00a0\u00bbstretch_row_content_no_spaces\u00a0\u00bb foundry_padding=\u00a0\u00bbpt0 pb0&Prime; css=\u00a0\u00bb.vc_custom_1495815563694{padding-top: 30px !important;background-color: #ffffff !important;}\u00a0\u00bb][vc_column][vc_single_image image=\u00a0\u00bb2770&Prime; img_size=\u00a0\u00bb\u00a0\u00bb alignment=\u00a0\u00bbcenter\u00a0\u00bb onclick=\u00a0\u00bbcustom_link\u00a0\u00bb link=\u00a0\u00bbhttp:\/\/www.vinas.es\/\u00a0\u00bb][vc_raw_html]JTNDaDYlMjBzdHlsZSUzRCUyMnRleHQtYWxpZ24lM0FjZW50ZXIlM0IlMjIlM0UlM0NhJTIwaHJlZiUzRCUyMmh0dHAlM0ElMkYlMkZkZW50aWJsYW5jLmNvbSUyRmZyJTJGc29sdWNpb25lcyUyRmNvbnRhY3QlMkYlMjIlM0VDT05UQUNUJTNDJTJGYSUzRSUyMCU3QyUyMCUzQ2ElMjBocmVmJTNEJTIyaHR0cCUzQSUyRiUyRmRlbnRpYmxhbmMuY29tJTJGZnIlMkZub3RpY2UtbGVnYWxlJTJGJTIyJTNFTk9USUNFJTIwTCVDMyU4OUdBTEUlM0MlMkZhJTNFJTIwJTdDJTIwJTNDYSUyMGhyZWYlM0QlMjJodHRwJTNBJTJGJTJGZGVudGlibGFuYy5jb20lMkZmciUyRnBvbGl0aXF1ZS1kZS1wcm90ZWN0aW9uLWRlcy1kb25uZWVzLWEtY2FyYWN0ZXJlLXBlcnNvbm5lbCUyRiUyRiUyMiUzRVBST1RFQ1RJT04lMjBERVMlMjBET05OJUMzJTg5RVMlM0MlMkZhJTNFJTIwJTdDJTIwJTNDYSUyMGhyZWYlM0QlMjJodHRwJTNBJTJGJTJGZGVudGlibGFuYy5jb20lMkZmciUyRnBvbGl0aXF1ZS1lbi1tYXRpZXJlLWRlLWNvb2tpZXMlMkYlMjIlM0VQT0xJVElRVUUlMjBFTiUyME1BVEklQzMlODhSRSUyMERFJTIwQ09PS0lFUyUzQyUyRmElM0UlM0MlMkZoNiUzRQ==[\/vc_raw_html][\/vc_column][\/vc_row]<\/p>\n","protected":false},"excerpt":{"rendered":"<p>[vc_row css=\u00a0\u00bb.vc_custom_1496149667860{margin-bottom: 0px !important;border-bottom-width: 0px !important;padding-bottom: 0px !important;}\u00a0\u00bb][vc_column width=\u00a0\u00bb1\/2&Prime;][vc_column_text] Le pr\u00e9cipit\u00e9 de silice Petites particules arrondies. Nettoient et blanchissent l&rsquo;\u00e9mail sans&#8230;<\/p>\n","protected":false},"author":1,"featured_media":0,"parent":0,"menu_order":0,"comment_status":"closed","ping_status":"closed","template":"","meta":[],"yoast_head":"<!-- This site is optimized with the Yoast SEO plugin v20.10 - https:\/\/yoast.com\/wordpress\/plugins\/seo\/ -->\n<title>Agents Blanchissants - Dentiblanc<\/title>\n<meta name=\"robots\" content=\"index, follow, max-snippet:-1, max-image-preview:large, max-video-preview:-1\" \/>\n<link rel=\"canonical\" href=\"https:\/\/dentiblanc.com\/fr\/agents-blanchissants\/\" \/>\n<meta property=\"og:locale\" content=\"fr_FR\" \/>\n<meta property=\"og:type\" content=\"article\" \/>\n<meta property=\"og:title\" content=\"Agents Blanchissants - Dentiblanc\" \/>\n<meta property=\"og:description\" content=\"[vc_row css=\u00a0\u00bb.vc_custom_1496149667860{margin-bottom: 0px !important;border-bottom-width: 0px !important;padding-bottom: 0px !important;}\u00a0\u00bb][vc_column width=\u00a0\u00bb1\/2&Prime;][vc_column_text] Le pr\u00e9cipit\u00e9 de silice Petites particules arrondies. Nettoient et blanchissent l&rsquo;\u00e9mail sans...\" \/>\n<meta property=\"og:url\" content=\"https:\/\/dentiblanc.com\/fr\/agents-blanchissants\/\" \/>\n<meta property=\"og:site_name\" content=\"Dentiblanc\" \/>\n<meta property=\"article:modified_time\" content=\"2017-06-22T09:39:04+00:00\" \/>\n<meta name=\"twitter:card\" content=\"summary_large_image\" \/>\n<meta name=\"twitter:label1\" content=\"Dur\u00e9e de lecture estim\u00e9e\" \/>\n\t<meta name=\"twitter:data1\" content=\"3 minutes\" \/>\n<script type=\"application\/ld+json\" class=\"yoast-schema-graph\">{\"@context\":\"https:\/\/schema.org\",\"@graph\":[{\"@type\":\"WebPage\",\"@id\":\"https:\/\/dentiblanc.com\/fr\/agents-blanchissants\/\",\"url\":\"https:\/\/dentiblanc.com\/fr\/agents-blanchissants\/\",\"name\":\"Agents Blanchissants - Dentiblanc\",\"isPartOf\":{\"@id\":\"https:\/\/dentiblanc.com\/fr\/#website\"},\"datePublished\":\"2017-06-16T09:52:50+00:00\",\"dateModified\":\"2017-06-22T09:39:04+00:00\",\"breadcrumb\":{\"@id\":\"https:\/\/dentiblanc.com\/fr\/agents-blanchissants\/#breadcrumb\"},\"inLanguage\":\"fr-FR\",\"potentialAction\":[{\"@type\":\"ReadAction\",\"target\":[\"https:\/\/dentiblanc.com\/fr\/agents-blanchissants\/\"]}]},{\"@type\":\"BreadcrumbList\",\"@id\":\"https:\/\/dentiblanc.com\/fr\/agents-blanchissants\/#breadcrumb\",\"itemListElement\":[{\"@type\":\"ListItem\",\"position\":1,\"name\":\"Home\",\"item\":\"https:\/\/dentiblanc.com\/fr\/initiation\/\"},{\"@type\":\"ListItem\",\"position\":2,\"name\":\"Agents Blanchissants\"}]},{\"@type\":\"WebSite\",\"@id\":\"https:\/\/dentiblanc.com\/fr\/#website\",\"url\":\"https:\/\/dentiblanc.com\/fr\/\",\"name\":\"Dentiblanc\",\"description\":\"Dentiblanc\",\"potentialAction\":[{\"@type\":\"SearchAction\",\"target\":{\"@type\":\"EntryPoint\",\"urlTemplate\":\"https:\/\/dentiblanc.com\/fr\/?s={search_term_string}\"},\"query-input\":\"required name=search_term_string\"}],\"inLanguage\":\"fr-FR\"}]}<\/script>\n<!-- \/ Yoast SEO plugin. -->","yoast_head_json":{"title":"Agents Blanchissants - Dentiblanc","robots":{"index":"index","follow":"follow","max-snippet":"max-snippet:-1","max-image-preview":"max-image-preview:large","max-video-preview":"max-video-preview:-1"},"canonical":"https:\/\/dentiblanc.com\/fr\/agents-blanchissants\/","og_locale":"fr_FR","og_type":"article","og_title":"Agents Blanchissants - Dentiblanc","og_description":"[vc_row css=\u00a0\u00bb.vc_custom_1496149667860{margin-bottom: 0px !important;border-bottom-width: 0px !important;padding-bottom: 0px !important;}\u00a0\u00bb][vc_column width=\u00a0\u00bb1\/2&Prime;][vc_column_text] Le pr\u00e9cipit\u00e9 de silice Petites particules arrondies. Nettoient et blanchissent l&rsquo;\u00e9mail sans...","og_url":"https:\/\/dentiblanc.com\/fr\/agents-blanchissants\/","og_site_name":"Dentiblanc","article_modified_time":"2017-06-22T09:39:04+00:00","twitter_card":"summary_large_image","twitter_misc":{"Dur\u00e9e de lecture estim\u00e9e":"3 minutes"},"schema":{"@context":"https:\/\/schema.org","@graph":[{"@type":"WebPage","@id":"https:\/\/dentiblanc.com\/fr\/agents-blanchissants\/","url":"https:\/\/dentiblanc.com\/fr\/agents-blanchissants\/","name":"Agents Blanchissants - Dentiblanc","isPartOf":{"@id":"https:\/\/dentiblanc.com\/fr\/#website"},"datePublished":"2017-06-16T09:52:50+00:00","dateModified":"2017-06-22T09:39:04+00:00","breadcrumb":{"@id":"https:\/\/dentiblanc.com\/fr\/agents-blanchissants\/#breadcrumb"},"inLanguage":"fr-FR","potentialAction":[{"@type":"ReadAction","target":["https:\/\/dentiblanc.com\/fr\/agents-blanchissants\/"]}]},{"@type":"BreadcrumbList","@id":"https:\/\/dentiblanc.com\/fr\/agents-blanchissants\/#breadcrumb","itemListElement":[{"@type":"ListItem","position":1,"name":"Home","item":"https:\/\/dentiblanc.com\/fr\/initiation\/"},{"@type":"ListItem","position":2,"name":"Agents Blanchissants"}]},{"@type":"WebSite","@id":"https:\/\/dentiblanc.com\/fr\/#website","url":"https:\/\/dentiblanc.com\/fr\/","name":"Dentiblanc","description":"Dentiblanc","potentialAction":[{"@type":"SearchAction","target":{"@type":"EntryPoint","urlTemplate":"https:\/\/dentiblanc.com\/fr\/?s={search_term_string}"},"query-input":"required name=search_term_string"}],"inLanguage":"fr-FR"}]}},"_links":{"self":[{"href":"https:\/\/dentiblanc.com\/fr\/wp-json\/wp\/v2\/pages\/3433"}],"collection":[{"href":"https:\/\/dentiblanc.com\/fr\/wp-json\/wp\/v2\/pages"}],"about":[{"href":"https:\/\/dentiblanc.com\/fr\/wp-json\/wp\/v2\/types\/page"}],"author":[{"embeddable":true,"href":"https:\/\/dentiblanc.com\/fr\/wp-json\/wp\/v2\/users\/1"}],"replies":[{"embeddable":true,"href":"https:\/\/dentiblanc.com\/fr\/wp-json\/wp\/v2\/comments?post=3433"}],"version-history":[{"count":3,"href":"https:\/\/dentiblanc.com\/fr\/wp-json\/wp\/v2\/pages\/3433\/revisions"}],"predecessor-version":[{"id":3556,"href":"https:\/\/dentiblanc.com\/fr\/wp-json\/wp\/v2\/pages\/3433\/revisions\/3556"}],"wp:attachment":[{"href":"https:\/\/dentiblanc.com\/fr\/wp-json\/wp\/v2\/media?parent=3433"}],"curies":[{"name":"wp","href":"https:\/\/api.w.org\/{rel}","templated":true}]}}