{"id":3436,"date":"2017-05-15T15:00:44","date_gmt":"2017-05-15T13:00:44","guid":{"rendered":"https:\/\/dentiblanc.com\/soluciones\/"},"modified":"2023-06-28T12:22:53","modified_gmt":"2023-06-28T10:22:53","slug":"solutions","status":"publish","type":"page","link":"https:\/\/dentiblanc.com\/fr\/solutions\/","title":{"rendered":"Solutions"},"content":{"rendered":"<p>[vc_row foundry_padding=\u00a0\u00bbpt0&Prime;][vc_column][vc_single_image image=\u00a0\u00bb3769&Prime; img_size=\u00a0\u00bbfull\u00a0\u00bb alignment=\u00a0\u00bbcenter\u00a0\u00bb onclick=\u00a0\u00bblink_image\u00a0\u00bb][vc_column_text]<\/p>\n<h4 style=\"text-align: center;\">Il y a un Dentiblanc pour tous les besoins! Choisissez votre Dentiblanc!<\/h4>\n<p>[\/vc_column_text][vc_row_inner][vc_column_inner width=\u00a0\u00bb1\/3&Prime;][vc_single_image image=\u00a0\u00bb3422&Prime; img_size=\u00a0\u00bb\u00a0\u00bb alignment=\u00a0\u00bbcenter\u00a0\u00bb onclick=\u00a0\u00bbcustom_link\u00a0\u00bb link=\u00a0\u00bbhttps:\/\/dentiblanc.com\/dentiblanc-pro\/\u00a0\u00bb][vc_column_text]<\/p>\n<h4 style=\"font-weight: 900; line-height: 5px; text-align: center;\"><a style=\"color: #123283;\" href=\"https:\/\/dentiblanc.com\/dentiblanc-pro\/\">Pro<\/a><\/h4>\n<p style=\"text-align: center;\"><strong> Dentiblanc Blancheur PRO avec de la b\u00e9ta\u00efne<\/strong>. 8 actions. Blanchit et \u00e9vite les taches. Formule r\u00e9paratrice de protection totale. R\u00e9duit la sensibilit\u00e9 dentaire et prot\u00e8ge les gencives.<\/p>\n<p>[\/vc_column_text][\/vc_column_inner][vc_column_inner width=\u00a0\u00bb1\/3&Prime;][vc_single_image image=\u00a0\u00bb3437&Prime; img_size=\u00a0\u00bb\u00a0\u00bb alignment=\u00a0\u00bbcenter\u00a0\u00bb onclick=\u00a0\u00bbcustom_link\u00a0\u00bb link=\u00a0\u00bbhttps:\/\/dentiblanc.com\/dentiblanc-intensivo\/\u00a0\u00bb][vc_column_text]<\/p>\n<h4 style=\"font-weight: 900; line-height: 5px; text-align: center;\"><a style=\"color: #cf7f2c;\" href=\"https:\/\/dentiblanc.com\/dentiblanc-intensivo\/\">Classique<\/a><\/h4>\n<p style=\"text-align: center;\"><strong>Dentiblanc Blancheur INTENSIF avec de la papaye<\/strong>. Dents blanches et saines. Nettoie et blanchit l&rsquo;\u00e9mail sans l&rsquo;ab\u00eemer, emp\u00eache l&rsquo;accumulation de plaque dentaire bact\u00e9rienne et de tartre.<\/p>\n<p>[\/vc_column_text][\/vc_column_inner][vc_column_inner width=\u00a0\u00bb1\/3&Prime;][vc_single_image image=\u00a0\u00bb3449&Prime; img_size=\u00a0\u00bb\u00a0\u00bb alignment=\u00a0\u00bbcenter\u00a0\u00bb onclick=\u00a0\u00bbcustom_link\u00a0\u00bb link=\u00a0\u00bbhttps:\/\/dentiblanc.com\/dentiblanc-extrafresh\/\u00a0\u00bb][vc_column_text]<\/p>\n<h4 style=\"font-weight: 900; line-height: 5px; text-align: center;\"><a style=\"color: #6c953f;\" href=\"https:\/\/dentiblanc.com\/dentiblanc-extrafresh\/\">Frais<\/a><\/h4>\n<p style=\"text-align: center;\"><strong>Dentiblanc Blancheur EXTRA-FRAIS avec de l&rsquo;extrait de menthe<\/strong>. Dents blanches et saines. Combat la mauvaise haleine. Nettoie et blanchit l&rsquo;\u00e9mail sans l&rsquo;ab\u00eemer, emp\u00eache l&rsquo;accumulation de plaque dentaire bact\u00e9rienne et de tartre.<\/p>\n<p>[\/vc_column_text][\/vc_column_inner][\/vc_row_inner][vc_row_inner css=\u00a0\u00bb.vc_custom_1494926519521{margin-right: 10px !important;margin-bottom: 0px !important;margin-left: 10px !important;border-bottom-width: 0px !important;padding-bottom: 0px !important;}\u00a0\u00bb][vc_column_inner el_class=\u00a0\u00bbmargin-bottom-nul\u00a0\u00bb css=\u00a0\u00bb.vc_custom_1494856902705{margin-bottom: 0px !important;border-bottom-width: 0px !important;padding-bottom: 0px !important;}\u00a0\u00bb][vc_raw_html]JTNDYSUyMGhyZWYlM0QlMjJodHRwJTNBJTJGJTJGZGVudGlibGFuYy5jb20lMkZmciUyRmRlbnRpYmxhbmMtcHJvJTJGJTIyJTNFJTNDZGl2JTIwY2xhc3MlM0QlMjJjZXJjbGUtZ3JleSUyMiUzRVBybyUzQyUyRmRpdiUzRSUzQyUyRmElM0UlMEElMEE=[\/vc_raw_html][\/vc_column_inner][\/vc_row_inner][vc_row_inner equal_height=\u00a0\u00bbyes\u00a0\u00bb content_placement=\u00a0\u00bbmiddle\u00a0\u00bb css=\u00a0\u00bb.vc_custom_1494926471668{margin-top: 0px !important;margin-right: 10px !important;margin-left: 10px !important;border-top-width: 2px !important;border-right-width: 2px !important;border-bottom-width: 2px !important;border-left-width: 2px !important;padding-top: 0px !important;border-left-color: #123283 !important;border-left-style: solid !important;border-right-color: #123283 !important;border-right-style: solid !important;border-top-color: #123283 !important;border-top-style: solid !important;border-bottom-color: #123283 !important;border-bottom-style: solid !important;border-radius: 10px !important;}\u00a0\u00bb][vc_column_inner el_class=\u00a0\u00bbborder-right\u00a0\u00bb width=\u00a0\u00bb1\/2&Prime; css=\u00a0\u00bb.vc_custom_1494857043863{padding-right: 30px !important;}\u00a0\u00bb][vc_column_text css=\u00a0\u00bb.vc_custom_1497611296818{background-image: url(https:\/\/dentiblanc.com\/wp-content\/uploads\/2017\/05\/dentiblanc-pro-logo-background.png?id=1984) !important;background-position: center !important;background-repeat: no-repeat !important;background-size: contain !important;}\u00a0\u00bb el_id=\u00a0\u00bbbackground-soluciones-pro\u00a0\u00bb]<\/p>\n<h4 style=\"color: #123283; font-weight: 900; line-height: 5px;\"><a href=\"https:\/\/dentiblanc.com\/dentiblanc-pro\/\">Dentiblanc Blancheur<\/a><\/h4>\n<h2 style=\"color: #123283; font-weight: 900; line-height: 5px;\"><a href=\"https:\/\/dentiblanc.com\/dentiblanc-pro\/\">PRO<\/a><\/h2>\n<h3 style=\"color: #b1b1b1; font-weight: 900; line-height: 8px;\"><a style=\"color: #b1b1b1;\" href=\"https:\/\/dentiblanc.com\/dentiblanc-pro\/\">avec de la b\u00e9ta\u00efne<\/a><\/h3>\n<p>[\/vc_column_text][vc_separator][vc_column_text]<\/p>\n<h5 style=\"color: #123283;\"><a href=\"https:\/\/dentiblanc.com\/dentiblanc-pro\/\">8 actions. Blanchit et \u00e9vite les taches. Formule r\u00e9paratrice de protection totale. R\u00e9duit la sensibilit\u00e9 dentaire et prot\u00e8ge les gencives.<\/a><\/h5>\n<p>[\/vc_column_text][\/vc_column_inner][vc_column_inner width=\u00a0\u00bb1\/2&Prime;][vc_single_image image=\u00a0\u00bb3721&Prime; img_size=\u00a0\u00bb267&#215;350&Prime; alignment=\u00a0\u00bbcenter\u00a0\u00bb onclick=\u00a0\u00bbcustom_link\u00a0\u00bb link=\u00a0\u00bbhttps:\/\/dentiblanc.com\/fr\/dentiblanc-pro\/\u00a0\u00bb][\/vc_column_inner][\/vc_row_inner][vc_empty_space height=\u00a0\u00bb40px\u00a0\u00bb][vc_row_inner css=\u00a0\u00bb.vc_custom_1494926531715{margin-right: 10px !important;margin-bottom: 0px !important;margin-left: 10px !important;border-bottom-width: 0px !important;padding-bottom: 0px !important;}\u00a0\u00bb][vc_column_inner el_class=\u00a0\u00bbmargin-bottom-nul\u00a0\u00bb css=\u00a0\u00bb.vc_custom_1494856902705{margin-bottom: 0px !important;border-bottom-width: 0px !important;padding-bottom: 0px !important;}\u00a0\u00bb][vc_raw_html]JTNDYSUyMGhyZWYlM0QlMjJodHRwJTNBJTJGJTJGZGVudGlibGFuYy5jb20lMkZmciUyRmRlbnRpYmxhbmMtaW50ZW5zaWYlMkYlMjIlM0UlM0NkaXYlMjBjbGFzcyUzRCUyMmNlcmNsZS1vcmFuZ2UlMjIlM0VDbGFzc2lxdWUlM0MlMkZkaXYlM0UlM0MlMkZhJTNF[\/vc_raw_html][\/vc_column_inner][\/vc_row_inner][vc_row_inner equal_height=\u00a0\u00bbyes\u00a0\u00bb content_placement=\u00a0\u00bbmiddle\u00a0\u00bb css=\u00a0\u00bb.vc_custom_1496246714544{margin-top: 0px !important;margin-right: 10px !important;margin-left: 10px !important;border-top-width: 2px !important;border-right-width: 2px !important;border-bottom-width: 2px !important;border-left-width: 2px !important;padding-top: 0px !important;border-left-color: #123283 !important;border-left-style: solid !important;border-right-color: #123283 !important;border-right-style: solid !important;border-top-color: #123283 !important;border-top-style: solid !important;border-bottom-color: #123283 !important;border-bottom-style: solid !important;border-radius: 10px !important;}\u00a0\u00bb el_class=\u00a0\u00bbtop\u00a0\u00bb][vc_column_inner el_class=\u00a0\u00bbborder-right\u00a0\u00bb width=\u00a0\u00bb1\/2&Prime; css=\u00a0\u00bb.vc_custom_1494857043863{padding-right: 30px !important;}\u00a0\u00bb][vc_column_text css=\u00a0\u00bb.vc_custom_1497611425168{background-image: url(https:\/\/dentiblanc.com\/wp-content\/uploads\/2017\/05\/dentiblanc-papaya-logo-background.png?id=1983) !important;background-position: center !important;background-repeat: no-repeat !important;background-size: contain !important;}\u00a0\u00bb el_id=\u00a0\u00bbbackground-soluciones-betaina\u00a0\u00bb]<\/p>\n<h4 style=\"color: #123283; font-weight: 900; line-height: 5px;\"><a href=\"https:\/\/dentiblanc.com\/fr\/dentiblanc-intensif\/\">Dentiblanc Blancheur<\/a><\/h4>\n<h2 style=\"color: #123283; font-weight: 900; line-height: 5px;\"><a href=\"https:\/\/dentiblanc.com\/fr\/dentiblanc-intensif\/\">INTENSIF<\/a><\/h2>\n<h3 style=\"color: #cf7f2c; font-weight: 900; line-height: 8px;\"><a style=\"color: #cf7f2c;\" href=\"https:\/\/dentiblanc.com\/fr\/dentiblanc-intensif\/\">avec de la papaye<\/a><\/h3>\n<p>[\/vc_column_text][vc_separator][vc_column_text]<\/p>\n<h5 style=\"color: #123283;\"><a href=\"https:\/\/dentiblanc.com\/fr\/dentiblanc-intensif\/\">Dents blanches et saines. 1 Nettoie et blanchit l&rsquo;\u00e9mail sans l&rsquo;ab\u00eemer, emp\u00eache l&rsquo;accumulation de plaque dentaire bact\u00e9rienne et de tartre.<\/a><\/h5>\n<p>[\/vc_column_text][\/vc_column_inner][vc_column_inner width=\u00a0\u00bb1\/2&Prime;][vc_single_image image=\u00a0\u00bb3762&Prime; img_size=\u00a0\u00bb267&#215;350&Prime; alignment=\u00a0\u00bbcenter\u00a0\u00bb onclick=\u00a0\u00bbcustom_link\u00a0\u00bb link=\u00a0\u00bbhttps:\/\/dentiblanc.com\/fr\/dentiblanc-intensif\/\u00a0\u00bb][\/vc_column_inner][\/vc_row_inner][vc_empty_space height=\u00a0\u00bb40px\u00a0\u00bb][vc_row_inner css=\u00a0\u00bb.vc_custom_1494926541867{margin-right: 10px !important;margin-bottom: 0px !important;margin-left: 10px !important;border-bottom-width: 0px !important;padding-bottom: 0px !important;}\u00a0\u00bb][vc_column_inner el_class=\u00a0\u00bbmargin-bottom-nul\u00a0\u00bb css=\u00a0\u00bb.vc_custom_1494856902705{margin-bottom: 0px !important;border-bottom-width: 0px !important;padding-bottom: 0px !important;}\u00a0\u00bb][vc_raw_html]JTNDYSUyMGhyZWYlM0QlMjJodHRwJTNBJTJGJTJGZGVudGlibGFuYy5jb20lMkZmciUyRmRlbnRpYmxhbmMtZXh0cmEtZnJhaXMlMkYlMjIlM0UlM0NkaXYlMjBjbGFzcyUzRCUyMmNlcmNsZS1ncmVlbiUyMiUzRUZyYWlzJTNDJTJGZGl2JTNFJTNDJTJGYSUzRQ==[\/vc_raw_html][\/vc_column_inner][\/vc_row_inner][vc_row_inner equal_height=\u00a0\u00bbyes\u00a0\u00bb css=\u00a0\u00bb.vc_custom_1494926546535{margin-top: 0px !important;margin-right: 10px !important;margin-left: 10px !important;border-top-width: 2px !important;border-right-width: 2px !important;border-bottom-width: 2px !important;border-left-width: 2px !important;padding-top: 0px !important;border-left-color: #123283 !important;border-left-style: solid !important;border-right-color: #123283 !important;border-right-style: solid !important;border-top-color: #123283 !important;border-top-style: solid !important;border-bottom-color: #123283 !important;border-bottom-style: solid !important;border-radius: 10px !important;}\u00a0\u00bb el_class=\u00a0\u00bbtop\u00a0\u00bb][vc_column_inner el_class=\u00a0\u00bbborder-right\u00a0\u00bb width=\u00a0\u00bb1\/2&Prime; css=\u00a0\u00bb.vc_custom_1495028290914{padding-right: 30px !important;background-position: 0 0 !important;background-repeat: no-repeat !important;}\u00a0\u00bb][vc_column_text css=\u00a0\u00bb.vc_custom_1497611562325{background-image: url(https:\/\/dentiblanc.com\/wp-content\/uploads\/2017\/05\/dentiblanc-fresh-logo-background.png?id=1977) !important;background-position: center !important;background-repeat: no-repeat !important;background-size: contain !important;}\u00a0\u00bb el_id=\u00a0\u00bbbackground-soluciones-extrafresh\u00a0\u00bb]<\/p>\n<h4 style=\"color: #123283; font-weight: 900; line-height: 5px;\"><a href=\"https:\/\/dentiblanc.com\/fr\/dentiblanc-extra-frais\/\">Dentiblanc Blancheur<\/a><\/h4>\n<h2 style=\"color: #123283; font-weight: 900; line-height: 5px;\"><a href=\"https:\/\/dentiblanc.com\/fr\/dentiblanc-extra-frais\/\">EXTRA-FRAIS <\/a><\/h2>\n<h3 style=\"color: #6c953f; font-weight: 900; line-height: 5px;\"><a style=\"color: #6c953f;\" href=\"https:\/\/dentiblanc.com\/fr\/dentiblanc-extra-frais\/\">\u00e0 l&rsquo;extrait<\/a><\/h3>\n<h3 style=\"color: #6c953f; font-weight: 900; line-height: 8px;\"><a style=\"color: #6c953f;\" href=\"https:\/\/dentiblanc.com\/fr\/dentiblanc-extra-frais\/\">de menthe<\/a><\/h3>\n<p>[\/vc_column_text][vc_separator][vc_column_text]<\/p>\n<h5 style=\"color: #123283;\"><a href=\"https:\/\/dentiblanc.com\/fr\/dentiblanc-extra-frais\/\">Dents blanches et saines. Combat la mauvaise haleine. Nettoie et blanchit l&rsquo;\u00e9mail sans l&rsquo;ab\u00eemer, emp\u00eache l&rsquo;accumulation de plaque dentaire bact\u00e9rienne et de tartre.<\/a><\/h5>\n<p>[\/vc_column_text][\/vc_column_inner][vc_column_inner width=\u00a0\u00bb1\/2&Prime;][vc_single_image image=\u00a0\u00bb3715&Prime; img_size=\u00a0\u00bb267&#215;350&Prime; alignment=\u00a0\u00bbcenter\u00a0\u00bb onclick=\u00a0\u00bbcustom_link\u00a0\u00bb link=\u00a0\u00bbhttps:\/\/dentiblanc.com\/fr\/dentiblanc-extra-frais\/\u00a0\u00bb][\/vc_column_inner][\/vc_row_inner][\/vc_column][\/vc_row][vc_row full_width=\u00a0\u00bbstretch_row_content_no_spaces\u00a0\u00bb foundry_padding=\u00a0\u00bbpt0 pb0&Prime; css=\u00a0\u00bb.vc_custom_1495811855558{background-color: #1f3b72 !important;}\u00a0\u00bb][vc_column][vc_empty_space][vc_row_inner][vc_column_inner width=\u00a0\u00bb1\/4&Prime;][vc_column_text]<\/p>\n<h4><span style=\"color: #ffffff;\">HIGIENE DENTAL<\/span><\/h4>\n<p>[\/vc_column_text][vc_wp_custommenu nav_menu=\u00a0\u00bb46&Prime; el_id=\u00a0\u00bbmenu-footer-column1&Prime;][\/vc_column_inner][vc_column_inner width=\u00a0\u00bb1\/4&Prime;][vc_column_text]<\/p>\n<h4><span style=\"color: #ffffff;\">SOLUCIONES<\/span><\/h4>\n<p>[\/vc_column_text][vc_wp_custommenu nav_menu=\u00a0\u00bb47&Prime; el_class=\u00a0\u00bbmenu-footer\u00a0\u00bb el_id=\u00a0\u00bbmenu-footer-column2&Prime;][\/vc_column_inner][vc_column_inner width=\u00a0\u00bb1\/4&Prime; offset=\u00a0\u00bbvc_hidden-md vc_hidden-sm vc_hidden-xs\u00a0\u00bb][\/vc_column_inner][vc_column_inner width=\u00a0\u00bb1\/4&Prime;][vc_column_text]<\/p>\n<h4><span style=\"color: #ffffff;\">CONTACTO<\/span><\/h4>\n<p>[\/vc_column_text][vc_raw_html]JTNDaDUlMjBpZCUzRCUyMmZvb3Rlci1jb2x1bW4tNCUyMiUzRUMlMkYlMjBQcm92ZW4lQzMlQTdhJTJDJTIwMzg2LiUzQ2JyJTNFJTBBMDgwMjUlMjBCYXJjZWxvbmElM0NiciUzRSUwQSUyOCUyQjM0JTI5JTIwOTMyJTIwMDcwJTIwNTEyJTNDYnIlM0UlMEElMjglMkIzNCUyOSUyMDkzMiUyMDA3MSUyMDkzMiUzQ2JyJTNFJTBBJTNDYSUyMGhyZWYlM0QlMjJodHRwJTNBJTJGJTJGd3d3LnZpbmFzLmVzJTJGJTIyJTNFd3d3LnZpbmFzLmVzJTNDJTJGYSUzRSUzQyUyRmg1JTNF[\/vc_raw_html][vc_separator align=\u00a0\u00bbalign_left\u00a0\u00bb el_width=\u00a0\u00bb80&Prime; css=\u00a0\u00bb.vc_custom_1496911945594{padding-top: 0px !important;padding-right: 0px !important;padding-bottom: 0px !important;padding-left: 0px !important;}\u00a0\u00bb][vc_wp_custommenu nav_menu=\u00a0\u00bb48&Prime; el_class=\u00a0\u00bbmenu-footer\u00a0\u00bb el_id=\u00a0\u00bbmenu-footer-column3&Prime;][\/vc_column_inner][\/vc_row_inner][vc_empty_space][vc_row_inner content_placement=\u00a0\u00bbmiddle\u00a0\u00bb][vc_column_inner width=\u00a0\u00bb1\/4&Prime;][vc_column_text el_id=\u00a0\u00bbcopyright\u00a0\u00bb]<span style=\"color: #ffffff;\">\u00a9 2017 Cr\u00e9\u00e9 et d\u00e9velopp\u00e9 par VILIF publicidad<\/span>[\/vc_column_text][\/vc_column_inner][vc_column_inner width=\u00a0\u00bb1\/2&Prime;][vc_single_image image=\u00a0\u00bb2786&Prime; img_size=\u00a0\u00bb\u00a0\u00bb alignment=\u00a0\u00bbcenter\u00a0\u00bb][\/vc_column_inner][\/vc_row_inner][\/vc_column][\/vc_row][vc_row full_width=\u00a0\u00bbstretch_row_content_no_spaces\u00a0\u00bb foundry_padding=\u00a0\u00bbpt0 pb0&Prime; css=\u00a0\u00bb.vc_custom_1495815563694{padding-top: 30px !important;background-color: #ffffff !important;}\u00a0\u00bb][vc_column][vc_single_image image=\u00a0\u00bb2770&Prime; img_size=\u00a0\u00bb\u00a0\u00bb alignment=\u00a0\u00bbcenter\u00a0\u00bb onclick=\u00a0\u00bbcustom_link\u00a0\u00bb link=\u00a0\u00bbhttp:\/\/www.vinas.es\/\u00a0\u00bb][vc_raw_html]JTNDaDYlMjBzdHlsZSUzRCUyMnRleHQtYWxpZ24lM0FjZW50ZXIlM0IlMjIlM0UlM0NhJTIwaHJlZiUzRCUyMmh0dHAlM0ElMkYlMkZkZW50aWJsYW5jLmNvbSUyRmZyJTJGc29sdWNpb25lcyUyRmNvbnRhY3QlMkYlMjIlM0VDT05UQUNUJTNDJTJGYSUzRSUyMCU3QyUyMCUzQ2ElMjBocmVmJTNEJTIyaHR0cCUzQSUyRiUyRmRlbnRpYmxhbmMuY29tJTJGZnIlMkZub3RpY2UtbGVnYWxlJTJGJTIyJTNFTk9USUNFJTIwTCVDMyU4OUdBTEUlM0MlMkZhJTNFJTIwJTdDJTIwJTNDYSUyMGhyZWYlM0QlMjJodHRwJTNBJTJGJTJGZGVudGlibGFuYy5jb20lMkZmciUyRnBvbGl0aXF1ZS1kZS1wcm90ZWN0aW9uLWRlcy1kb25uZWVzLWEtY2FyYWN0ZXJlLXBlcnNvbm5lbCUyRiUyRiUyMiUzRVBST1RFQ1RJT04lMjBERVMlMjBET05OJUMzJTg5RVMlM0MlMkZhJTNFJTIwJTdDJTIwJTNDYSUyMGhyZWYlM0QlMjJodHRwJTNBJTJGJTJGZGVudGlibGFuYy5jb20lMkZmciUyRnBvbGl0aXF1ZS1lbi1tYXRpZXJlLWRlLWNvb2tpZXMlMkYlMjIlM0VQT0xJVElRVUUlMjBFTiUyME1BVEklQzMlODhSRSUyMERFJTIwQ09PS0lFUyUzQyUyRmElM0UlM0MlMkZoNiUzRQ==[\/vc_raw_html][\/vc_column][\/vc_row]<\/p>\n","protected":false},"excerpt":{"rendered":"<p>[vc_row foundry_padding=\u00a0\u00bbpt0&Prime;][vc_column][vc_single_image image=\u00a0\u00bb3769&Prime; img_size=\u00a0\u00bbfull\u00a0\u00bb alignment=\u00a0\u00bbcenter\u00a0\u00bb onclick=\u00a0\u00bblink_image\u00a0\u00bb][vc_column_text] Il y a un Dentiblanc pour tous les besoins! Choisissez votre Dentiblanc! [\/vc_column_text][vc_row_inner][vc_column_inner width=\u00a0\u00bb1\/3&Prime;][vc_single_image image=\u00a0\u00bb3422&Prime;&#8230;<\/p>\n","protected":false},"author":1,"featured_media":0,"parent":0,"menu_order":0,"comment_status":"closed","ping_status":"closed","template":"","meta":[],"yoast_head":"<!-- This site is optimized with the Yoast SEO plugin v20.10 - https:\/\/yoast.com\/wordpress\/plugins\/seo\/ -->\n<title>Soluciones Dentiblanc - Blanquea y evita las manchas<\/title>\n<meta name=\"description\" content=\"Blanquea y evita las manchas. F\u00f3rmula reparadora de protecci\u00f3n total. Reduce la sensibilidad dental y protege las enc\u00edas.\" \/>\n<meta name=\"robots\" content=\"index, follow, max-snippet:-1, max-image-preview:large, max-video-preview:-1\" \/>\n<link rel=\"canonical\" href=\"https:\/\/dentiblanc.com\/fr\/solutions\/\" \/>\n<meta property=\"og:locale\" content=\"fr_FR\" \/>\n<meta property=\"og:type\" content=\"article\" \/>\n<meta property=\"og:title\" content=\"Soluciones Dentiblanc - Blanquea y evita las manchas\" \/>\n<meta property=\"og:description\" content=\"Blanquea y evita las manchas. F\u00f3rmula reparadora de protecci\u00f3n total. Reduce la sensibilidad dental y protege las enc\u00edas.\" \/>\n<meta property=\"og:url\" content=\"https:\/\/dentiblanc.com\/fr\/solutions\/\" \/>\n<meta property=\"og:site_name\" content=\"Dentiblanc\" \/>\n<meta property=\"article:modified_time\" content=\"2023-06-28T10:22:53+00:00\" \/>\n<meta name=\"twitter:card\" content=\"summary_large_image\" \/>\n<meta name=\"twitter:label1\" content=\"Dur\u00e9e de lecture estim\u00e9e\" \/>\n\t<meta name=\"twitter:data1\" content=\"6 minutes\" \/>\n<script type=\"application\/ld+json\" class=\"yoast-schema-graph\">{\"@context\":\"https:\/\/schema.org\",\"@graph\":[{\"@type\":\"WebPage\",\"@id\":\"https:\/\/dentiblanc.com\/fr\/solutions\/\",\"url\":\"https:\/\/dentiblanc.com\/fr\/solutions\/\",\"name\":\"Soluciones Dentiblanc - Blanquea y evita las manchas\",\"isPartOf\":{\"@id\":\"https:\/\/dentiblanc.com\/fr\/#website\"},\"datePublished\":\"2017-05-15T13:00:44+00:00\",\"dateModified\":\"2023-06-28T10:22:53+00:00\",\"description\":\"Blanquea y evita las manchas. F\u00f3rmula reparadora de protecci\u00f3n total. Reduce la sensibilidad dental y protege las enc\u00edas.\",\"breadcrumb\":{\"@id\":\"https:\/\/dentiblanc.com\/fr\/solutions\/#breadcrumb\"},\"inLanguage\":\"fr-FR\",\"potentialAction\":[{\"@type\":\"ReadAction\",\"target\":[\"https:\/\/dentiblanc.com\/fr\/solutions\/\"]}]},{\"@type\":\"BreadcrumbList\",\"@id\":\"https:\/\/dentiblanc.com\/fr\/solutions\/#breadcrumb\",\"itemListElement\":[{\"@type\":\"ListItem\",\"position\":1,\"name\":\"Home\",\"item\":\"https:\/\/dentiblanc.com\/fr\/initiation\/\"},{\"@type\":\"ListItem\",\"position\":2,\"name\":\"Solutions\"}]},{\"@type\":\"WebSite\",\"@id\":\"https:\/\/dentiblanc.com\/fr\/#website\",\"url\":\"https:\/\/dentiblanc.com\/fr\/\",\"name\":\"Dentiblanc\",\"description\":\"Dentiblanc\",\"potentialAction\":[{\"@type\":\"SearchAction\",\"target\":{\"@type\":\"EntryPoint\",\"urlTemplate\":\"https:\/\/dentiblanc.com\/fr\/?s={search_term_string}\"},\"query-input\":\"required name=search_term_string\"}],\"inLanguage\":\"fr-FR\"}]}<\/script>\n<!-- \/ Yoast SEO plugin. -->","yoast_head_json":{"title":"Soluciones Dentiblanc - Blanquea y evita las manchas","description":"Blanquea y evita las manchas. F\u00f3rmula reparadora de protecci\u00f3n total. Reduce la sensibilidad dental y protege las enc\u00edas.","robots":{"index":"index","follow":"follow","max-snippet":"max-snippet:-1","max-image-preview":"max-image-preview:large","max-video-preview":"max-video-preview:-1"},"canonical":"https:\/\/dentiblanc.com\/fr\/solutions\/","og_locale":"fr_FR","og_type":"article","og_title":"Soluciones Dentiblanc - Blanquea y evita las manchas","og_description":"Blanquea y evita las manchas. F\u00f3rmula reparadora de protecci\u00f3n total. Reduce la sensibilidad dental y protege las enc\u00edas.","og_url":"https:\/\/dentiblanc.com\/fr\/solutions\/","og_site_name":"Dentiblanc","article_modified_time":"2023-06-28T10:22:53+00:00","twitter_card":"summary_large_image","twitter_misc":{"Dur\u00e9e de lecture estim\u00e9e":"6 minutes"},"schema":{"@context":"https:\/\/schema.org","@graph":[{"@type":"WebPage","@id":"https:\/\/dentiblanc.com\/fr\/solutions\/","url":"https:\/\/dentiblanc.com\/fr\/solutions\/","name":"Soluciones Dentiblanc - Blanquea y evita las manchas","isPartOf":{"@id":"https:\/\/dentiblanc.com\/fr\/#website"},"datePublished":"2017-05-15T13:00:44+00:00","dateModified":"2023-06-28T10:22:53+00:00","description":"Blanquea y evita las manchas. F\u00f3rmula reparadora de protecci\u00f3n total. Reduce la sensibilidad dental y protege las enc\u00edas.","breadcrumb":{"@id":"https:\/\/dentiblanc.com\/fr\/solutions\/#breadcrumb"},"inLanguage":"fr-FR","potentialAction":[{"@type":"ReadAction","target":["https:\/\/dentiblanc.com\/fr\/solutions\/"]}]},{"@type":"BreadcrumbList","@id":"https:\/\/dentiblanc.com\/fr\/solutions\/#breadcrumb","itemListElement":[{"@type":"ListItem","position":1,"name":"Home","item":"https:\/\/dentiblanc.com\/fr\/initiation\/"},{"@type":"ListItem","position":2,"name":"Solutions"}]},{"@type":"WebSite","@id":"https:\/\/dentiblanc.com\/fr\/#website","url":"https:\/\/dentiblanc.com\/fr\/","name":"Dentiblanc","description":"Dentiblanc","potentialAction":[{"@type":"SearchAction","target":{"@type":"EntryPoint","urlTemplate":"https:\/\/dentiblanc.com\/fr\/?s={search_term_string}"},"query-input":"required name=search_term_string"}],"inLanguage":"fr-FR"}]}},"_links":{"self":[{"href":"https:\/\/dentiblanc.com\/fr\/wp-json\/wp\/v2\/pages\/3436"}],"collection":[{"href":"https:\/\/dentiblanc.com\/fr\/wp-json\/wp\/v2\/pages"}],"about":[{"href":"https:\/\/dentiblanc.com\/fr\/wp-json\/wp\/v2\/types\/page"}],"author":[{"embeddable":true,"href":"https:\/\/dentiblanc.com\/fr\/wp-json\/wp\/v2\/users\/1"}],"replies":[{"embeddable":true,"href":"https:\/\/dentiblanc.com\/fr\/wp-json\/wp\/v2\/comments?post=3436"}],"version-history":[{"count":11,"href":"https:\/\/dentiblanc.com\/fr\/wp-json\/wp\/v2\/pages\/3436\/revisions"}],"predecessor-version":[{"id":3782,"href":"https:\/\/dentiblanc.com\/fr\/wp-json\/wp\/v2\/pages\/3436\/revisions\/3782"}],"wp:attachment":[{"href":"https:\/\/dentiblanc.com\/fr\/wp-json\/wp\/v2\/media?parent=3436"}],"curies":[{"name":"wp","href":"https:\/\/api.w.org\/{rel}","templated":true}]}}