{"id":3439,"date":"2017-06-16T12:24:28","date_gmt":"2017-06-16T10:24:28","guid":{"rendered":"https:\/\/dentiblanc.com\/?page_id=3439\/"},"modified":"2017-06-16T12:41:49","modified_gmt":"2017-06-16T10:41:49","slug":"dentiblanc-pro","status":"publish","type":"page","link":"https:\/\/dentiblanc.com\/fr\/dentiblanc-pro\/","title":{"rendered":"Dentiblanc PRO"},"content":{"rendered":"<p>[vc_row full_width=\u00a0\u00bbstretch_row\u00a0\u00bb css=\u00a0\u00bb.vc_custom_1495804874251{background-color: #1f3b72 !important;}\u00a0\u00bb][vc_column width=\u00a0\u00bb1\/12&Prime; offset=\u00a0\u00bbvc_hidden-sm vc_hidden-xs\u00a0\u00bb][\/vc_column][vc_column width=\u00a0\u00bb5\/6&Prime;][vc_empty_space][vc_column_text css=\u00a0\u00bb.vc_custom_1497608484164{background-position: center !important;background-repeat: no-repeat !important;background-size: cover !important;}\u00a0\u00bb]<\/p>\n<h4 style=\"text-align: right;\"><span style=\"color: #ffffff;\">Dentiblanc Blancheur PRO<\/span><\/h4>\n<p>[\/vc_column_text][\/vc_column][vc_column width=\u00a0\u00bb1\/12&Prime; offset=\u00a0\u00bbvc_hidden-sm vc_hidden-xs\u00a0\u00bb][\/vc_column][\/vc_row][vc_row full_width=\u00a0\u00bbstretch_row_content_no_spaces\u00a0\u00bb foundry_padding=\u00a0\u00bbpt0 pb0&Prime;][vc_column][layerslider_vc id=\u00a0\u00bb2&Prime;][\/vc_column][\/vc_row][vc_row full_width=\u00a0\u00bbstretch_row_content\u00a0\u00bb foundry_padding=\u00a0\u00bbpt0 pb0&Prime; foundry_vertical_align=\u00a0\u00bbyes\u00a0\u00bb css=\u00a0\u00bb.vc_custom_1497441965537{margin-left: 0px !important;padding-left: 0px !important;}\u00a0\u00bb][vc_column width=\u00a0\u00bb2\/3&Prime;][vc_row_inner][vc_column_inner width=\u00a0\u00bb1\/2&Prime;][vc_single_image image=\u00a0\u00bb3405&Prime; img_size=\u00a0\u00bbfull\u00a0\u00bb css=\u00a0\u00bb.vc_custom_1497441983534{margin-right: 0px !important;margin-left: 0px !important;padding-right: 0px !important;padding-left: 0px !important;}\u00a0\u00bb][\/vc_column_inner][vc_column_inner width=\u00a0\u00bb1\/2&Prime;][vc_single_image image=\u00a0\u00bb2581&Prime; img_size=\u00a0\u00bbfull\u00a0\u00bb][\/vc_column_inner][\/vc_row_inner][\/vc_column][vc_column width=\u00a0\u00bb1\/3&Prime;][vc_empty_space height=\u00a0\u00bb50px\u00a0\u00bb][vc_column_text css=\u00a0\u00bb.vc_custom_1497609690056{background-position: center !important;background-repeat: no-repeat !important;background-size: cover !important;}\u00a0\u00bb el_class=\u00a0\u00bbm-t-b-0&Prime;]<\/p>\n<h4><span style=\"color: #123283;\"><strong>PRO<\/strong><\/span><\/h4>\n<h1>Dentiblanc<br \/>\nBlancheur PRO<\/h1>\n<p>Il s&rsquo;agit d&rsquo;un dentifrice pour votre hygi\u00e8ne dentaire quotidienne avec une nouvelle formule de protection globale blanchissante, qui fait briller et poss\u00e8de une action r\u00e9paratrice. Une formule compl\u00e8te avec de l&rsquo;hydroxyapatite non nano, de la polyvinylpyrrolidone (PVP), des particules sph\u00e9riques de silice, de fluor et de b\u00e9ta\u00efne, qui nettoie, blanchit et prot\u00e8ge votre \u00e9mail dentaire du tartre, des caries, de la sensibilit\u00e9 dentaire et du passage du temps tout en hydratant et en prot\u00e9geant vos muqueuses et vos gencives.<\/p>\n<p class=\"western\">La formule compl\u00e8te du Dentiblanc Blancheur PRO agit face aux taches sur les dents gr\u00e2ce \u00e0 diff\u00e9rents composants. Les particules d&rsquo;hydroxyapatite non nano sont un composant naturel de la dentine qui lisse et r\u00e9pare les fissures de votre \u00e9mail dentaire, ce qui permet d&rsquo;obtenir un \u00e9mail plus lisse et en bon \u00e9tat.<\/p>\n<p>[\/vc_column_text][vc_btn title=\u00a0\u00bbVOIR INFORMATIONS\u00a0\u00bb shape=\u00a0\u00bbround\u00a0\u00bb color=\u00a0\u00bbblue\u00a0\u00bb link=\u00a0\u00bburl:http%3A%2F%2Fdentiblanc.com%2Ffr%2Fsoluciones%2Fblancheur-pro%2F|||\u00a0\u00bb][\/vc_column][\/vc_row]<\/p>\n","protected":false},"excerpt":{"rendered":"<p>[vc_row full_width=\u00a0\u00bbstretch_row\u00a0\u00bb css=\u00a0\u00bb.vc_custom_1495804874251{background-color: #1f3b72 !important;}\u00a0\u00bb][vc_column width=\u00a0\u00bb1\/12&Prime; offset=\u00a0\u00bbvc_hidden-sm vc_hidden-xs\u00a0\u00bb][\/vc_column][vc_column width=\u00a0\u00bb5\/6&Prime;][vc_empty_space][vc_column_text css=\u00a0\u00bb.vc_custom_1497608484164{background-position: center !important;background-repeat: no-repeat !important;background-size: cover !important;}\u00a0\u00bb] Dentiblanc Blancheur PRO [\/vc_column_text][\/vc_column][vc_column width=\u00a0\u00bb1\/12&Prime;&#8230;<\/p>\n","protected":false},"author":1,"featured_media":0,"parent":0,"menu_order":0,"comment_status":"closed","ping_status":"closed","template":"","meta":[],"yoast_head":"<!-- This site is optimized with the Yoast SEO plugin v20.10 - https:\/\/yoast.com\/wordpress\/plugins\/seo\/ -->\n<title>Dentiblanc PRO - Dentiblanc<\/title>\n<meta name=\"robots\" content=\"index, follow, max-snippet:-1, max-image-preview:large, max-video-preview:-1\" \/>\n<link rel=\"canonical\" href=\"https:\/\/dentiblanc.com\/fr\/dentiblanc-pro\/\" \/>\n<meta property=\"og:locale\" content=\"fr_FR\" \/>\n<meta property=\"og:type\" content=\"article\" \/>\n<meta property=\"og:title\" content=\"Dentiblanc PRO - Dentiblanc\" \/>\n<meta property=\"og:description\" content=\"[vc_row full_width=\u00a0\u00bbstretch_row\u00a0\u00bb css=\u00a0\u00bb.vc_custom_1495804874251{background-color: #1f3b72 !important;}\u00a0\u00bb][vc_column width=\u00a0\u00bb1\/12&Prime; offset=\u00a0\u00bbvc_hidden-sm vc_hidden-xs\u00a0\u00bb][\/vc_column][vc_column width=\u00a0\u00bb5\/6&Prime;][vc_empty_space][vc_column_text css=\u00a0\u00bb.vc_custom_1497608484164{background-position: center !important;background-repeat: no-repeat !important;background-size: cover !important;}\u00a0\u00bb] Dentiblanc Blancheur PRO [\/vc_column_text][\/vc_column][vc_column width=\u00a0\u00bb1\/12&Prime;...\" \/>\n<meta property=\"og:url\" content=\"https:\/\/dentiblanc.com\/fr\/dentiblanc-pro\/\" \/>\n<meta property=\"og:site_name\" content=\"Dentiblanc\" \/>\n<meta property=\"article:modified_time\" content=\"2017-06-16T10:41:49+00:00\" \/>\n<meta name=\"twitter:card\" content=\"summary_large_image\" \/>\n<meta name=\"twitter:label1\" content=\"Dur\u00e9e de lecture estim\u00e9e\" \/>\n\t<meta name=\"twitter:data1\" content=\"2 minutes\" \/>\n<script type=\"application\/ld+json\" class=\"yoast-schema-graph\">{\"@context\":\"https:\/\/schema.org\",\"@graph\":[{\"@type\":\"WebPage\",\"@id\":\"https:\/\/dentiblanc.com\/fr\/dentiblanc-pro\/\",\"url\":\"https:\/\/dentiblanc.com\/fr\/dentiblanc-pro\/\",\"name\":\"Dentiblanc PRO - Dentiblanc\",\"isPartOf\":{\"@id\":\"https:\/\/dentiblanc.com\/fr\/#website\"},\"datePublished\":\"2017-06-16T10:24:28+00:00\",\"dateModified\":\"2017-06-16T10:41:49+00:00\",\"breadcrumb\":{\"@id\":\"https:\/\/dentiblanc.com\/fr\/dentiblanc-pro\/#breadcrumb\"},\"inLanguage\":\"fr-FR\",\"potentialAction\":[{\"@type\":\"ReadAction\",\"target\":[\"https:\/\/dentiblanc.com\/fr\/dentiblanc-pro\/\"]}]},{\"@type\":\"BreadcrumbList\",\"@id\":\"https:\/\/dentiblanc.com\/fr\/dentiblanc-pro\/#breadcrumb\",\"itemListElement\":[{\"@type\":\"ListItem\",\"position\":1,\"name\":\"Home\",\"item\":\"https:\/\/dentiblanc.com\/fr\/initiation\/\"},{\"@type\":\"ListItem\",\"position\":2,\"name\":\"Dentiblanc PRO\"}]},{\"@type\":\"WebSite\",\"@id\":\"https:\/\/dentiblanc.com\/fr\/#website\",\"url\":\"https:\/\/dentiblanc.com\/fr\/\",\"name\":\"Dentiblanc\",\"description\":\"Dentiblanc\",\"potentialAction\":[{\"@type\":\"SearchAction\",\"target\":{\"@type\":\"EntryPoint\",\"urlTemplate\":\"https:\/\/dentiblanc.com\/fr\/?s={search_term_string}\"},\"query-input\":\"required name=search_term_string\"}],\"inLanguage\":\"fr-FR\"}]}<\/script>\n<!-- \/ Yoast SEO plugin. -->","yoast_head_json":{"title":"Dentiblanc PRO - Dentiblanc","robots":{"index":"index","follow":"follow","max-snippet":"max-snippet:-1","max-image-preview":"max-image-preview:large","max-video-preview":"max-video-preview:-1"},"canonical":"https:\/\/dentiblanc.com\/fr\/dentiblanc-pro\/","og_locale":"fr_FR","og_type":"article","og_title":"Dentiblanc PRO - Dentiblanc","og_description":"[vc_row full_width=\u00a0\u00bbstretch_row\u00a0\u00bb css=\u00a0\u00bb.vc_custom_1495804874251{background-color: #1f3b72 !important;}\u00a0\u00bb][vc_column width=\u00a0\u00bb1\/12&Prime; offset=\u00a0\u00bbvc_hidden-sm vc_hidden-xs\u00a0\u00bb][\/vc_column][vc_column width=\u00a0\u00bb5\/6&Prime;][vc_empty_space][vc_column_text css=\u00a0\u00bb.vc_custom_1497608484164{background-position: center !important;background-repeat: no-repeat !important;background-size: cover !important;}\u00a0\u00bb] Dentiblanc Blancheur PRO [\/vc_column_text][\/vc_column][vc_column width=\u00a0\u00bb1\/12&Prime;...","og_url":"https:\/\/dentiblanc.com\/fr\/dentiblanc-pro\/","og_site_name":"Dentiblanc","article_modified_time":"2017-06-16T10:41:49+00:00","twitter_card":"summary_large_image","twitter_misc":{"Dur\u00e9e de lecture estim\u00e9e":"2 minutes"},"schema":{"@context":"https:\/\/schema.org","@graph":[{"@type":"WebPage","@id":"https:\/\/dentiblanc.com\/fr\/dentiblanc-pro\/","url":"https:\/\/dentiblanc.com\/fr\/dentiblanc-pro\/","name":"Dentiblanc PRO - Dentiblanc","isPartOf":{"@id":"https:\/\/dentiblanc.com\/fr\/#website"},"datePublished":"2017-06-16T10:24:28+00:00","dateModified":"2017-06-16T10:41:49+00:00","breadcrumb":{"@id":"https:\/\/dentiblanc.com\/fr\/dentiblanc-pro\/#breadcrumb"},"inLanguage":"fr-FR","potentialAction":[{"@type":"ReadAction","target":["https:\/\/dentiblanc.com\/fr\/dentiblanc-pro\/"]}]},{"@type":"BreadcrumbList","@id":"https:\/\/dentiblanc.com\/fr\/dentiblanc-pro\/#breadcrumb","itemListElement":[{"@type":"ListItem","position":1,"name":"Home","item":"https:\/\/dentiblanc.com\/fr\/initiation\/"},{"@type":"ListItem","position":2,"name":"Dentiblanc PRO"}]},{"@type":"WebSite","@id":"https:\/\/dentiblanc.com\/fr\/#website","url":"https:\/\/dentiblanc.com\/fr\/","name":"Dentiblanc","description":"Dentiblanc","potentialAction":[{"@type":"SearchAction","target":{"@type":"EntryPoint","urlTemplate":"https:\/\/dentiblanc.com\/fr\/?s={search_term_string}"},"query-input":"required name=search_term_string"}],"inLanguage":"fr-FR"}]}},"_links":{"self":[{"href":"https:\/\/dentiblanc.com\/fr\/wp-json\/wp\/v2\/pages\/3439"}],"collection":[{"href":"https:\/\/dentiblanc.com\/fr\/wp-json\/wp\/v2\/pages"}],"about":[{"href":"https:\/\/dentiblanc.com\/fr\/wp-json\/wp\/v2\/types\/page"}],"author":[{"embeddable":true,"href":"https:\/\/dentiblanc.com\/fr\/wp-json\/wp\/v2\/users\/1"}],"replies":[{"embeddable":true,"href":"https:\/\/dentiblanc.com\/fr\/wp-json\/wp\/v2\/comments?post=3439"}],"version-history":[{"count":2,"href":"https:\/\/dentiblanc.com\/fr\/wp-json\/wp\/v2\/pages\/3439\/revisions"}],"predecessor-version":[{"id":3447,"href":"https:\/\/dentiblanc.com\/fr\/wp-json\/wp\/v2\/pages\/3439\/revisions\/3447"}],"wp:attachment":[{"href":"https:\/\/dentiblanc.com\/fr\/wp-json\/wp\/v2\/media?parent=3439"}],"curies":[{"name":"wp","href":"https:\/\/api.w.org\/{rel}","templated":true}]}}