{"id":3441,"date":"2017-06-16T12:32:56","date_gmt":"2017-06-16T10:32:56","guid":{"rendered":"https:\/\/dentiblanc.com\/?page_id=3441\/"},"modified":"2017-06-16T12:32:56","modified_gmt":"2017-06-16T10:32:56","slug":"dentiblanc-intensif","status":"publish","type":"page","link":"https:\/\/dentiblanc.com\/fr\/dentiblanc-intensif\/","title":{"rendered":"Dentiblanc Intensif"},"content":{"rendered":"<p>[vc_row full_width=\u00a0\u00bbstretch_row\u00a0\u00bb css=\u00a0\u00bb.vc_custom_1495804884255{background-color: #f07e26 !important;}\u00a0\u00bb][vc_column width=\u00a0\u00bb1\/12&Prime; offset=\u00a0\u00bbvc_hidden-sm vc_hidden-xs\u00a0\u00bb][\/vc_column][vc_column width=\u00a0\u00bb5\/6&Prime;][vc_empty_space][vc_column_text css=\u00a0\u00bb.vc_custom_1497608997706{background-position: center !important;background-repeat: no-repeat !important;background-size: cover !important;}\u00a0\u00bb]<\/p>\n<h4 style=\"text-align: right;\"><span style=\"color: #ffffff;\">Dentiblanc Blancheur INTENSIF<\/span><\/h4>\n<p>[\/vc_column_text][\/vc_column][vc_column width=\u00a0\u00bb1\/12&Prime; offset=\u00a0\u00bbvc_hidden-sm vc_hidden-xs\u00a0\u00bb][\/vc_column][\/vc_row][vc_row full_width=\u00a0\u00bbstretch_row_content_no_spaces\u00a0\u00bb foundry_padding=\u00a0\u00bbpt0 pb0&Prime;][vc_column][layerslider_vc id=\u00a0\u00bb1&Prime;][\/vc_column][\/vc_row][vc_row foundry_padding=\u00a0\u00bbpt0 pb0&Prime;][vc_column width=\u00a0\u00bb1\/2&Prime;][vc_single_image image=\u00a0\u00bb2579&Prime; img_size=\u00a0\u00bbfull\u00a0\u00bb][\/vc_column][vc_column width=\u00a0\u00bb1\/2&Prime;][vc_empty_space height=\u00a0\u00bb50px\u00a0\u00bb][vc_column_text css=\u00a0\u00bb.vc_custom_1497608978499{background-position: center !important;background-repeat: no-repeat !important;background-size: cover !important;}\u00a0\u00bb el_class=\u00a0\u00bbm-t-b-0&Prime;]<\/p>\n<h4><span style=\"color: #cf7f2c;\"><strong>INTENSIF<\/strong><\/span><\/h4>\n<h1>Dentiblanc Blancheur INTENSIF<\/h1>\n<p>DENTIBLANC Blancheur INTENSIF est un dentifrice pour l&rsquo;hygi\u00e8ne et le soin bucco-dentaire \u00e0 l&rsquo;action blanchissante puissante. Un produit naturel sp\u00e9cifiquement con\u00e7u et d\u00e9velopp\u00e9 pour donner un aspect sain et attrayant lorsqu&rsquo;on l&rsquo;utilise pour se laver les dents. Ce n&rsquo;est pas un blanchissant temporaire, mais un produit d&rsquo;hygi\u00e8ne quotidienne et continue.<\/p>\n<p>Vous obtiendrez un nettoyage profond gr\u00e2ce \u00e0 l&rsquo;action globale des ingr\u00e9dients de la formule significativement renforc\u00e9e par la papa\u00efne, une enzyme obtenue du fruit du papayer et qui \u00e9limine les restes de prot\u00e9ines qui adh\u00e8rent aux endroits que votre brosse \u00e0 dents ne peut pas atteindre.[\/vc_column_text][vc_btn title=\u00a0\u00bbVOIR INFORMATIONS\u00a0\u00bb shape=\u00a0\u00bbround\u00a0\u00bb color=\u00a0\u00bbwarning\u00a0\u00bb link=\u00a0\u00bburl:http%3A%2F%2Fdentiblanc.com%2Ffr%2Fsoluciones%2Fblancheur-intensif%2F|||\u00a0\u00bb][\/vc_column][\/vc_row][vc_row foundry_padding=\u00a0\u00bbpt0 pb0&Prime; css=\u00a0\u00bb.vc_custom_1495205856506{background-color: #eeeeee !important;}\u00a0\u00bb][vc_column width=\u00a0\u00bb1\/2&Prime;][vc_single_image image=\u00a0\u00bb2968&Prime; img_size=\u00a0\u00bbfull\u00a0\u00bb][\/vc_column][vc_column width=\u00a0\u00bb1\/2&Prime;][vc_empty_space height=\u00a0\u00bb50px\u00a0\u00bb][vc_column_text css=\u00a0\u00bb.vc_custom_1497609138048{background-position: center !important;background-repeat: no-repeat !important;background-size: cover !important;}\u00a0\u00bb]<\/p>\n<h4><span style=\"color: #cf7f2c;\"><strong>INTENSIF<\/strong><\/span><\/h4>\n<h1>Collutoire<br \/>\nINTENSIF<\/h1>\n<p>Il s&rsquo;agit d&rsquo;une solution sans alcool pour le rin\u00e7age de la bouche au quotidien. C&rsquo;est un produit novateur et naturel qui compl\u00e8te l&rsquo;action blanchissante des dentifrices Dentiblanc. Son utilisation continue avec tous les dentifrices Dentiblanc rend aux dents leur blancheur naturelle.<\/p>\n<p>Sa formule est renforc\u00e9e avec de l&rsquo;extrait de papaye qui renforce la blancheur naturelle de vos dents.[\/vc_column_text][vc_btn title=\u00a0\u00bbVOIR INFORMATIONS\u00a0\u00bb shape=\u00a0\u00bbround\u00a0\u00bb color=\u00a0\u00bbwhite\u00a0\u00bb link=\u00a0\u00bburl:http%3A%2F%2Fdentiblanc.com%2Ffr%2Fsoluciones%2Fcollutoire-intensif%2F|||\u00a0\u00bb][\/vc_column][\/vc_row]<\/p>\n","protected":false},"excerpt":{"rendered":"<p>[vc_row full_width=\u00a0\u00bbstretch_row\u00a0\u00bb css=\u00a0\u00bb.vc_custom_1495804884255{background-color: #f07e26 !important;}\u00a0\u00bb][vc_column width=\u00a0\u00bb1\/12&Prime; offset=\u00a0\u00bbvc_hidden-sm vc_hidden-xs\u00a0\u00bb][\/vc_column][vc_column width=\u00a0\u00bb5\/6&Prime;][vc_empty_space][vc_column_text css=\u00a0\u00bb.vc_custom_1497608997706{background-position: center !important;background-repeat: no-repeat !important;background-size: cover !important;}\u00a0\u00bb] Dentiblanc Blancheur INTENSIF [\/vc_column_text][\/vc_column][vc_column width=\u00a0\u00bb1\/12&Prime;&#8230;<\/p>\n","protected":false},"author":1,"featured_media":0,"parent":0,"menu_order":0,"comment_status":"closed","ping_status":"closed","template":"","meta":[],"yoast_head":"<!-- This site is optimized with the Yoast SEO plugin v20.10 - https:\/\/yoast.com\/wordpress\/plugins\/seo\/ -->\n<title>Dentiblanc Intensif - Dentiblanc<\/title>\n<meta name=\"robots\" content=\"index, follow, max-snippet:-1, max-image-preview:large, max-video-preview:-1\" \/>\n<link rel=\"canonical\" href=\"https:\/\/dentiblanc.com\/fr\/dentiblanc-intensif\/\" \/>\n<meta property=\"og:locale\" content=\"fr_FR\" \/>\n<meta property=\"og:type\" content=\"article\" \/>\n<meta property=\"og:title\" content=\"Dentiblanc Intensif - Dentiblanc\" \/>\n<meta property=\"og:description\" content=\"[vc_row full_width=\u00a0\u00bbstretch_row\u00a0\u00bb css=\u00a0\u00bb.vc_custom_1495804884255{background-color: #f07e26 !important;}\u00a0\u00bb][vc_column width=\u00a0\u00bb1\/12&Prime; offset=\u00a0\u00bbvc_hidden-sm vc_hidden-xs\u00a0\u00bb][\/vc_column][vc_column width=\u00a0\u00bb5\/6&Prime;][vc_empty_space][vc_column_text css=\u00a0\u00bb.vc_custom_1497608997706{background-position: center !important;background-repeat: no-repeat !important;background-size: cover !important;}\u00a0\u00bb] Dentiblanc Blancheur INTENSIF [\/vc_column_text][\/vc_column][vc_column width=\u00a0\u00bb1\/12&Prime;...\" \/>\n<meta property=\"og:url\" content=\"https:\/\/dentiblanc.com\/fr\/dentiblanc-intensif\/\" \/>\n<meta property=\"og:site_name\" content=\"Dentiblanc\" \/>\n<meta name=\"twitter:card\" content=\"summary_large_image\" \/>\n<meta name=\"twitter:label1\" content=\"Dur\u00e9e de lecture estim\u00e9e\" \/>\n\t<meta name=\"twitter:data1\" content=\"2 minutes\" \/>\n<script type=\"application\/ld+json\" class=\"yoast-schema-graph\">{\"@context\":\"https:\/\/schema.org\",\"@graph\":[{\"@type\":\"WebPage\",\"@id\":\"https:\/\/dentiblanc.com\/fr\/dentiblanc-intensif\/\",\"url\":\"https:\/\/dentiblanc.com\/fr\/dentiblanc-intensif\/\",\"name\":\"Dentiblanc Intensif - Dentiblanc\",\"isPartOf\":{\"@id\":\"https:\/\/dentiblanc.com\/fr\/#website\"},\"datePublished\":\"2017-06-16T10:32:56+00:00\",\"dateModified\":\"2017-06-16T10:32:56+00:00\",\"breadcrumb\":{\"@id\":\"https:\/\/dentiblanc.com\/fr\/dentiblanc-intensif\/#breadcrumb\"},\"inLanguage\":\"fr-FR\",\"potentialAction\":[{\"@type\":\"ReadAction\",\"target\":[\"https:\/\/dentiblanc.com\/fr\/dentiblanc-intensif\/\"]}]},{\"@type\":\"BreadcrumbList\",\"@id\":\"https:\/\/dentiblanc.com\/fr\/dentiblanc-intensif\/#breadcrumb\",\"itemListElement\":[{\"@type\":\"ListItem\",\"position\":1,\"name\":\"Home\",\"item\":\"https:\/\/dentiblanc.com\/fr\/initiation\/\"},{\"@type\":\"ListItem\",\"position\":2,\"name\":\"Dentiblanc Intensif\"}]},{\"@type\":\"WebSite\",\"@id\":\"https:\/\/dentiblanc.com\/fr\/#website\",\"url\":\"https:\/\/dentiblanc.com\/fr\/\",\"name\":\"Dentiblanc\",\"description\":\"Dentiblanc\",\"potentialAction\":[{\"@type\":\"SearchAction\",\"target\":{\"@type\":\"EntryPoint\",\"urlTemplate\":\"https:\/\/dentiblanc.com\/fr\/?s={search_term_string}\"},\"query-input\":\"required name=search_term_string\"}],\"inLanguage\":\"fr-FR\"}]}<\/script>\n<!-- \/ Yoast SEO plugin. -->","yoast_head_json":{"title":"Dentiblanc Intensif - Dentiblanc","robots":{"index":"index","follow":"follow","max-snippet":"max-snippet:-1","max-image-preview":"max-image-preview:large","max-video-preview":"max-video-preview:-1"},"canonical":"https:\/\/dentiblanc.com\/fr\/dentiblanc-intensif\/","og_locale":"fr_FR","og_type":"article","og_title":"Dentiblanc Intensif - Dentiblanc","og_description":"[vc_row full_width=\u00a0\u00bbstretch_row\u00a0\u00bb css=\u00a0\u00bb.vc_custom_1495804884255{background-color: #f07e26 !important;}\u00a0\u00bb][vc_column width=\u00a0\u00bb1\/12&Prime; offset=\u00a0\u00bbvc_hidden-sm vc_hidden-xs\u00a0\u00bb][\/vc_column][vc_column width=\u00a0\u00bb5\/6&Prime;][vc_empty_space][vc_column_text css=\u00a0\u00bb.vc_custom_1497608997706{background-position: center !important;background-repeat: no-repeat !important;background-size: cover !important;}\u00a0\u00bb] Dentiblanc Blancheur INTENSIF [\/vc_column_text][\/vc_column][vc_column width=\u00a0\u00bb1\/12&Prime;...","og_url":"https:\/\/dentiblanc.com\/fr\/dentiblanc-intensif\/","og_site_name":"Dentiblanc","twitter_card":"summary_large_image","twitter_misc":{"Dur\u00e9e de lecture estim\u00e9e":"2 minutes"},"schema":{"@context":"https:\/\/schema.org","@graph":[{"@type":"WebPage","@id":"https:\/\/dentiblanc.com\/fr\/dentiblanc-intensif\/","url":"https:\/\/dentiblanc.com\/fr\/dentiblanc-intensif\/","name":"Dentiblanc Intensif - Dentiblanc","isPartOf":{"@id":"https:\/\/dentiblanc.com\/fr\/#website"},"datePublished":"2017-06-16T10:32:56+00:00","dateModified":"2017-06-16T10:32:56+00:00","breadcrumb":{"@id":"https:\/\/dentiblanc.com\/fr\/dentiblanc-intensif\/#breadcrumb"},"inLanguage":"fr-FR","potentialAction":[{"@type":"ReadAction","target":["https:\/\/dentiblanc.com\/fr\/dentiblanc-intensif\/"]}]},{"@type":"BreadcrumbList","@id":"https:\/\/dentiblanc.com\/fr\/dentiblanc-intensif\/#breadcrumb","itemListElement":[{"@type":"ListItem","position":1,"name":"Home","item":"https:\/\/dentiblanc.com\/fr\/initiation\/"},{"@type":"ListItem","position":2,"name":"Dentiblanc Intensif"}]},{"@type":"WebSite","@id":"https:\/\/dentiblanc.com\/fr\/#website","url":"https:\/\/dentiblanc.com\/fr\/","name":"Dentiblanc","description":"Dentiblanc","potentialAction":[{"@type":"SearchAction","target":{"@type":"EntryPoint","urlTemplate":"https:\/\/dentiblanc.com\/fr\/?s={search_term_string}"},"query-input":"required name=search_term_string"}],"inLanguage":"fr-FR"}]}},"_links":{"self":[{"href":"https:\/\/dentiblanc.com\/fr\/wp-json\/wp\/v2\/pages\/3441"}],"collection":[{"href":"https:\/\/dentiblanc.com\/fr\/wp-json\/wp\/v2\/pages"}],"about":[{"href":"https:\/\/dentiblanc.com\/fr\/wp-json\/wp\/v2\/types\/page"}],"author":[{"embeddable":true,"href":"https:\/\/dentiblanc.com\/fr\/wp-json\/wp\/v2\/users\/1"}],"replies":[{"embeddable":true,"href":"https:\/\/dentiblanc.com\/fr\/wp-json\/wp\/v2\/comments?post=3441"}],"version-history":[{"count":1,"href":"https:\/\/dentiblanc.com\/fr\/wp-json\/wp\/v2\/pages\/3441\/revisions"}],"predecessor-version":[{"id":3442,"href":"https:\/\/dentiblanc.com\/fr\/wp-json\/wp\/v2\/pages\/3441\/revisions\/3442"}],"wp:attachment":[{"href":"https:\/\/dentiblanc.com\/fr\/wp-json\/wp\/v2\/media?parent=3441"}],"curies":[{"name":"wp","href":"https:\/\/api.w.org\/{rel}","templated":true}]}}