{"id":3445,"date":"2017-06-16T12:40:40","date_gmt":"2017-06-16T10:40:40","guid":{"rendered":"https:\/\/dentiblanc.com\/?page_id=3445\/"},"modified":"2017-06-16T12:40:40","modified_gmt":"2017-06-16T10:40:40","slug":"dentiblanc-extra-frais","status":"publish","type":"page","link":"https:\/\/dentiblanc.com\/fr\/dentiblanc-extra-frais\/","title":{"rendered":"Dentiblanc Extra-frais"},"content":{"rendered":"<p>[vc_row full_width=\u00a0\u00bbstretch_row\u00a0\u00bb css=\u00a0\u00bb.vc_custom_1495804895381{background-color: #7cb82a !important;}\u00a0\u00bb][vc_column width=\u00a0\u00bb1\/12&Prime; offset=\u00a0\u00bbvc_hidden-sm vc_hidden-xs\u00a0\u00bb][\/vc_column][vc_column width=\u00a0\u00bb5\/6&Prime;][vc_empty_space][vc_column_text css=\u00a0\u00bb.vc_custom_1497609388092{background-position: center !important;background-repeat: no-repeat !important;background-size: cover !important;}\u00a0\u00bb]<\/p>\n<h4 style=\"text-align: right;\"><span style=\"color: #ffffff;\">Dentiblanc\u00a0Blancheur EXTRA-FRAIS<\/span><\/h4>\n<p>[\/vc_column_text][\/vc_column][vc_column width=\u00a0\u00bb1\/12&Prime; offset=\u00a0\u00bbvc_hidden-sm vc_hidden-xs\u00a0\u00bb][\/vc_column][\/vc_row][vc_row full_width=\u00a0\u00bbstretch_row_content_no_spaces\u00a0\u00bb foundry_padding=\u00a0\u00bbpt0 pb0&Prime;][vc_column][layerslider_vc id=\u00a0\u00bb3&Prime;][\/vc_column][\/vc_row][vc_row foundry_padding=\u00a0\u00bbpt0&Prime;][vc_column width=\u00a0\u00bb1\/2&Prime;][vc_single_image image=\u00a0\u00bb2578&Prime; img_size=\u00a0\u00bbfull\u00a0\u00bb][\/vc_column][vc_column width=\u00a0\u00bb1\/2&Prime;][vc_empty_space height=\u00a0\u00bb50px\u00a0\u00bb][vc_column_text css=\u00a0\u00bb.vc_custom_1497609514883{background-position: center !important;background-repeat: no-repeat !important;background-size: cover !important;}\u00a0\u00bb el_class=\u00a0\u00bbm-t-b-0&Prime;]<\/p>\n<h4><span style=\"color: #6c953f;\"><strong>EXTRA-FRAIS<\/strong><\/span><\/h4>\n<h1>Dentiblanc<br \/>\nBlancheur EXTRA-FRAIS<\/h1>\n<p>DENTIBLANC Blancheur EXTRA-FRAIS est un dentifrice \u00e0 l&rsquo;action blanchissante puissante qui offre une haleine ultra-rafra\u00eechissante.<\/p>\n<p>Le nettoyage profond que vous obtiendrez gr\u00e2ce \u00e0 l&rsquo;action globale des ingr\u00e9dients de la formule est significativement renforc\u00e9 par la papa\u00efne, une enzyme obtenue du fruit du papayer et qui \u00e9limine les restes de prot\u00e9ines qui adh\u00e8rent aux endroits que votre brosse \u00e0 dents ne peut pas atteindre. Gr\u00e2ce \u00e0 son contenu en fluor, DENTIBLANC Blancheur EXTRA-FRAIS renforce votre \u00e9mail et \u00e9limine la plaque dentaire bact\u00e9rienne et le tartre. La pr\u00e9sence de dioxyde de titane, un agent blanchissant optique exceptionnel, accentue la blancheur obtenue sur l&rsquo;\u00e9mail par l&rsquo;action synergique du reste des composants du produit. L&rsquo;essence de menthe et le menthol rafra\u00eechissent et vous aident \u00e0 combattre la mauvaise haleine de mani\u00e8re efficace.<br \/>\n[\/vc_column_text][vc_btn title=\u00a0\u00bbVOIR INFORMATIONS\u00a0\u00bb shape=\u00a0\u00bbround\u00a0\u00bb color=\u00a0\u00bbgreen\u00a0\u00bb link=\u00a0\u00bburl:http%3A%2F%2Fdentiblanc.com%2Ffr%2Fsoluciones%2Fblancheur-extra-frais%2F|||\u00a0\u00bb][\/vc_column][\/vc_row][vc_row css=\u00a0\u00bb.vc_custom_1495124709378{background-color: #eeeeee !important;}\u00a0\u00bb][vc_column width=\u00a0\u00bb1\/2&Prime;][vc_single_image image=\u00a0\u00bb2967&Prime; img_size=\u00a0\u00bbfull\u00a0\u00bb][\/vc_column][vc_column width=\u00a0\u00bb1\/2&Prime;][vc_empty_space height=\u00a0\u00bb50px\u00a0\u00bb][vc_column_text css=\u00a0\u00bb.vc_custom_1497609613505{background-position: center !important;background-repeat: no-repeat !important;background-size: cover !important;}\u00a0\u00bb]<\/p>\n<h4><span style=\"color: #6c953f;\"><strong>EXTRA-FRAIS<\/strong><\/span><\/h4>\n<h1>Dentiblanc<br \/>\nCollutoire EXTRA-FRAIS<\/h1>\n<p>C&rsquo;est un produit rin\u00e7ant d&rsquo;usage quotidien pour la bouche qui vous aide \u00e0 compl\u00e9ter l&rsquo;action blanchissante des dentifrices Dentiblanc.<\/p>\n<p>Sa formule est renforc\u00e9e par la papa\u00efne, l&rsquo;enzyme du fruit de la papaye, qui dissout les restes d&rsquo;aliments qui adh\u00e8rent l\u00e0 o\u00f9 la brosse \u00e0 dents n&rsquo;arrive pas et renforce la blancheur naturelle de vos dents. L&rsquo;action synergique de ses composants pr\u00e9vient la formation de plaque dentaire bact\u00e9rienne et de tartre, en vous permettant d&rsquo;avoir une hygi\u00e8ne buccale plus compl\u00e8te.<br \/>\n[\/vc_column_text][vc_btn title=\u00a0\u00bbVOIR INFORMATIONS\u00a0\u00bb shape=\u00a0\u00bbround\u00a0\u00bb color=\u00a0\u00bbwhite\u00a0\u00bb link=\u00a0\u00bburl:http%3A%2F%2Fdentiblanc.com%2Ffr%2Fsoluciones%2Fcollutoire-extra-frais%2F|||\u00a0\u00bb][\/vc_column][\/vc_row]<\/p>\n","protected":false},"excerpt":{"rendered":"<p>[vc_row full_width=\u00a0\u00bbstretch_row\u00a0\u00bb css=\u00a0\u00bb.vc_custom_1495804895381{background-color: #7cb82a !important;}\u00a0\u00bb][vc_column width=\u00a0\u00bb1\/12&Prime; offset=\u00a0\u00bbvc_hidden-sm vc_hidden-xs\u00a0\u00bb][\/vc_column][vc_column width=\u00a0\u00bb5\/6&Prime;][vc_empty_space][vc_column_text css=\u00a0\u00bb.vc_custom_1497609388092{background-position: center !important;background-repeat: no-repeat !important;background-size: cover !important;}\u00a0\u00bb] Dentiblanc\u00a0Blancheur EXTRA-FRAIS [\/vc_column_text][\/vc_column][vc_column width=\u00a0\u00bb1\/12&Prime; offset=\u00a0\u00bbvc_hidden-sm&#8230;<\/p>\n","protected":false},"author":1,"featured_media":0,"parent":0,"menu_order":0,"comment_status":"closed","ping_status":"closed","template":"","meta":[],"yoast_head":"<!-- This site is optimized with the Yoast SEO plugin v20.10 - https:\/\/yoast.com\/wordpress\/plugins\/seo\/ -->\n<title>Dentiblanc Extra-frais - Dentiblanc<\/title>\n<meta name=\"robots\" content=\"index, follow, max-snippet:-1, max-image-preview:large, max-video-preview:-1\" \/>\n<link rel=\"canonical\" href=\"https:\/\/dentiblanc.com\/fr\/dentiblanc-extra-frais\/\" \/>\n<meta property=\"og:locale\" content=\"fr_FR\" \/>\n<meta property=\"og:type\" content=\"article\" \/>\n<meta property=\"og:title\" content=\"Dentiblanc Extra-frais - Dentiblanc\" \/>\n<meta property=\"og:description\" content=\"[vc_row full_width=\u00a0\u00bbstretch_row\u00a0\u00bb css=\u00a0\u00bb.vc_custom_1495804895381{background-color: #7cb82a !important;}\u00a0\u00bb][vc_column width=\u00a0\u00bb1\/12&Prime; offset=\u00a0\u00bbvc_hidden-sm vc_hidden-xs\u00a0\u00bb][\/vc_column][vc_column width=\u00a0\u00bb5\/6&Prime;][vc_empty_space][vc_column_text css=\u00a0\u00bb.vc_custom_1497609388092{background-position: center !important;background-repeat: no-repeat !important;background-size: cover !important;}\u00a0\u00bb] Dentiblanc\u00a0Blancheur EXTRA-FRAIS [\/vc_column_text][\/vc_column][vc_column width=\u00a0\u00bb1\/12&Prime; offset=\u00a0\u00bbvc_hidden-sm...\" \/>\n<meta property=\"og:url\" content=\"https:\/\/dentiblanc.com\/fr\/dentiblanc-extra-frais\/\" \/>\n<meta property=\"og:site_name\" content=\"Dentiblanc\" \/>\n<meta name=\"twitter:card\" content=\"summary_large_image\" \/>\n<meta name=\"twitter:label1\" content=\"Dur\u00e9e de lecture estim\u00e9e\" \/>\n\t<meta name=\"twitter:data1\" content=\"2 minutes\" \/>\n<script type=\"application\/ld+json\" class=\"yoast-schema-graph\">{\"@context\":\"https:\/\/schema.org\",\"@graph\":[{\"@type\":\"WebPage\",\"@id\":\"https:\/\/dentiblanc.com\/fr\/dentiblanc-extra-frais\/\",\"url\":\"https:\/\/dentiblanc.com\/fr\/dentiblanc-extra-frais\/\",\"name\":\"Dentiblanc Extra-frais - Dentiblanc\",\"isPartOf\":{\"@id\":\"https:\/\/dentiblanc.com\/fr\/#website\"},\"datePublished\":\"2017-06-16T10:40:40+00:00\",\"dateModified\":\"2017-06-16T10:40:40+00:00\",\"breadcrumb\":{\"@id\":\"https:\/\/dentiblanc.com\/fr\/dentiblanc-extra-frais\/#breadcrumb\"},\"inLanguage\":\"fr-FR\",\"potentialAction\":[{\"@type\":\"ReadAction\",\"target\":[\"https:\/\/dentiblanc.com\/fr\/dentiblanc-extra-frais\/\"]}]},{\"@type\":\"BreadcrumbList\",\"@id\":\"https:\/\/dentiblanc.com\/fr\/dentiblanc-extra-frais\/#breadcrumb\",\"itemListElement\":[{\"@type\":\"ListItem\",\"position\":1,\"name\":\"Home\",\"item\":\"https:\/\/dentiblanc.com\/fr\/initiation\/\"},{\"@type\":\"ListItem\",\"position\":2,\"name\":\"Dentiblanc Extra-frais\"}]},{\"@type\":\"WebSite\",\"@id\":\"https:\/\/dentiblanc.com\/fr\/#website\",\"url\":\"https:\/\/dentiblanc.com\/fr\/\",\"name\":\"Dentiblanc\",\"description\":\"Dentiblanc\",\"potentialAction\":[{\"@type\":\"SearchAction\",\"target\":{\"@type\":\"EntryPoint\",\"urlTemplate\":\"https:\/\/dentiblanc.com\/fr\/?s={search_term_string}\"},\"query-input\":\"required name=search_term_string\"}],\"inLanguage\":\"fr-FR\"}]}<\/script>\n<!-- \/ Yoast SEO plugin. -->","yoast_head_json":{"title":"Dentiblanc Extra-frais - Dentiblanc","robots":{"index":"index","follow":"follow","max-snippet":"max-snippet:-1","max-image-preview":"max-image-preview:large","max-video-preview":"max-video-preview:-1"},"canonical":"https:\/\/dentiblanc.com\/fr\/dentiblanc-extra-frais\/","og_locale":"fr_FR","og_type":"article","og_title":"Dentiblanc Extra-frais - Dentiblanc","og_description":"[vc_row full_width=\u00a0\u00bbstretch_row\u00a0\u00bb css=\u00a0\u00bb.vc_custom_1495804895381{background-color: #7cb82a !important;}\u00a0\u00bb][vc_column width=\u00a0\u00bb1\/12&Prime; offset=\u00a0\u00bbvc_hidden-sm vc_hidden-xs\u00a0\u00bb][\/vc_column][vc_column width=\u00a0\u00bb5\/6&Prime;][vc_empty_space][vc_column_text css=\u00a0\u00bb.vc_custom_1497609388092{background-position: center !important;background-repeat: no-repeat !important;background-size: cover !important;}\u00a0\u00bb] Dentiblanc\u00a0Blancheur EXTRA-FRAIS [\/vc_column_text][\/vc_column][vc_column width=\u00a0\u00bb1\/12&Prime; offset=\u00a0\u00bbvc_hidden-sm...","og_url":"https:\/\/dentiblanc.com\/fr\/dentiblanc-extra-frais\/","og_site_name":"Dentiblanc","twitter_card":"summary_large_image","twitter_misc":{"Dur\u00e9e de lecture estim\u00e9e":"2 minutes"},"schema":{"@context":"https:\/\/schema.org","@graph":[{"@type":"WebPage","@id":"https:\/\/dentiblanc.com\/fr\/dentiblanc-extra-frais\/","url":"https:\/\/dentiblanc.com\/fr\/dentiblanc-extra-frais\/","name":"Dentiblanc Extra-frais - Dentiblanc","isPartOf":{"@id":"https:\/\/dentiblanc.com\/fr\/#website"},"datePublished":"2017-06-16T10:40:40+00:00","dateModified":"2017-06-16T10:40:40+00:00","breadcrumb":{"@id":"https:\/\/dentiblanc.com\/fr\/dentiblanc-extra-frais\/#breadcrumb"},"inLanguage":"fr-FR","potentialAction":[{"@type":"ReadAction","target":["https:\/\/dentiblanc.com\/fr\/dentiblanc-extra-frais\/"]}]},{"@type":"BreadcrumbList","@id":"https:\/\/dentiblanc.com\/fr\/dentiblanc-extra-frais\/#breadcrumb","itemListElement":[{"@type":"ListItem","position":1,"name":"Home","item":"https:\/\/dentiblanc.com\/fr\/initiation\/"},{"@type":"ListItem","position":2,"name":"Dentiblanc Extra-frais"}]},{"@type":"WebSite","@id":"https:\/\/dentiblanc.com\/fr\/#website","url":"https:\/\/dentiblanc.com\/fr\/","name":"Dentiblanc","description":"Dentiblanc","potentialAction":[{"@type":"SearchAction","target":{"@type":"EntryPoint","urlTemplate":"https:\/\/dentiblanc.com\/fr\/?s={search_term_string}"},"query-input":"required name=search_term_string"}],"inLanguage":"fr-FR"}]}},"_links":{"self":[{"href":"https:\/\/dentiblanc.com\/fr\/wp-json\/wp\/v2\/pages\/3445"}],"collection":[{"href":"https:\/\/dentiblanc.com\/fr\/wp-json\/wp\/v2\/pages"}],"about":[{"href":"https:\/\/dentiblanc.com\/fr\/wp-json\/wp\/v2\/types\/page"}],"author":[{"embeddable":true,"href":"https:\/\/dentiblanc.com\/fr\/wp-json\/wp\/v2\/users\/1"}],"replies":[{"embeddable":true,"href":"https:\/\/dentiblanc.com\/fr\/wp-json\/wp\/v2\/comments?post=3445"}],"version-history":[{"count":2,"href":"https:\/\/dentiblanc.com\/fr\/wp-json\/wp\/v2\/pages\/3445\/revisions"}],"predecessor-version":[{"id":3612,"href":"https:\/\/dentiblanc.com\/fr\/wp-json\/wp\/v2\/pages\/3445\/revisions\/3612"}],"wp:attachment":[{"href":"https:\/\/dentiblanc.com\/fr\/wp-json\/wp\/v2\/media?parent=3445"}],"curies":[{"name":"wp","href":"https:\/\/api.w.org\/{rel}","templated":true}]}}