{"id":3470,"date":"2017-06-19T12:20:06","date_gmt":"2017-06-19T10:20:06","guid":{"rendered":"https:\/\/dentiblanc.com\/?page_id=3470\/"},"modified":"2023-06-28T11:30:47","modified_gmt":"2023-06-28T09:30:47","slug":"hygiene-dentaire","status":"publish","type":"page","link":"https:\/\/dentiblanc.com\/fr\/hygiene-dentaire\/","title":{"rendered":"Hygi\u00e8ne dentaire"},"content":{"rendered":"<p>[vc_row full_width=\u00a0\u00bbstretch_row\u00a0\u00bb css=\u00a0\u00bb.vc_custom_1496150103372{margin-bottom: 0px !important;border-bottom-width: 0px !important;padding-bottom: 0px !important;}\u00a0\u00bb][vc_column][vc_single_image image=\u00a0\u00bb3477&Prime; img_size=\u00a0\u00bbfull\u00a0\u00bb alignment=\u00a0\u00bbcenter\u00a0\u00bb][\/vc_column][\/vc_row][vc_row][vc_column][vc_column_text]<\/p>\n<h3 class=\"mb40 mb-xs-32\">La plaque dentaire bact\u00e9rienne et ses cons\u00e9quences.<\/h3>\n<p class=\"lead mb0\">Aujourd&rsquo;hui, les probl\u00e8mes dentaires demeurent le troisi\u00e8me probl\u00e8me de sant\u00e9 le plus fr\u00e9quent \u00e0 l&rsquo;\u00e9chelle mondiale. Actuellement, on sait que la cause principale de ce type d&rsquo;affections est la plaque dentaire bact\u00e9rienne et qu&rsquo;un bon soin bucco-dentaire permet de contr\u00f4ler la formation de celle-ci.<\/p>\n<p>[\/vc_column_text][vc_column_text]<\/p>\n<p class=\"lead mb0\">La plaque dentaire bact\u00e9rienne se pr\u00e9sente sous la forme d&rsquo;un film tr\u00e8s fin et invisible \u00e0 l&rsquo;\u0153il nu qui adh\u00e8re fortement \u00e0 la surface des dents et donne la sensation d&rsquo;avoir les dents recouvertes d&rsquo;une substance sale et d\u00e9sagr\u00e9able.<\/p>\n<p>[\/vc_column_text][vc_column_text]<\/p>\n<p class=\"lead mb0\">Les bact\u00e9ries peuplant cette plaque, qui se d\u00e9veloppent en s&rsquo;alimentant des restes d&rsquo;aliments (en particulier ceux riches en sucres), g\u00e9n\u00e8rent des acides qui attaquent l&rsquo;\u00e9mail dentaire et provoquent la d\u00e9min\u00e9ralisation de celui-ci, ce qui peut causer des caries et l&rsquo;haleine f\u00e9tide ou halitose.<\/p>\n<p>[\/vc_column_text][vc_column_text]<\/p>\n<p class=\"lead mb0\">En outre, une fois que le processus est lanc\u00e9, la plaque dentaire bact\u00e9rienne s&rsquo;\u00e9paissit et se calcifie en formant le tartre, une pellicule visible et peu esth\u00e9tique souvent accompagn\u00e9e de taches fonc\u00e9es.<\/p>\n<p>[\/vc_column_text][vc_column_text]<\/p>\n<h3 class=\"mb40 mb-xs-32\">Le manque de contr\u00f4le de la plaque dentaire bact\u00e9rienne est l&rsquo;origine de la majorit\u00e9 des probl\u00e8mes:<\/h3>\n<p>[\/vc_column_text][vc_column_text css=\u00a0\u00bb.vc_custom_1497868850662{margin-bottom: 0px !important;border-bottom-width: 0px !important;padding-bottom: 0px !important;}\u00a0\u00bb]<\/p>\n<p class=\"lead mb0\"><span style=\"color: #1f3b72;\"><strong>90%<\/strong> de la population a des <strong>TACHES SUR LES DENTS<\/strong>.<\/span><\/p>\n<p>[\/vc_column_text]\n\t\t\t<div class=\"progress-bars text-center\">\n\t\t\t    <div class=\"progress progress-1\">\n\t\t\t        <div class=\"progress-bar\" data-progress=\"90\">\n\t\t\t            <span class=\"title\">90%<\/span>\n\t\t\t        <\/div>\n\t\t\t    <\/div>\n\t\t\t<\/div>\n\t\t[vc_separator color=\u00a0\u00bbblue\u00a0\u00bb align=\u00a0\u00bbalign_left\u00a0\u00bb css=\u00a0\u00bb.vc_custom_1496148761749{padding-top: 16px !important;}\u00a0\u00bb][vc_column_text css=\u00a0\u00bb.vc_custom_1497869019344{margin-bottom: 0px !important;border-bottom-width: 0px !important;padding-bottom: 0px !important;}\u00a0\u00bb]<\/p>\n<p class=\"lead mb0\"><span style=\"color: #1f3b72;\"><strong>92 \u00e0 95%<\/strong> des adultes souffrent de <strong>CARIES<\/strong><\/span><\/p>\n<p>[\/vc_column_text]\n\t\t\t<div class=\"progress-bars text-center\">\n\t\t\t    <div class=\"progress progress-1\">\n\t\t\t        <div class=\"progress-bar\" data-progress=\"95\">\n\t\t\t            <span class=\"title\">95%<\/span>\n\t\t\t        <\/div>\n\t\t\t    <\/div>\n\t\t\t<\/div>\n\t\t[vc_separator color=\u00a0\u00bbblue\u00a0\u00bb align=\u00a0\u00bbalign_left\u00a0\u00bb css=\u00a0\u00bb.vc_custom_1496148761749{padding-top: 16px !important;}\u00a0\u00bb][vc_column_text css=\u00a0\u00bb.vc_custom_1497868912242{margin-bottom: 0px !important;border-bottom-width: 0px !important;padding-bottom: 0px !important;}\u00a0\u00bb]<\/p>\n<p class=\"lead mb0\"><span style=\"color: #1f3b72;\"><strong>85 \u00e0 95%<\/strong> souffrent de <strong>GINGIVITE ou de PARODONTITE<\/strong><\/span><\/p>\n<p>[\/vc_column_text]\n\t\t\t<div class=\"progress-bars text-center\">\n\t\t\t    <div class=\"progress progress-1\">\n\t\t\t        <div class=\"progress-bar\" data-progress=\"95\">\n\t\t\t            <span class=\"title\">95%<\/span>\n\t\t\t        <\/div>\n\t\t\t    <\/div>\n\t\t\t<\/div>\n\t\t[vc_separator color=\u00a0\u00bbblue\u00a0\u00bb align=\u00a0\u00bbalign_left\u00a0\u00bb css=\u00a0\u00bb.vc_custom_1496148761749{padding-top: 16px !important;}\u00a0\u00bb][vc_column_text css=\u00a0\u00bb.vc_custom_1497868947259{margin-bottom: 0px !important;border-bottom-width: 0px !important;padding-bottom: 0px !important;}\u00a0\u00bb]<\/p>\n<p class=\"lead mb0\"><span style=\"color: #1f3b72;\"><strong>15 \u00e0 20%<\/strong> souffrent <strong>d&rsquo;HYPERSENSIBILIT\u00c9 DENTAIRE<\/strong><\/span><\/p>\n<p>[\/vc_column_text]\n\t\t\t<div class=\"progress-bars text-center\">\n\t\t\t    <div class=\"progress progress-1\">\n\t\t\t        <div class=\"progress-bar\" data-progress=\"20\">\n\t\t\t            <span class=\"title\">20%<\/span>\n\t\t\t        <\/div>\n\t\t\t    <\/div>\n\t\t\t<\/div>\n\t\t[vc_separator color=\u00a0\u00bbblue\u00a0\u00bb align=\u00a0\u00bbalign_left\u00a0\u00bb css=\u00a0\u00bb.vc_custom_1496148761749{padding-top: 16px !important;}\u00a0\u00bb][vc_column_text css=\u00a0\u00bb.vc_custom_1497868976967{margin-bottom: 0px !important;border-bottom-width: 0px !important;padding-bottom: 0px !important;}\u00a0\u00bb]<\/p>\n<p class=\"lead mb0\"><span style=\"color: #1f3b72;\"><strong>50%<\/strong> aura <strong>MAUVAISE HALEINE<\/strong> (HALITOSE)<br \/>\n<\/span>[\/vc_column_text]\n\t\t\t<div class=\"progress-bars text-center\">\n\t\t\t    <div class=\"progress progress-1\">\n\t\t\t        <div class=\"progress-bar\" data-progress=\"50\">\n\t\t\t            <span class=\"title\">50%<\/span>\n\t\t\t        <\/div>\n\t\t\t    <\/div>\n\t\t\t<\/div>\n\t\t[vc_separator color=\u00a0\u00bbblue\u00a0\u00bb align=\u00a0\u00bbalign_left\u00a0\u00bb css=\u00a0\u00bb.vc_custom_1496148761749{padding-top: 16px !important;}\u00a0\u00bb][vc_column_text css=\u00a0\u00bb.vc_custom_1497869006773{margin-bottom: 0px !important;border-bottom-width: 0px !important;padding-bottom: 0px !important;}\u00a0\u00bb]<\/p>\n<p class=\"lead mb0\"><span style=\"color: #1f3b72;\">100% de la population souffrira de <strong>VIEILLISSEMENT DENTAIRE<\/strong> avec l&rsquo;\u00e2ge<\/span><\/p>\n<p>[\/vc_column_text]\n\t\t\t<div class=\"progress-bars text-center\">\n\t\t\t    <div class=\"progress progress-1\">\n\t\t\t        <div class=\"progress-bar\" data-progress=\"100\">\n\t\t\t            <span class=\"title\">100%<\/span>\n\t\t\t        <\/div>\n\t\t\t    <\/div>\n\t\t\t<\/div>\n\t\t[\/vc_column][\/vc_row][vc_row foundry_background_style=\u00a0\u00bbbg-primary\u00a0\u00bb css=\u00a0\u00bb.vc_custom_1496141835132{background-color: #a5a5a5 !important;}\u00a0\u00bb][vc_column width=\u00a0\u00bb1\/2&Prime;]\n\t\t\t<div class=\"feature feature-1\">\n\t\t\t\t<a href=\"https:\/\/dentiblanc.com\/fr\/hygiene-dentaire\/comment-eliminer-la-plaque-dentaire-bacterienne\/\" target=\"\">\n\t\t\t    <div class=\"text-center\">\n\t\t\t        <i class=\"ti-help icon\"><\/i>\n\t\t\t        <h5 class=\"uppercase\">Comment \u00e9liminer la plaque dentaire bact\u00e9rienne ?<\/h5>\n\t\t\t    <\/div>\n\t\t\t    <p>Une hygi\u00e8ne dentaire quotidienne avec un produit adapt\u00e9 et un bon brossage permettent de combattre la formation de la plaque dentaire bact\u00e9rienne et d&rsquo;\u00e9viter l&rsquo;accumulation de restes d&rsquo;aliments, caf\u00e9, tabac, etc., qui provoquent les taches qui cachent le blanc de l&rsquo;\u00e9mail.<\/p>\n\n\t\t\t    <\/a>\n\t\t\t<\/div>\n\t\t[\/vc_column][vc_column width=\u00a0\u00bb1\/2&Prime;]\n\t\t\t<div class=\"feature feature-1\">\n\t\t\t\t<a href=\"https:\/\/dentiblanc.com\/fr\/hygiene-dentaire\/les-taches\/\" target=\"\">\n\t\t\t    <div class=\"text-center\">\n\t\t\t        <i class=\"ti-eraser icon\"><\/i>\n\t\t\t        <h5 class=\"uppercase\">Les taches<\/h5>\n\t\t\t    <\/div>\n\t\t\t    <p><span style=\"font-weight: 400;\">Une alimentation riche en sucre, le caf\u00e9 ou le tabac peuvent tacher vos dents, les faire vieillir ou alt\u00e9rer leur couleur.<\/span><\/p>\n\n\t\t\t    <\/a>\n\t\t\t<\/div>\n\t\t[\/vc_column][\/vc_row][vc_row full_width=\u00a0\u00bbstretch_row\u00a0\u00bb][vc_column]<div class=\"process-carousel\">\n\t\t<section class=\"bg-primary fullscreen\">\n\t\t    <div class=\"col-md-9 content v-align-transform\">\n\t\t        <div id=\"attachment_2581\" style=\"width: 225px\" class=\"wp-caption alignleft\"><img aria-describedby=\"caption-attachment-2581\" decoding=\"async\" loading=\"lazy\" class=\"size-medium wp-image-2581\" src=\"https:\/\/dentiblanc.com\/wp-content\/uploads\/2023\/06\/dentiblanc-extrafresh-blanqueador-nofondo.png\" alt=\"\" width=\"215\" height=\"300\" \/><p id=\"caption-attachment-2581\" class=\"wp-caption-text\">Dentiblanc Blancheur PRO<\/p><\/div>\n<h1 class=\"mb40 mb-xs-32\">Les Solutions Dentiblanc<\/h1>\n<h3 class=\"mb40 mb-xs-32\">Blancheur PRO<\/h3>\n<p class=\"lead mb0\">Il s&rsquo;agit d&rsquo;un dentifrice pour votre hygi\u00e8ne dentaire quotidienne avec une nouvelle formule de protection globale blanchissante, qui fait briller et poss\u00e8de une action r\u00e9paratrice. Une formule compl\u00e8te avec de l&rsquo;hydroxyapatite non nano, de la polyvinylpyrrolidone (PVP), des particules sph\u00e9riques de silice, de fluor et de b\u00e9ta\u00efne, qui nettoie, blanchit et prot\u00e8ge votre \u00e9mail dentaire du tartre, des caries, de la sensibilit\u00e9 dentaire et du passage du temps tout en hydratant et en prot\u00e9geant vos muqueuses et vos gencives.<\/p>\n<p><a href=\"https:\/\/dentiblanc.com\/dentiblanc-pro\/\">Plus d&rsquo;informations<\/a>\n\t\t    <\/div>\n\t\t<\/section>\n\t\n\t\t<section class=\"light-wrapper fullscreen\">\n\t\t    <div class=\"col-md-9 content v-align-transform\">\n\t\t        <div id=\"attachment_2694\" style=\"width: 310px\" class=\"wp-caption alignleft\"><img aria-describedby=\"caption-attachment-2694\" decoding=\"async\" loading=\"lazy\" class=\"size-medium wp-image-2694\" src=\"https:\/\/dentiblanc.com\/wp-content\/uploads\/2023\/06\/pack-blanqueador.png\" alt=\"\" width=\"300\" height=\"228\" \/><p id=\"caption-attachment-2694\" class=\"wp-caption-text\">Dentiblanc Blancheur INTESNIF<\/p><\/div>\n<h1 class=\"mb40 mb-xs-32\"><span style=\"color: #ffffff;\">Les Solutions Dentiblanc<\/span><\/h1>\n<h3 class=\"mb40 mb-xs-32\"><span style=\"color: #ffffff;\">Blancheur INTESNIF<\/span><\/h3>\n<p class=\"lead mb0\"><span style=\"color: #ffffff;\">DENTIBLANC Blancheur INTENSIF est un dentifrice pour l&rsquo;hygi\u00e8ne et le soin bucco-dentaire \u00e0 l&rsquo;action blanchissante puissante. Un produit naturel sp\u00e9cifiquement con\u00e7u et d\u00e9velopp\u00e9 pour donner un aspect sain et attrayant lorsqu&rsquo;on l&rsquo;utilise pour se laver les dents. Ce n&rsquo;est pas un blanchissant temporaire, mais un produit d&rsquo;hygi\u00e8ne quotidienne et continue.<\/span><\/p>\n<p><span style=\"color: #ffffff;\"><a style=\"color: #ffffff;\" href=\"https:\/\/dentiblanc.com\/fr\/dentiblanc-intensif\/\">Plus d&rsquo;informations<\/a><\/span>\n\t\t    <\/div>\n\t\t<\/section>\n\t\n\t\t<section class=\"bg-secondary fullscreen\">\n\t\t    <div class=\"col-md-9 content v-align-transform\">\n\t\t        <div id=\"attachment_2693\" style=\"width: 303px\" class=\"wp-caption alignleft\"><img aria-describedby=\"caption-attachment-2693\" decoding=\"async\" loading=\"lazy\" class=\"size-medium wp-image-2693\" src=\"https:\/\/dentiblanc.com\/wp-content\/uploads\/2023\/06\/extrafresh-no-1.png\" alt=\"\" width=\"293\" height=\"300\" \/><p id=\"caption-attachment-2693\" class=\"wp-caption-text\">Dentiblanc Blancheur EXTRA-FRAIS est un dentifrice \u00e0 l&rsquo;action blanchissante puissante qui offre une haleine ultra-rafra\u00eechissante.<\/p><\/div>\n<h1 class=\"mb40 mb-xs-32\"><span style=\"color: #ffffff;\">Les Solutions Dentiblanc<\/span><\/h1>\n<h3 class=\"mb40 mb-xs-32\"><span style=\"color: #ffffff;\">Detiblanc blanqueador EXTRAFRESH<\/span><\/h3>\n<p class=\"lead mb0\"><span style=\"color: #ffffff;\">DENTIBLANC Blancheur EXTRA-FRAIS est un dentifrice \u00e0 l&rsquo;action blanchissante puissante qui offre une haleine ultra-rafra\u00eechissante. Un produit naturel sp\u00e9cifiquement con\u00e7u et d\u00e9velopp\u00e9 pour donner un aspect sain et attrayant lorsqu&rsquo;il est utilis\u00e9 pour se laver les dents. Ce n&rsquo;est pas un blanchissant temporaire, mais un produit d&rsquo;hygi\u00e8ne quotidienne et continue.<br \/>\n<\/span><\/p>\n<p><span style=\"color: #ffffff;\"><a style=\"color: #ffffff;\" href=\"https:\/\/dentiblanc.com\/gama-dentiblanc-extrafresh\/\">Plus d&rsquo;informations<\/a><\/span>\n\t\t    <\/div>\n\t\t<\/section>\n\t<\/div>\n\t\t\t<script type=\"text\/javascript\">\n\t\t\t\tjQuery(document).ready(function() { \n\t\t\n\t\t\t\t\tjQuery('.process-carousel').owlCarousel({\n\t\t\t\t\t\tnav: true,\n\t\t\t\t\t\tnavText: [\"\",\"<i class='ti-angle-right'>\"],\n\t\t\t\t\t\tdots: false,\n\t\t\t\t\t\tcenter: true,\n\t\t\t\t\t\tloop:true,\n\t\t\t\t\t\tresponsive:{\n\t\t\t\t\t        0:{\n\t\t\t\t\t            items:1\n\t\t\t\t\t        }\n\t\t\t\t\t    }\n\t\t\t\t\t});\n\t\t\t\t\t\n\t\t\t\t});\n\t\t\t<\/script>\n\t\t[\/vc_column][\/vc_row][vc_row][vc_column][vc_empty_space height=\u00a0\u00bb60px\u00a0\u00bb][\/vc_column][\/vc_row][vc_row full_width=\u00a0\u00bbstretch_row_content_no_spaces\u00a0\u00bb foundry_padding=\u00a0\u00bbpt0 pb0&Prime; css=\u00a0\u00bb.vc_custom_1495811855558{background-color: #1f3b72 !important;}\u00a0\u00bb][vc_column][vc_empty_space][vc_row_inner][vc_column_inner width=\u00a0\u00bb1\/4&Prime;][vc_column_text]<\/p>\n<h4><span style=\"color: #ffffff;\">HIGIENE DENTAL<\/span><\/h4>\n<p>[\/vc_column_text][vc_wp_custommenu nav_menu=\u00a0\u00bb46&Prime; el_id=\u00a0\u00bbmenu-footer-column1&Prime;][\/vc_column_inner][vc_column_inner width=\u00a0\u00bb1\/4&Prime;][vc_column_text]<\/p>\n<h4><span style=\"color: #ffffff;\">SOLUCIONES<\/span><\/h4>\n<p>[\/vc_column_text][vc_wp_custommenu nav_menu=\u00a0\u00bb47&Prime; el_class=\u00a0\u00bbmenu-footer\u00a0\u00bb el_id=\u00a0\u00bbmenu-footer-column2&Prime;][\/vc_column_inner][vc_column_inner width=\u00a0\u00bb1\/4&Prime; offset=\u00a0\u00bbvc_hidden-md vc_hidden-sm vc_hidden-xs\u00a0\u00bb][\/vc_column_inner][vc_column_inner width=\u00a0\u00bb1\/4&Prime;][vc_column_text]<\/p>\n<h4><span style=\"color: #ffffff;\">CONTACTO<\/span><\/h4>\n<p>[\/vc_column_text][vc_raw_html]JTNDaDUlMjBpZCUzRCUyMmZvb3Rlci1jb2x1bW4tNCUyMiUzRUMlMkYlMjBQcm92ZW4lQzMlQTdhJTJDJTIwMzg2LiUzQ2JyJTNFJTBBMDgwMjUlMjBCYXJjZWxvbmElM0NiciUzRSUwQSUyOCUyQjM0JTI5JTIwOTMyJTIwMDcwJTIwNTEyJTNDYnIlM0UlMEElMjglMkIzNCUyOSUyMDkzMiUyMDA3MSUyMDkzMiUzQ2JyJTNFJTBBJTNDYSUyMGhyZWYlM0QlMjJodHRwJTNBJTJGJTJGd3d3LnZpbmFzLmVzJTJGJTIyJTNFd3d3LnZpbmFzLmVzJTNDJTJGYSUzRSUzQyUyRmg1JTNF[\/vc_raw_html][vc_separator align=\u00a0\u00bbalign_left\u00a0\u00bb el_width=\u00a0\u00bb80&Prime; css=\u00a0\u00bb.vc_custom_1496911945594{padding-top: 0px !important;padding-right: 0px !important;padding-bottom: 0px !important;padding-left: 0px !important;}\u00a0\u00bb][vc_wp_custommenu nav_menu=\u00a0\u00bb48&Prime; el_class=\u00a0\u00bbmenu-footer\u00a0\u00bb el_id=\u00a0\u00bbmenu-footer-column3&Prime;][\/vc_column_inner][\/vc_row_inner][vc_empty_space][vc_row_inner content_placement=\u00a0\u00bbmiddle\u00a0\u00bb][vc_column_inner width=\u00a0\u00bb1\/4&Prime;][vc_column_text el_id=\u00a0\u00bbcopyright\u00a0\u00bb]<span style=\"color: #ffffff;\">\u00a9 2017 Cr\u00e9\u00e9 et d\u00e9velopp\u00e9 par VILIF publicidad<\/span>[\/vc_column_text][\/vc_column_inner][vc_column_inner width=\u00a0\u00bb1\/2&Prime;][vc_single_image image=\u00a0\u00bb2786&Prime; img_size=\u00a0\u00bb\u00a0\u00bb alignment=\u00a0\u00bbcenter\u00a0\u00bb][\/vc_column_inner][\/vc_row_inner][\/vc_column][\/vc_row][vc_row full_width=\u00a0\u00bbstretch_row_content_no_spaces\u00a0\u00bb foundry_padding=\u00a0\u00bbpt0 pb0&Prime; css=\u00a0\u00bb.vc_custom_1495815563694{padding-top: 30px !important;background-color: #ffffff !important;}\u00a0\u00bb][vc_column][vc_single_image image=\u00a0\u00bb2770&Prime; img_size=\u00a0\u00bb\u00a0\u00bb alignment=\u00a0\u00bbcenter\u00a0\u00bb onclick=\u00a0\u00bbcustom_link\u00a0\u00bb link=\u00a0\u00bbhttp:\/\/www.vinas.es\/\u00a0\u00bb][vc_raw_html]JTNDaDYlMjBzdHlsZSUzRCUyMnRleHQtYWxpZ24lM0FjZW50ZXIlM0IlMjIlM0UlM0NhJTIwaHJlZiUzRCUyMmh0dHAlM0ElMkYlMkZkZW50aWJsYW5jLmNvbSUyRmZyJTJGc29sdWNpb25lcyUyRmNvbnRhY3QlMkYlMjIlM0VDT05UQUNUJTNDJTJGYSUzRSUyMCU3QyUyMCUzQ2ElMjBocmVmJTNEJTIyaHR0cCUzQSUyRiUyRmRlbnRpYmxhbmMuY29tJTJGZnIlMkZub3RpY2UtbGVnYWxlJTJGJTIyJTNFTk9USUNFJTIwTCVDMyU4OUdBTEUlM0MlMkZhJTNFJTIwJTdDJTIwJTNDYSUyMGhyZWYlM0QlMjJodHRwJTNBJTJGJTJGZGVudGlibGFuYy5jb20lMkZmciUyRnBvbGl0aXF1ZS1kZS1wcm90ZWN0aW9uLWRlcy1kb25uZWVzLWEtY2FyYWN0ZXJlLXBlcnNvbm5lbCUyRiUyRiUyMiUzRVBST1RFQ1RJT04lMjBERVMlMjBET05OJUMzJTg5RVMlM0MlMkZhJTNFJTIwJTdDJTIwJTNDYSUyMGhyZWYlM0QlMjJodHRwJTNBJTJGJTJGZGVudGlibGFuYy5jb20lMkZmciUyRnBvbGl0aXF1ZS1lbi1tYXRpZXJlLWRlLWNvb2tpZXMlMkYlMjIlM0VQT0xJVElRVUUlMjBFTiUyME1BVEklQzMlODhSRSUyMERFJTIwQ09PS0lFUyUzQyUyRmElM0UlM0MlMkZoNiUzRQ==[\/vc_raw_html][\/vc_column][\/vc_row]<\/p>\n","protected":false},"excerpt":{"rendered":"<p>[vc_row full_width=\u00a0\u00bbstretch_row\u00a0\u00bb css=\u00a0\u00bb.vc_custom_1496150103372{margin-bottom: 0px !important;border-bottom-width: 0px !important;padding-bottom: 0px !important;}\u00a0\u00bb][vc_column][vc_single_image image=\u00a0\u00bb3477&Prime; img_size=\u00a0\u00bbfull\u00a0\u00bb alignment=\u00a0\u00bbcenter\u00a0\u00bb][\/vc_column][\/vc_row][vc_row][vc_column][vc_column_text] La plaque dentaire bact\u00e9rienne et ses cons\u00e9quences. Aujourd&rsquo;hui, les&#8230;<\/p>\n","protected":false},"author":1,"featured_media":0,"parent":0,"menu_order":0,"comment_status":"closed","ping_status":"closed","template":"","meta":[],"yoast_head":"<!-- This site is optimized with the Yoast SEO plugin v20.10 - https:\/\/yoast.com\/wordpress\/plugins\/seo\/ -->\n<title>Hygi\u00e8ne dentaire - Dentiblanc<\/title>\n<meta name=\"robots\" content=\"index, follow, max-snippet:-1, max-image-preview:large, max-video-preview:-1\" \/>\n<link rel=\"canonical\" href=\"https:\/\/dentiblanc.com\/fr\/hygiene-dentaire\/\" \/>\n<meta property=\"og:locale\" content=\"fr_FR\" \/>\n<meta property=\"og:type\" content=\"article\" \/>\n<meta property=\"og:title\" content=\"Hygi\u00e8ne dentaire - Dentiblanc\" \/>\n<meta property=\"og:description\" content=\"[vc_row full_width=\u00a0\u00bbstretch_row\u00a0\u00bb css=\u00a0\u00bb.vc_custom_1496150103372{margin-bottom: 0px !important;border-bottom-width: 0px !important;padding-bottom: 0px !important;}\u00a0\u00bb][vc_column][vc_single_image image=\u00a0\u00bb3477&Prime; img_size=\u00a0\u00bbfull\u00a0\u00bb alignment=\u00a0\u00bbcenter\u00a0\u00bb][\/vc_column][\/vc_row][vc_row][vc_column][vc_column_text] La plaque dentaire bact\u00e9rienne et ses cons\u00e9quences. Aujourd&rsquo;hui, les...\" \/>\n<meta property=\"og:url\" content=\"https:\/\/dentiblanc.com\/fr\/hygiene-dentaire\/\" \/>\n<meta property=\"og:site_name\" content=\"Dentiblanc\" \/>\n<meta property=\"article:modified_time\" content=\"2023-06-28T09:30:47+00:00\" \/>\n<meta property=\"og:image\" content=\"https:\/\/dentiblanc.com\/wp-content\/uploads\/2023\/06\/dentiblanc-extrafresh-blanqueador-nofondo.png\" \/>\n<meta name=\"twitter:card\" content=\"summary_large_image\" \/>\n<meta name=\"twitter:label1\" content=\"Dur\u00e9e de lecture estim\u00e9e\" \/>\n\t<meta name=\"twitter:data1\" content=\"7 minutes\" \/>\n<script type=\"application\/ld+json\" class=\"yoast-schema-graph\">{\"@context\":\"https:\/\/schema.org\",\"@graph\":[{\"@type\":\"WebPage\",\"@id\":\"https:\/\/dentiblanc.com\/fr\/hygiene-dentaire\/\",\"url\":\"https:\/\/dentiblanc.com\/fr\/hygiene-dentaire\/\",\"name\":\"Hygi\u00e8ne dentaire - Dentiblanc\",\"isPartOf\":{\"@id\":\"https:\/\/dentiblanc.com\/fr\/#website\"},\"datePublished\":\"2017-06-19T10:20:06+00:00\",\"dateModified\":\"2023-06-28T09:30:47+00:00\",\"breadcrumb\":{\"@id\":\"https:\/\/dentiblanc.com\/fr\/hygiene-dentaire\/#breadcrumb\"},\"inLanguage\":\"fr-FR\",\"potentialAction\":[{\"@type\":\"ReadAction\",\"target\":[\"https:\/\/dentiblanc.com\/fr\/hygiene-dentaire\/\"]}]},{\"@type\":\"BreadcrumbList\",\"@id\":\"https:\/\/dentiblanc.com\/fr\/hygiene-dentaire\/#breadcrumb\",\"itemListElement\":[{\"@type\":\"ListItem\",\"position\":1,\"name\":\"Home\",\"item\":\"https:\/\/dentiblanc.com\/fr\/initiation\/\"},{\"@type\":\"ListItem\",\"position\":2,\"name\":\"Hygi\u00e8ne dentaire\"}]},{\"@type\":\"WebSite\",\"@id\":\"https:\/\/dentiblanc.com\/fr\/#website\",\"url\":\"https:\/\/dentiblanc.com\/fr\/\",\"name\":\"Dentiblanc\",\"description\":\"Dentiblanc\",\"potentialAction\":[{\"@type\":\"SearchAction\",\"target\":{\"@type\":\"EntryPoint\",\"urlTemplate\":\"https:\/\/dentiblanc.com\/fr\/?s={search_term_string}\"},\"query-input\":\"required name=search_term_string\"}],\"inLanguage\":\"fr-FR\"}]}<\/script>\n<!-- \/ Yoast SEO plugin. -->","yoast_head_json":{"title":"Hygi\u00e8ne dentaire - Dentiblanc","robots":{"index":"index","follow":"follow","max-snippet":"max-snippet:-1","max-image-preview":"max-image-preview:large","max-video-preview":"max-video-preview:-1"},"canonical":"https:\/\/dentiblanc.com\/fr\/hygiene-dentaire\/","og_locale":"fr_FR","og_type":"article","og_title":"Hygi\u00e8ne dentaire - Dentiblanc","og_description":"[vc_row full_width=\u00a0\u00bbstretch_row\u00a0\u00bb css=\u00a0\u00bb.vc_custom_1496150103372{margin-bottom: 0px !important;border-bottom-width: 0px !important;padding-bottom: 0px !important;}\u00a0\u00bb][vc_column][vc_single_image image=\u00a0\u00bb3477&Prime; img_size=\u00a0\u00bbfull\u00a0\u00bb alignment=\u00a0\u00bbcenter\u00a0\u00bb][\/vc_column][\/vc_row][vc_row][vc_column][vc_column_text] La plaque dentaire bact\u00e9rienne et ses cons\u00e9quences. Aujourd&rsquo;hui, les...","og_url":"https:\/\/dentiblanc.com\/fr\/hygiene-dentaire\/","og_site_name":"Dentiblanc","article_modified_time":"2023-06-28T09:30:47+00:00","og_image":[{"url":"https:\/\/dentiblanc.com\/wp-content\/uploads\/2023\/06\/dentiblanc-extrafresh-blanqueador-nofondo.png"}],"twitter_card":"summary_large_image","twitter_misc":{"Dur\u00e9e de lecture estim\u00e9e":"7 minutes"},"schema":{"@context":"https:\/\/schema.org","@graph":[{"@type":"WebPage","@id":"https:\/\/dentiblanc.com\/fr\/hygiene-dentaire\/","url":"https:\/\/dentiblanc.com\/fr\/hygiene-dentaire\/","name":"Hygi\u00e8ne dentaire - Dentiblanc","isPartOf":{"@id":"https:\/\/dentiblanc.com\/fr\/#website"},"datePublished":"2017-06-19T10:20:06+00:00","dateModified":"2023-06-28T09:30:47+00:00","breadcrumb":{"@id":"https:\/\/dentiblanc.com\/fr\/hygiene-dentaire\/#breadcrumb"},"inLanguage":"fr-FR","potentialAction":[{"@type":"ReadAction","target":["https:\/\/dentiblanc.com\/fr\/hygiene-dentaire\/"]}]},{"@type":"BreadcrumbList","@id":"https:\/\/dentiblanc.com\/fr\/hygiene-dentaire\/#breadcrumb","itemListElement":[{"@type":"ListItem","position":1,"name":"Home","item":"https:\/\/dentiblanc.com\/fr\/initiation\/"},{"@type":"ListItem","position":2,"name":"Hygi\u00e8ne dentaire"}]},{"@type":"WebSite","@id":"https:\/\/dentiblanc.com\/fr\/#website","url":"https:\/\/dentiblanc.com\/fr\/","name":"Dentiblanc","description":"Dentiblanc","potentialAction":[{"@type":"SearchAction","target":{"@type":"EntryPoint","urlTemplate":"https:\/\/dentiblanc.com\/fr\/?s={search_term_string}"},"query-input":"required name=search_term_string"}],"inLanguage":"fr-FR"}]}},"_links":{"self":[{"href":"https:\/\/dentiblanc.com\/fr\/wp-json\/wp\/v2\/pages\/3470"}],"collection":[{"href":"https:\/\/dentiblanc.com\/fr\/wp-json\/wp\/v2\/pages"}],"about":[{"href":"https:\/\/dentiblanc.com\/fr\/wp-json\/wp\/v2\/types\/page"}],"author":[{"embeddable":true,"href":"https:\/\/dentiblanc.com\/fr\/wp-json\/wp\/v2\/users\/1"}],"replies":[{"embeddable":true,"href":"https:\/\/dentiblanc.com\/fr\/wp-json\/wp\/v2\/comments?post=3470"}],"version-history":[{"count":10,"href":"https:\/\/dentiblanc.com\/fr\/wp-json\/wp\/v2\/pages\/3470\/revisions"}],"predecessor-version":[{"id":3764,"href":"https:\/\/dentiblanc.com\/fr\/wp-json\/wp\/v2\/pages\/3470\/revisions\/3764"}],"wp:attachment":[{"href":"https:\/\/dentiblanc.com\/fr\/wp-json\/wp\/v2\/media?parent=3470"}],"curies":[{"name":"wp","href":"https:\/\/api.w.org\/{rel}","templated":true}]}}