{"id":3497,"date":"2017-06-19T13:02:40","date_gmt":"2017-06-19T11:02:40","guid":{"rendered":"https:\/\/dentiblanc.com\/?page_id=3497\/"},"modified":"2017-06-22T11:34:11","modified_gmt":"2017-06-22T09:34:11","slug":"notice-legale","status":"publish","type":"page","link":"https:\/\/dentiblanc.com\/fr\/notice-legale\/","title":{"rendered":"Notice l\u00e9gale"},"content":{"rendered":"<p>[vc_row][vc_column][vc_column_text]<b>1.- Informations g\u00e9n\u00e9rales.<\/b><\/p>\n<p><span style=\"font-weight: 400;\">Le pr\u00e9sent site Internet (ci-apr\u00e8s, le Site Internet) est la propri\u00e9t\u00e9 de LABORATORIOS VI\u00d1AS, S.A. (ci-apr\u00e8s, LABORATORIOS VI\u00d1AS), soci\u00e9t\u00e9 dont le si\u00e8ge social se trouve \u00e0 c\/ Provenza, 386, 5\u00aa. planta 08025 Barcelone (Espagne), avec CIF A08027427, et immatricul\u00e9e aupr\u00e8s du Registre du commerce et des soci\u00e9t\u00e9s (Registro Mercantil) de Barcelone (Espagne), page 18260, tome 277, feuille 146. Vous pouvez contacter LABORATORIOS VI\u00d1AS en appelant le num\u00e9ro de t\u00e9l\u00e9phone 932070512, ou en \u00e9crivant \u00e0 l&rsquo;adresse de courrier \u00e9lectronique suivante : info@dentiblanc.com<\/span><\/p>\n<p><span style=\"font-weight: 400;\">LABORATORIOS VI\u00d1AS a d\u00e9velopp\u00e9 le pr\u00e9sent Site Internet dans un but exclusif d&rsquo;information, \u00e9tant entendu qu&rsquo;aucun de ses contenus ne saurait \u00eatre consid\u00e9r\u00e9 comme une recommandation ou un conseil \u00e0 caract\u00e8re m\u00e9dical. La r\u00e8glementation applicable aux m\u00e9dicaments restreint l&rsquo;information susceptible d&rsquo;\u00eatre fournie au public les concernant, de sorte que pour clarifier quelque doute ou pour demander quelque information additionnelle que ce soit sur des m\u00e9dicaments ou des questions relatives \u00e0 la sant\u00e9, vous devrez vous mettre en rapport avec votre m\u00e9decin.<\/span><\/p>\n<p><span style=\"font-weight: 400;\">LABORATORIOS VI\u00d1AS pourra modifier \u00e0 tout moment et sans pr\u00e9avis la conception, la pr\u00e9sentation et\/ou la configuration du Site Internet, ainsi que tout ou partie des services propos\u00e9s dans ce dernier, ou encore y ajouter de nouveaux services. L&rsquo;Utilisateur doit garder \u00e0 l&rsquo;esprit que les \u00e9l\u00e9ments et les liens contenus dans ce Site Internet pourraient ne pas refl\u00e9ter les informations les plus r\u00e9centes concernant les services propos\u00e9s par LABORATORIOS VI\u00d1AS.<\/span><\/p>\n<p><span style=\"font-weight: 400;\">L&rsquo;utilisation du pr\u00e9sent Site Internet vaut acceptation pleine et enti\u00e8re des dispositions contenues au sein de cette Notice l\u00e9gale, selon sa version publi\u00e9e par LABORATORIOS VI\u00d1AS au moment auquel l&rsquo;Utilisateur acc\u00e9dera au Site Internet. De m\u00eame, LABORATORIOS VI\u00d1AS attire l&rsquo;attention des Utilisateurs de ce Site Internet sur le fait que les pr\u00e9sentes conditions g\u00e9n\u00e9rales d&rsquo;utilisation pourront \u00eatre modifi\u00e9es sans pr\u00e9avis. En cons\u00e9quence, l&rsquo;Utilisateur devra lire attentivement la pr\u00e9sente Notice l\u00e9gale \u00e0 chaque fois qu&rsquo;il acc\u00e9dera au Site Internet.<\/span><\/p>\n<p><b>2.- Conditions d&rsquo;acc\u00e8s et d&rsquo;utilisation du Site Internet.<\/b><\/p>\n<p><span style=\"font-weight: 400;\">L&rsquo;Utilisateur s&rsquo;engage \u00e0 faire un usage diligent du Site Internet et des services accessibles par le biais de ce dernier, le tout dans le respect de la r\u00e9glementation applicable et des bonnes m\u0153urs, ainsi que des pr\u00e9sentes Conditions g\u00e9n\u00e9rales d&rsquo;utilisation. Il s&rsquo;engage, en outre, \u00e0 respecter le reste des utilisateurs.<\/span><\/p>\n<p><span style=\"font-weight: 400;\">L&rsquo;Utilisateur s&rsquo;abstiendra d&rsquo;utiliser tout \u00e9l\u00e9ment ou information contenus dans ce Site Internet \u00e0 des fins illicites et express\u00e9ment interdites par les pr\u00e9sentes Conditions g\u00e9n\u00e9rales, qui s&rsquo;av\u00e8reraient contraires aux droits et int\u00e9r\u00eats de LABORATORIOS VI\u00d1AS et\/ou de tout tiers. Il devra r\u00e9pondre vis-\u00e0-vis de LABORATORIOS VI\u00d1AS et\/ou de tout tiers en cas de violation ou d&rsquo;inex\u00e9cution de sa part desdites obligations, ou dans l&rsquo;hypoth\u00e8se o\u00f9 il agirait de quelque fa\u00e7on que ce soit (y compris en proc\u00e9dant \u00e0 l&rsquo;introduction ou \u00e0 la diffusion de virus informatiques) qui porterait atteinte, qui surchargerait, qui d\u00e9t\u00e9riorerait ou qui ferait obstacle \u00e0 l&rsquo;utilisation normale des \u00e9l\u00e9ments et des informations contenus dans ce Site Internet, ou encore aux syst\u00e8mes d&rsquo;information ou aux documents, archives et toutes sortes de contenus stock\u00e9s au sein de tout \u00e9quipement informatique de LABORATORIOS VI\u00d1AS ou de tout autre utilisateur du Site Internet.<\/span><\/p>\n<p><b>3.- Exclusion de garanties et de responsabilit\u00e9.<\/b><span style=\"font-weight: 400;\"><br \/>\n<\/span><span style=\"font-weight: 400;\">LABORATORIOS VI\u00d1AS d\u00e9cline toute responsabilit\u00e9 concernant les pr\u00e9judices, de quelque nature que ce soit, susceptibles de d\u00e9couler du manque d&rsquo;exactitude, d&rsquo;exhaustivit\u00e9, d&rsquo;actualisation, ou encore de toutes erreurs ou omissions affectant les informations et services contenus dans ce Site Internet, ou encore d&rsquo;autres contenus auxquels il serait possible d&rsquo;acc\u00e9der par le biais de ce dernier. LABORATORIOS VI\u00d1A d\u00e9cline \u00e9galement toute obligation ou tout engagement de v\u00e9rifier ou de surveiller lesdits contenus et informations.<\/span><\/p>\n<p><span style=\"font-weight: 400;\">De m\u00eame, LABORATORIOS VI\u00d1AS ne garantit aucunement la disponibilit\u00e9, la continuit\u00e9 ou le caract\u00e8re infaillible du fonctionnement du Site Internet. Aussi, elle d\u00e9cline, dans la mesure maximale autoris\u00e9e par la r\u00e9glementation applicable en vigueur, toute responsabilit\u00e9 concernant tout pr\u00e9judice, de quelque nature que ce soit, susceptible de d\u00e9couler du manque de disponibilit\u00e9 ou de continuit\u00e9 du fonctionnement du Site Internet et des services propos\u00e9s par ce dernier.<\/span><\/p>\n<p><span style=\"font-weight: 400;\">LABORATORIOS VI\u00d1AS d\u00e9cline toute responsabilit\u00e9 concernant tout dommage informatique, ou de toute autre sorte, que tout Utilisateur pourrait subir du fait de son acc\u00e8s aux contenus du pr\u00e9sent Site Internet. Aussi, LABORATORIOS VI\u00d1AS ne garantit aucunement l&rsquo;absence de virus ou de tous autres \u00e9l\u00e9ments dommageables susceptibles de causer des dommages ou d&rsquo;alt\u00e9rations au syst\u00e8me informatique, aux documents \u00e9lectroniques ou fichiers de l&rsquo;Utilisateur ou de tout tiers.<\/span><\/p>\n<p><span style=\"font-weight: 400;\">LABORATORIOS VI\u00d1AS attire l&rsquo;attention de l&rsquo;Utilisateur sur le fait que l&rsquo;utilisation de tout m\u00e9dicament et le conseil concernant toute pathologie doivent reposer sur l&rsquo;avis d&rsquo;un professionnel de sant\u00e9. \u00a0Le pr\u00e9sent Site Internet et les \u00e9l\u00e9ments contenus dans ce dernier ont une vis\u00e9e exclusive d&rsquo;information, et ils ne sauraient, en aucun cas, remplacer le conseil d&rsquo;un professionnel de sant\u00e9. Les Utilisateurs n\u00e9cessitant un diagnostic ou un traitement, ou qui auraient des questions particuli\u00e8res concernant un m\u00e9dicament, devront consulter, \u00e0 de tels effets, leur m\u00e9decin ou leur pharmacien.<\/span><\/p>\n<p><b>4.- Propri\u00e9t\u00e9 intellectuelle et industrielle.<\/b><span style=\"font-weight: 400;\"><br \/>\n<\/span><span style=\"font-weight: 400;\">Tous les droits d&rsquo;exploitation sont r\u00e9serv\u00e9s. Le pr\u00e9sent Site Internet est prot\u00e9g\u00e9 par la r\u00e9glementation relative \u00e0 la propri\u00e9t\u00e9 intellectuelle et industrielle.<\/span><\/p>\n<p><span style=\"font-weight: 400;\">Tous les contenus pr\u00e9sent\u00e9s dans ce Site Internet, et notamment les articles, conceptions, textes, graphiques, photographies, logos, ic\u00f4nes, noms commerciaux, marques, dessins et mod\u00e8les industriels ou tout autre signe susceptible d&rsquo;une utilisation industrielle ou commerciale, sont couverts par des droits de propri\u00e9t\u00e9 intellectuelle et industrielle appartenant \u00e0 LABORATORIOS VI\u00d1AS et\/ou des tiers qui en sont les titulaires et qui ont autoris\u00e9 d\u00fbment leur inclusion dans le Site Internet.<\/span><\/p>\n<p><span style=\"font-weight: 400;\">Les utilisateurs d&rsquo;Internet qui acc\u00e8dent au Site Internet peuvent visualiser les informations contenues dans ce dernier et effectuer des t\u00e9l\u00e9chargements ou des reproductions priv\u00e9es dans leur syst\u00e8me informatique, sous r\u00e9serve que les \u00e9l\u00e9ments reproduits ne soient pas c\u00e9d\u00e9s par la suite \u00e0 des tiers ou install\u00e9s sur un serveur connect\u00e9 \u00e0 Internet ou \u00e0 un r\u00e9seau local.<\/span><\/p>\n<p><span style=\"font-weight: 400;\">La distribution, modification, transformation, cession, mise \u00e0 disposition du public et toute autre activit\u00e9 non express\u00e9ment autoris\u00e9e par le titulaire des droits d&rsquo;exploitation sont interdites. L&rsquo;utilisation non autoris\u00e9e des \u00e9l\u00e9ments et informations contenus dans le Site Internet peut constituer une violation de la r\u00e9glementation relative \u00e0 la propri\u00e9t\u00e9 intellectuelle ou industrielle, ainsi que d&rsquo;autres r\u00e8gles applicables.<\/span><\/p>\n<p><span style=\"font-weight: 400;\">Les Utilisateurs du Site Internet devront s&rsquo;abstenir, en tout \u00e9tat de cause, de supprimer, alt\u00e9rer, \u00e9luder ou manipuler tout dispositif de protection ou syst\u00e8me de s\u00e9curit\u00e9 susceptible d&rsquo;avoir \u00e9t\u00e9 install\u00e9 dans le Site Internet.<\/span><\/p>\n<p><b>5.- Liens<\/b><span style=\"font-weight: 400;\"><br \/>\n<\/span><span style=\"font-weight: 400;\">LABORATORIOS VI\u00d1AS met \u00e0 disposition des Utilisateurs des liens ou links, dans le but de faciliter l&rsquo;acc\u00e8s aux informations, services et autres contenus disponibles sur Internet. Les liens ou links activ\u00e9s au sein de ce site Internet peuvent conduire l&rsquo;Utilisateur vers d&rsquo;autres sites et pages Internet, g\u00e9r\u00e9s par des tiers, sur lesquels LABORATORIOS VI\u00d1AS n&rsquo;exerce quelque contr\u00f4le que ce soit.<\/span><\/p>\n<p><span style=\"font-weight: 400;\">LABORATORIOS VI\u00d1AS n&rsquo;assume aucune obligation de surveiller ou de v\u00e9rifier les informations ou contenus des autres sites Internet accessibles par le biais des hyperliens pr\u00e9sents sur le Site Internet. LABORATORIOS VI\u00d1AS assume exclusivement l&rsquo;obligation de supprimer du Site Interne, dans les meilleurs d\u00e9lais, les informations, contenus ou services ne correspondant pas \u00e0 la r\u00e9alit\u00e9, ou susceptibles d&rsquo;induire en erreur ou de causer un pr\u00e9judice \u00e0 l&rsquo;Utilisateur.<\/span><\/p>\n<p><span style=\"font-weight: 400;\">Il est interdit de mettre en place des liens vers\u00a0<\/span><a href=\"http:\/\/www.vinas.es\"><span style=\"font-weight: 400;\">http:\/\/www.vinas.es<\/span><\/a><span style=\"font-weight: 400;\">\u00a0\u00e0 partir de tout autre site Internet, sans le consentement explicite et \u00e9crit de LABORATORIOS VI\u00d1AS.<\/span><\/p>\n<p><b>6.- Droit applicable<\/b><span style=\"font-weight: 400;\"><br \/>\n<\/span><span style=\"font-weight: 400;\">La pr\u00e9sente Notice l\u00e9gale est r\u00e9gie, dans toutes ses dispositions, par le droit espagnol.<\/span>[\/vc_column_text][\/vc_column][\/vc_row][vc_row full_width=\u00a0\u00bbstretch_row_content_no_spaces\u00a0\u00bb foundry_padding=\u00a0\u00bbpt0 pb0&Prime; css=\u00a0\u00bb.vc_custom_1495811855558{background-color: #1f3b72 !important;}\u00a0\u00bb][vc_column][vc_empty_space][vc_row_inner][vc_column_inner width=\u00a0\u00bb1\/4&Prime;][vc_column_text]<\/p>\n<h4><span style=\"color: #ffffff;\">HIGIENE DENTAL<\/span><\/h4>\n<p>[\/vc_column_text][vc_wp_custommenu nav_menu=\u00a0\u00bb46&Prime; el_id=\u00a0\u00bbmenu-footer-column1&Prime;][\/vc_column_inner][vc_column_inner width=\u00a0\u00bb1\/4&Prime;][vc_column_text]<\/p>\n<h4><span style=\"color: #ffffff;\">SOLUCIONES<\/span><\/h4>\n<p>[\/vc_column_text][vc_wp_custommenu nav_menu=\u00a0\u00bb47&Prime; el_class=\u00a0\u00bbmenu-footer\u00a0\u00bb el_id=\u00a0\u00bbmenu-footer-column2&Prime;][\/vc_column_inner][vc_column_inner width=\u00a0\u00bb1\/4&Prime; offset=\u00a0\u00bbvc_hidden-md vc_hidden-sm vc_hidden-xs\u00a0\u00bb][\/vc_column_inner][vc_column_inner width=\u00a0\u00bb1\/4&Prime;][vc_column_text]<\/p>\n<h4><span style=\"color: #ffffff;\">CONTACTO<\/span><\/h4>\n<p>[\/vc_column_text][vc_raw_html]JTNDaDUlMjBpZCUzRCUyMmZvb3Rlci1jb2x1bW4tNCUyMiUzRUMlMkYlMjBQcm92ZW4lQzMlQTdhJTJDJTIwMzg2LiUzQ2JyJTNFJTBBMDgwMjUlMjBCYXJjZWxvbmElM0NiciUzRSUwQSUyOCUyQjM0JTI5JTIwOTMyJTIwMDcwJTIwNTEyJTNDYnIlM0UlMEElMjglMkIzNCUyOSUyMDkzMiUyMDA3MSUyMDkzMiUzQ2JyJTNFJTBBJTNDYSUyMGhyZWYlM0QlMjJodHRwJTNBJTJGJTJGd3d3LnZpbmFzLmVzJTJGJTIyJTNFd3d3LnZpbmFzLmVzJTNDJTJGYSUzRSUzQyUyRmg1JTNF[\/vc_raw_html][vc_separator align=\u00a0\u00bbalign_left\u00a0\u00bb el_width=\u00a0\u00bb80&Prime; css=\u00a0\u00bb.vc_custom_1496911945594{padding-top: 0px !important;padding-right: 0px !important;padding-bottom: 0px !important;padding-left: 0px !important;}\u00a0\u00bb][vc_wp_custommenu nav_menu=\u00a0\u00bb48&Prime; el_class=\u00a0\u00bbmenu-footer\u00a0\u00bb el_id=\u00a0\u00bbmenu-footer-column3&Prime;][\/vc_column_inner][\/vc_row_inner][vc_empty_space][vc_row_inner content_placement=\u00a0\u00bbmiddle\u00a0\u00bb][vc_column_inner width=\u00a0\u00bb1\/4&Prime;][vc_column_text el_id=\u00a0\u00bbcopyright\u00a0\u00bb]<span style=\"color: #ffffff;\">\u00a9 2017 Cr\u00e9\u00e9 et d\u00e9velopp\u00e9 par VILIF publicidad<\/span>[\/vc_column_text][\/vc_column_inner][vc_column_inner width=\u00a0\u00bb1\/2&Prime;][vc_single_image image=\u00a0\u00bb2786&Prime; img_size=\u00a0\u00bb\u00a0\u00bb alignment=\u00a0\u00bbcenter\u00a0\u00bb][\/vc_column_inner][\/vc_row_inner][\/vc_column][\/vc_row][vc_row full_width=\u00a0\u00bbstretch_row_content_no_spaces\u00a0\u00bb foundry_padding=\u00a0\u00bbpt0 pb0&Prime; css=\u00a0\u00bb.vc_custom_1495815563694{padding-top: 30px !important;background-color: #ffffff !important;}\u00a0\u00bb][vc_column][vc_single_image image=\u00a0\u00bb2770&Prime; img_size=\u00a0\u00bb\u00a0\u00bb alignment=\u00a0\u00bbcenter\u00a0\u00bb onclick=\u00a0\u00bbcustom_link\u00a0\u00bb link=\u00a0\u00bbhttp:\/\/www.vinas.es\/\u00a0\u00bb][vc_raw_html]JTNDaDYlMjBzdHlsZSUzRCUyMnRleHQtYWxpZ24lM0FjZW50ZXIlM0IlMjIlM0UlM0NhJTIwaHJlZiUzRCUyMmh0dHAlM0ElMkYlMkZkZW50aWJsYW5jLmNvbSUyRmZyJTJGc29sdWNpb25lcyUyRmNvbnRhY3QlMkYlMjIlM0VDT05UQUNUJTNDJTJGYSUzRSUyMCU3QyUyMCUzQ2ElMjBocmVmJTNEJTIyaHR0cCUzQSUyRiUyRmRlbnRpYmxhbmMuY29tJTJGZnIlMkZub3RpY2UtbGVnYWxlJTJGJTIyJTNFTk9USUNFJTIwTCVDMyU4OUdBTEUlM0MlMkZhJTNFJTIwJTdDJTIwJTNDYSUyMGhyZWYlM0QlMjJodHRwJTNBJTJGJTJGZGVudGlibGFuYy5jb20lMkZmciUyRnBvbGl0aXF1ZS1kZS1wcm90ZWN0aW9uLWRlcy1kb25uZWVzLWEtY2FyYWN0ZXJlLXBlcnNvbm5lbCUyRiUyRiUyMiUzRVBST1RFQ1RJT04lMjBERVMlMjBET05OJUMzJTg5RVMlM0MlMkZhJTNFJTIwJTdDJTIwJTNDYSUyMGhyZWYlM0QlMjJodHRwJTNBJTJGJTJGZGVudGlibGFuYy5jb20lMkZmciUyRnBvbGl0aXF1ZS1lbi1tYXRpZXJlLWRlLWNvb2tpZXMlMkYlMjIlM0VQT0xJVElRVUUlMjBFTiUyME1BVEklQzMlODhSRSUyMERFJTIwQ09PS0lFUyUzQyUyRmElM0UlM0MlMkZoNiUzRQ==[\/vc_raw_html][\/vc_column][\/vc_row]<\/p>\n","protected":false},"excerpt":{"rendered":"<p>[vc_row][vc_column][vc_column_text]1.- Informations g\u00e9n\u00e9rales. Le pr\u00e9sent site Internet (ci-apr\u00e8s, le Site Internet) est la propri\u00e9t\u00e9 de LABORATORIOS VI\u00d1AS, S.A. (ci-apr\u00e8s, LABORATORIOS VI\u00d1AS),&#8230;<\/p>\n","protected":false},"author":1,"featured_media":0,"parent":0,"menu_order":0,"comment_status":"closed","ping_status":"closed","template":"","meta":[],"yoast_head":"<!-- This site is optimized with the Yoast SEO plugin v20.10 - https:\/\/yoast.com\/wordpress\/plugins\/seo\/ -->\n<title>Notice l\u00e9gale - Dentiblanc<\/title>\n<meta name=\"robots\" content=\"index, follow, max-snippet:-1, max-image-preview:large, max-video-preview:-1\" \/>\n<link rel=\"canonical\" href=\"https:\/\/dentiblanc.com\/fr\/notice-legale\/\" \/>\n<meta property=\"og:locale\" content=\"fr_FR\" \/>\n<meta property=\"og:type\" content=\"article\" \/>\n<meta property=\"og:title\" content=\"Notice l\u00e9gale - Dentiblanc\" \/>\n<meta property=\"og:description\" content=\"[vc_row][vc_column][vc_column_text]1.- Informations g\u00e9n\u00e9rales. Le pr\u00e9sent site Internet (ci-apr\u00e8s, le Site Internet) est la propri\u00e9t\u00e9 de LABORATORIOS VI\u00d1AS, S.A. (ci-apr\u00e8s, LABORATORIOS VI\u00d1AS),...\" \/>\n<meta property=\"og:url\" content=\"https:\/\/dentiblanc.com\/fr\/notice-legale\/\" \/>\n<meta property=\"og:site_name\" content=\"Dentiblanc\" \/>\n<meta property=\"article:modified_time\" content=\"2017-06-22T09:34:11+00:00\" \/>\n<meta name=\"twitter:card\" content=\"summary_large_image\" \/>\n<meta name=\"twitter:label1\" content=\"Dur\u00e9e de lecture estim\u00e9e\" \/>\n\t<meta name=\"twitter:data1\" content=\"9 minutes\" \/>\n<script type=\"application\/ld+json\" class=\"yoast-schema-graph\">{\"@context\":\"https:\/\/schema.org\",\"@graph\":[{\"@type\":\"WebPage\",\"@id\":\"https:\/\/dentiblanc.com\/fr\/notice-legale\/\",\"url\":\"https:\/\/dentiblanc.com\/fr\/notice-legale\/\",\"name\":\"Notice l\u00e9gale - Dentiblanc\",\"isPartOf\":{\"@id\":\"https:\/\/dentiblanc.com\/fr\/#website\"},\"datePublished\":\"2017-06-19T11:02:40+00:00\",\"dateModified\":\"2017-06-22T09:34:11+00:00\",\"breadcrumb\":{\"@id\":\"https:\/\/dentiblanc.com\/fr\/notice-legale\/#breadcrumb\"},\"inLanguage\":\"fr-FR\",\"potentialAction\":[{\"@type\":\"ReadAction\",\"target\":[\"https:\/\/dentiblanc.com\/fr\/notice-legale\/\"]}]},{\"@type\":\"BreadcrumbList\",\"@id\":\"https:\/\/dentiblanc.com\/fr\/notice-legale\/#breadcrumb\",\"itemListElement\":[{\"@type\":\"ListItem\",\"position\":1,\"name\":\"Home\",\"item\":\"https:\/\/dentiblanc.com\/fr\/initiation\/\"},{\"@type\":\"ListItem\",\"position\":2,\"name\":\"Notice l\u00e9gale\"}]},{\"@type\":\"WebSite\",\"@id\":\"https:\/\/dentiblanc.com\/fr\/#website\",\"url\":\"https:\/\/dentiblanc.com\/fr\/\",\"name\":\"Dentiblanc\",\"description\":\"Dentiblanc\",\"potentialAction\":[{\"@type\":\"SearchAction\",\"target\":{\"@type\":\"EntryPoint\",\"urlTemplate\":\"https:\/\/dentiblanc.com\/fr\/?s={search_term_string}\"},\"query-input\":\"required name=search_term_string\"}],\"inLanguage\":\"fr-FR\"}]}<\/script>\n<!-- \/ Yoast SEO plugin. -->","yoast_head_json":{"title":"Notice l\u00e9gale - Dentiblanc","robots":{"index":"index","follow":"follow","max-snippet":"max-snippet:-1","max-image-preview":"max-image-preview:large","max-video-preview":"max-video-preview:-1"},"canonical":"https:\/\/dentiblanc.com\/fr\/notice-legale\/","og_locale":"fr_FR","og_type":"article","og_title":"Notice l\u00e9gale - Dentiblanc","og_description":"[vc_row][vc_column][vc_column_text]1.- Informations g\u00e9n\u00e9rales. Le pr\u00e9sent site Internet (ci-apr\u00e8s, le Site Internet) est la propri\u00e9t\u00e9 de LABORATORIOS VI\u00d1AS, S.A. (ci-apr\u00e8s, LABORATORIOS VI\u00d1AS),...","og_url":"https:\/\/dentiblanc.com\/fr\/notice-legale\/","og_site_name":"Dentiblanc","article_modified_time":"2017-06-22T09:34:11+00:00","twitter_card":"summary_large_image","twitter_misc":{"Dur\u00e9e de lecture estim\u00e9e":"9 minutes"},"schema":{"@context":"https:\/\/schema.org","@graph":[{"@type":"WebPage","@id":"https:\/\/dentiblanc.com\/fr\/notice-legale\/","url":"https:\/\/dentiblanc.com\/fr\/notice-legale\/","name":"Notice l\u00e9gale - Dentiblanc","isPartOf":{"@id":"https:\/\/dentiblanc.com\/fr\/#website"},"datePublished":"2017-06-19T11:02:40+00:00","dateModified":"2017-06-22T09:34:11+00:00","breadcrumb":{"@id":"https:\/\/dentiblanc.com\/fr\/notice-legale\/#breadcrumb"},"inLanguage":"fr-FR","potentialAction":[{"@type":"ReadAction","target":["https:\/\/dentiblanc.com\/fr\/notice-legale\/"]}]},{"@type":"BreadcrumbList","@id":"https:\/\/dentiblanc.com\/fr\/notice-legale\/#breadcrumb","itemListElement":[{"@type":"ListItem","position":1,"name":"Home","item":"https:\/\/dentiblanc.com\/fr\/initiation\/"},{"@type":"ListItem","position":2,"name":"Notice l\u00e9gale"}]},{"@type":"WebSite","@id":"https:\/\/dentiblanc.com\/fr\/#website","url":"https:\/\/dentiblanc.com\/fr\/","name":"Dentiblanc","description":"Dentiblanc","potentialAction":[{"@type":"SearchAction","target":{"@type":"EntryPoint","urlTemplate":"https:\/\/dentiblanc.com\/fr\/?s={search_term_string}"},"query-input":"required name=search_term_string"}],"inLanguage":"fr-FR"}]}},"_links":{"self":[{"href":"https:\/\/dentiblanc.com\/fr\/wp-json\/wp\/v2\/pages\/3497"}],"collection":[{"href":"https:\/\/dentiblanc.com\/fr\/wp-json\/wp\/v2\/pages"}],"about":[{"href":"https:\/\/dentiblanc.com\/fr\/wp-json\/wp\/v2\/types\/page"}],"author":[{"embeddable":true,"href":"https:\/\/dentiblanc.com\/fr\/wp-json\/wp\/v2\/users\/1"}],"replies":[{"embeddable":true,"href":"https:\/\/dentiblanc.com\/fr\/wp-json\/wp\/v2\/comments?post=3497"}],"version-history":[{"count":4,"href":"https:\/\/dentiblanc.com\/fr\/wp-json\/wp\/v2\/pages\/3497\/revisions"}],"predecessor-version":[{"id":3549,"href":"https:\/\/dentiblanc.com\/fr\/wp-json\/wp\/v2\/pages\/3497\/revisions\/3549"}],"wp:attachment":[{"href":"https:\/\/dentiblanc.com\/fr\/wp-json\/wp\/v2\/media?parent=3497"}],"curies":[{"name":"wp","href":"https:\/\/api.w.org\/{rel}","templated":true}]}}