{"id":3498,"date":"2017-06-19T13:06:01","date_gmt":"2017-06-19T11:06:01","guid":{"rendered":"https:\/\/dentiblanc.com\/?page_id=3498\/"},"modified":"2017-06-22T11:39:09","modified_gmt":"2017-06-22T09:39:09","slug":"politique-en-matiere-de-cookies","status":"publish","type":"page","link":"https:\/\/dentiblanc.com\/fr\/politique-en-matiere-de-cookies\/","title":{"rendered":"Politique en mati\u00e8re de cookies"},"content":{"rendered":"<p>[vc_row][vc_column][vc_column_text]<span style=\"font-weight: 400;\">Notre Politique en mati\u00e8re de cookies vise \u00e0 vous informer, de mani\u00e8re claire et exhaustive, sur le fonctionnement et la finalit\u00e9 des cookies utilis\u00e9s sur notre Site Internet. Si vous souhaitez en savoir plus sur les cookies, vous pouvez envoyer un courrier \u00e9lectronique en ce sens \u00e0 l&rsquo;adresse suivante :\u00a0info@dentiblanc.com<\/span><\/p>\n<p><span style=\"font-weight: 400;\"><br \/>\n<\/span><b>Cookies<\/b><span style=\"font-weight: 400;\"><br \/>\n<\/span><span style=\"font-weight: 400;\">Un cookie est un fichier qui se t\u00e9l\u00e9charge dans votre terminal\/dispositif (ordinateur ou dispositif mobile), dans le but de stocker des informations susceptibles d&rsquo;\u00eatre actualis\u00e9es et r\u00e9cup\u00e9r\u00e9es par l&rsquo;entit\u00e9 responsable de son installation. Notre Site Internet utilise des cookies, afin de collecter des informations concernant son fonctionnement et son utilisation par ses Utilisateurs.<\/span><\/p>\n<p><b>Finalit\u00e9<\/b><span style=\"font-weight: 400;\"><br \/>\n<\/span><span style=\"font-weight: 400;\">Les cookies peuvent collecter des informations concernant vos visites de notre Site Internet, la fr\u00e9quence et la dur\u00e9e de ces derni\u00e8res, les pages consult\u00e9es et le temps pass\u00e9 sur notre Site Internet. Nous vous informons que nous pourrons utiliser les cookies dans les buts suivants :<\/span><\/p>\n<ul>\n<li style=\"font-weight: 400;\"><span style=\"font-weight: 400;\">identifier un probl\u00e8me afin d&rsquo;am\u00e9liorer notre Site Internet ;<\/span><\/li>\n<li style=\"font-weight: 400;\"><span style=\"font-weight: 400;\">faciliter votre navigation sur notre Site Internet ;<\/span><\/li>\n<li style=\"font-weight: 400;\"><span style=\"font-weight: 400;\">vous apporter une meilleure exp\u00e9rience dans votre utilisation de notre Site Internet ;<\/span><\/li>\n<li style=\"font-weight: 400;\"><span style=\"font-weight: 400;\">vous diff\u00e9rencier des autres Utilisateurs.<\/span><\/li>\n<\/ul>\n<p><span style=\"font-weight: 400;\">De m\u00eame, nous vous demandons votre autorisation d&rsquo;utiliser des cookies nous permettant d&rsquo;obtenir davantage d&rsquo;informations concernant vos pr\u00e9f\u00e9rences, de sorte \u00e0 pouvoir personnaliser notre Site Internet, afin de l&rsquo;adapter \u00e0 vos centres d&rsquo;int\u00e9r\u00eat.<\/span><\/p>\n<p><b>Types de cookies<\/b><span style=\"font-weight: 400;\"><br \/>\n<\/span><span style=\"font-weight: 400;\">Notre Site Internet utilise des cookies propres et tiers, dans des buts divers, et notamment :<\/span><\/p>\n<ul>\n<li style=\"font-weight: 400;\"><span style=\"font-weight: 400;\">Cookies propres. Ils sont envoy\u00e9s \u00e0 votre ordinateur et g\u00e9r\u00e9s exclusivement par nos soins, afin d&rsquo;am\u00e9liorer le fonctionnement du Site Internet. Ces cookies restent dans votre navigateur, ils nous permettent de vous identifier en tant qu&rsquo;Utilisateur r\u00e9current du Site Internet et de personnaliser le contenu de ce dernier, afin de vous proposer des contenus adapt\u00e9s \u00e0 vos pr\u00e9f\u00e9rences.<\/span><\/li>\n<li style=\"font-weight: 400;\"><span style=\"font-weight: 400;\">Cookies tiers<\/span><span style=\"font-weight: 400;\"><br \/>\n<\/span><span style=\"font-weight: 400;\">Les cookies tiers sont ceux \u00e9tablis par un domaine diff\u00e9rent de notre Site Internet. Aussi, nous ne sommes pas en mesure d&rsquo;acc\u00e9der aux donn\u00e9es stock\u00e9es dans d&rsquo;autres sites Internet, lorsque vous naviguez sur ces derniers. Il en est notamment ainsi lorsque vous acc\u00e9dez aux r\u00e9seaux sociaux ou aux vid\u00e9os h\u00e9berg\u00e9es dans des sites Internet appartenant \u00e0 des tiers. <\/span><\/li>\n<li style=\"font-weight: 400;\"><span style=\"font-weight: 400;\">Cookies analytiques (tiers)<\/span><span style=\"font-weight: 400;\"><br \/>\n<\/span><span style=\"font-weight: 400;\">Nous utilisons Google Analytics, un outil d&rsquo;analyse Internet de Google, qui nous permet d&rsquo;obtenir des informations concernant l&rsquo;interaction des Utilisateurs avec notre Site Internet. De m\u00eame, cet outil place des cookies dans le nom de domaine du site consult\u00e9 par l&rsquo;utilisateur, puis s&rsquo;en sert pour collecter des informations, de mani\u00e8re anonyme, et pour \u00e9laborer des rapports concernant les tendances du Site Internet, sans identifier les utilisateurs \u00e0 titre individuel. Vous pouvez consulter davantage d&rsquo;informations concernant les cookies de Google Analytics et leur fonctionnement sur le site Internet suivant :<\/span><a href=\"https:\/\/developers.google.com\/analytics\/devguides\/collection\/analyticsjs\/cookie-usage?hl=es\"><span style=\"font-weight: 400;\">https:\/\/developers.google.com\/analytics\/devguides\/collection\/analyticsjs\/cookie-usage?hl=es<\/span><\/a><\/li>\n<\/ul>\n<p><b>Consentement<\/b><span style=\"font-weight: 400;\"><br \/>\n<\/span><span style=\"font-weight: 400;\">Votre navigation et poursuite de cette derni\u00e8re sur notre Site Internet vaut consentement, de votre part, \u00e0 l&rsquo;utilisation des cookies susvis\u00e9s, selon les conditions pr\u00e9vues par la pr\u00e9sente Politique en mati\u00e8re de cookies.<\/span><\/p>\n<p><span style=\"font-weight: 400;\">Nous vous informons que, dans la mesure o\u00f9 les cookies ne sont pas n\u00e9cessaires pour l&rsquo;utilisation de notre Site Internet, vous pouvez les bloquer ou les d\u00e9sactiver par le biais des param\u00e8tres de configuration de votre navigateur Internet. Si vous les bloquez ou d\u00e9sactivez, vous pourrez continuer d&rsquo;utiliser notre Site Internet, bien que l&rsquo;utilisation de certains des services qui y sont propos\u00e9s pourra s&rsquo;en trouver restreinte, de sorte que votre exp\u00e9rience de notre Site Internet s&rsquo;av\u00e9rera moins satisfaisante.<\/span><\/p>\n<p><span style=\"font-weight: 400;\">Si vous souhaitez r\u00e9voquer votre consentement inform\u00e9 concernant notre Politique en mati\u00e8re de cookies, vous devrez \u00e9liminer ces derniers de votre dispositif via les param\u00e8tres de configuration des navigateurs Internet utilis\u00e9s par vos soins. \u00a0Ci-apr\u00e8s les liens des diff\u00e9rents navigateurs qui vous informent sur les cookies :<\/span><\/p>\n<p><span style=\"font-weight: 400;\">Firefox\u00a0:\u00a0<\/span><a href=\"http:\/\/support.mozilla.org\/es\/products\/firefox\/cookies\"><span style=\"font-weight: 400;\">http:\/\/support.mozilla.org\/es\/products\/firefox\/cookies<\/span><span style=\"font-weight: 400;\"><br \/>\n<\/span><\/a><span style=\"font-weight: 400;\">Chrome\u00a0:\u00a0<\/span><a href=\"https:\/\/support.google.com\/chrome\/answer\/95647?hl=fr\"><span style=\"font-weight: 400;\">https:\/\/support.google.com\/chrome\/answer\/95647?hl=fr<\/span><span style=\"font-weight: 400;\"><br \/>\n<\/span><\/a><span style=\"font-weight: 400;\">Explorer\u00a0:\u00a0<\/span><a href=\"http:\/\/windows.microsoft.com\/fr-fr\/windows7\/how-to-manage-cookies-in-internet-explorer-9\"><span style=\"font-weight: 400;\">http:\/\/windows.microsoft.com\/fr-fr\/windows7\/how-to-manage-cookies-in-internet-explorer-9<\/span><span style=\"font-weight: 400;\"><br \/>\n<\/span><\/a><span style=\"font-weight: 400;\">Safari\u00a0:\u00a0<\/span><a href=\"https:\/\/support.apple.com\/kb\/ph5042?locale=fr_FR\"><span style=\"font-weight: 400;\">https:\/\/support.apple.com\/kb\/ph5042?locale=fr_FR<\/span><span style=\"font-weight: 400;\"><br \/>\n<\/span><\/a><span style=\"font-weight: 400;\">Opera\u00a0:\u00a0<\/span><a href=\"http:\/\/help.opera.com\/Windows\/11.50\/es-ES\/cookies.html\"><span style=\"font-weight: 400;\">http:\/\/help.opera.com\/Windows\/11.50\/es-ES\/cookies.html<\/span><\/a><\/p>\n<p><span style=\"font-weight: 400;\">Nous vous conseillons de relire la pr\u00e9sente Politique \u00e0 chaque fois que vous acc\u00e9derez \u00e0 notre Site Internet, afin de demeurer d\u00fbment inform\u00e9(e), \u00e0 tout moment, des modifications \u00e9ventuelles apport\u00e9es \u00e0 cette derni\u00e8re. <\/span><\/p>\n<p><span style=\"font-weight: 400;\">(<\/span><span style=\"font-weight: 400;\">Aviso de cookies<\/span><span style=\"font-weight: 400;\">)<\/span><\/p>\n<p><span style=\"font-weight: 400;\">La poursuite de votre utilisation du pr\u00e9sent Site Internet vaut acceptation par vos soins du recours \u00e0 des cookies.\u00a0<\/span><a href=\"http:\/\/www2.belcils.com\/#562\"><span style=\"font-weight: 400;\">Pour en savoir plus<\/span><\/a><span style=\"font-weight: 400;\">\u00a0<\/span>[\/vc_column_text][\/vc_column][\/vc_row][vc_row full_width=\u00a0\u00bbstretch_row_content_no_spaces\u00a0\u00bb foundry_padding=\u00a0\u00bbpt0 pb0&Prime; css=\u00a0\u00bb.vc_custom_1495811855558{background-color: #1f3b72 !important;}\u00a0\u00bb][vc_column][vc_empty_space][vc_row_inner][vc_column_inner width=\u00a0\u00bb1\/4&Prime;][vc_column_text]<\/p>\n<h4><span style=\"color: #ffffff;\">HIGIENE DENTAL<\/span><\/h4>\n<p>[\/vc_column_text][vc_wp_custommenu nav_menu=\u00a0\u00bb46&Prime; el_id=\u00a0\u00bbmenu-footer-column1&Prime;][\/vc_column_inner][vc_column_inner width=\u00a0\u00bb1\/4&Prime;][vc_column_text]<\/p>\n<h4><span style=\"color: #ffffff;\">SOLUCIONES<\/span><\/h4>\n<p>[\/vc_column_text][vc_wp_custommenu nav_menu=\u00a0\u00bb47&Prime; el_class=\u00a0\u00bbmenu-footer\u00a0\u00bb el_id=\u00a0\u00bbmenu-footer-column2&Prime;][\/vc_column_inner][vc_column_inner width=\u00a0\u00bb1\/4&Prime; offset=\u00a0\u00bbvc_hidden-md vc_hidden-sm vc_hidden-xs\u00a0\u00bb][\/vc_column_inner][vc_column_inner width=\u00a0\u00bb1\/4&Prime;][vc_column_text]<\/p>\n<h4><span style=\"color: #ffffff;\">CONTACTO<\/span><\/h4>\n<p>[\/vc_column_text][vc_raw_html]JTNDaDUlMjBpZCUzRCUyMmZvb3Rlci1jb2x1bW4tNCUyMiUzRUMlMkYlMjBQcm92ZW4lQzMlQTdhJTJDJTIwMzg2LiUzQ2JyJTNFJTBBMDgwMjUlMjBCYXJjZWxvbmElM0NiciUzRSUwQSUyOCUyQjM0JTI5JTIwOTMyJTIwMDcwJTIwNTEyJTNDYnIlM0UlMEElMjglMkIzNCUyOSUyMDkzMiUyMDA3MSUyMDkzMiUzQ2JyJTNFJTBBJTNDYSUyMGhyZWYlM0QlMjJodHRwJTNBJTJGJTJGd3d3LnZpbmFzLmVzJTJGJTIyJTNFd3d3LnZpbmFzLmVzJTNDJTJGYSUzRSUzQyUyRmg1JTNF[\/vc_raw_html][vc_separator align=\u00a0\u00bbalign_left\u00a0\u00bb el_width=\u00a0\u00bb80&Prime; css=\u00a0\u00bb.vc_custom_1496911945594{padding-top: 0px !important;padding-right: 0px !important;padding-bottom: 0px !important;padding-left: 0px !important;}\u00a0\u00bb][vc_wp_custommenu nav_menu=\u00a0\u00bb48&Prime; el_class=\u00a0\u00bbmenu-footer\u00a0\u00bb el_id=\u00a0\u00bbmenu-footer-column3&Prime;][\/vc_column_inner][\/vc_row_inner][vc_empty_space][vc_row_inner content_placement=\u00a0\u00bbmiddle\u00a0\u00bb][vc_column_inner width=\u00a0\u00bb1\/4&Prime;][vc_column_text el_id=\u00a0\u00bbcopyright\u00a0\u00bb]<span style=\"color: #ffffff;\">\u00a9 2017 Cr\u00e9\u00e9 et d\u00e9velopp\u00e9 par VILIF publicidad<\/span>[\/vc_column_text][\/vc_column_inner][vc_column_inner width=\u00a0\u00bb1\/2&Prime;][vc_single_image image=\u00a0\u00bb2786&Prime; img_size=\u00a0\u00bb\u00a0\u00bb alignment=\u00a0\u00bbcenter\u00a0\u00bb][\/vc_column_inner][\/vc_row_inner][\/vc_column][\/vc_row][vc_row full_width=\u00a0\u00bbstretch_row_content_no_spaces\u00a0\u00bb foundry_padding=\u00a0\u00bbpt0 pb0&Prime; css=\u00a0\u00bb.vc_custom_1495815563694{padding-top: 30px !important;background-color: #ffffff !important;}\u00a0\u00bb][vc_column][vc_single_image image=\u00a0\u00bb2770&Prime; img_size=\u00a0\u00bb\u00a0\u00bb alignment=\u00a0\u00bbcenter\u00a0\u00bb onclick=\u00a0\u00bbcustom_link\u00a0\u00bb link=\u00a0\u00bbhttp:\/\/www.vinas.es\/\u00a0\u00bb][vc_raw_html]JTNDaDYlMjBzdHlsZSUzRCUyMnRleHQtYWxpZ24lM0FjZW50ZXIlM0IlMjIlM0UlM0NhJTIwaHJlZiUzRCUyMmh0dHAlM0ElMkYlMkZkZW50aWJsYW5jLmNvbSUyRmZyJTJGc29sdWNpb25lcyUyRmNvbnRhY3QlMkYlMjIlM0VDT05UQUNUJTNDJTJGYSUzRSUyMCU3QyUyMCUzQ2ElMjBocmVmJTNEJTIyaHR0cCUzQSUyRiUyRmRlbnRpYmxhbmMuY29tJTJGZnIlMkZub3RpY2UtbGVnYWxlJTJGJTIyJTNFTk9USUNFJTIwTCVDMyU4OUdBTEUlM0MlMkZhJTNFJTIwJTdDJTIwJTNDYSUyMGhyZWYlM0QlMjJodHRwJTNBJTJGJTJGZGVudGlibGFuYy5jb20lMkZmciUyRnBvbGl0aXF1ZS1kZS1wcm90ZWN0aW9uLWRlcy1kb25uZWVzLWEtY2FyYWN0ZXJlLXBlcnNvbm5lbCUyRiUyRiUyMiUzRVBST1RFQ1RJT04lMjBERVMlMjBET05OJUMzJTg5RVMlM0MlMkZhJTNFJTIwJTdDJTIwJTNDYSUyMGhyZWYlM0QlMjJodHRwJTNBJTJGJTJGZGVudGlibGFuYy5jb20lMkZmciUyRnBvbGl0aXF1ZS1lbi1tYXRpZXJlLWRlLWNvb2tpZXMlMkYlMjIlM0VQT0xJVElRVUUlMjBFTiUyME1BVEklQzMlODhSRSUyMERFJTIwQ09PS0lFUyUzQyUyRmElM0UlM0MlMkZoNiUzRQ==[\/vc_raw_html][\/vc_column][\/vc_row]<\/p>\n","protected":false},"excerpt":{"rendered":"<p>[vc_row][vc_column][vc_column_text]Notre Politique en mati\u00e8re de cookies vise \u00e0 vous informer, de mani\u00e8re claire et exhaustive, sur le fonctionnement et la finalit\u00e9&#8230;<\/p>\n","protected":false},"author":1,"featured_media":0,"parent":0,"menu_order":0,"comment_status":"closed","ping_status":"closed","template":"","meta":[],"yoast_head":"<!-- This site is optimized with the Yoast SEO plugin v20.10 - https:\/\/yoast.com\/wordpress\/plugins\/seo\/ -->\n<title>Politique en mati\u00e8re de cookies - Dentiblanc<\/title>\n<meta name=\"robots\" content=\"index, follow, max-snippet:-1, max-image-preview:large, max-video-preview:-1\" \/>\n<link rel=\"canonical\" href=\"https:\/\/dentiblanc.com\/fr\/politique-en-matiere-de-cookies\/\" \/>\n<meta property=\"og:locale\" content=\"fr_FR\" \/>\n<meta property=\"og:type\" content=\"article\" \/>\n<meta property=\"og:title\" content=\"Politique en mati\u00e8re de cookies - Dentiblanc\" \/>\n<meta property=\"og:description\" content=\"[vc_row][vc_column][vc_column_text]Notre Politique en mati\u00e8re de cookies vise \u00e0 vous informer, de mani\u00e8re claire et exhaustive, sur le fonctionnement et la finalit\u00e9...\" \/>\n<meta property=\"og:url\" content=\"https:\/\/dentiblanc.com\/fr\/politique-en-matiere-de-cookies\/\" \/>\n<meta property=\"og:site_name\" content=\"Dentiblanc\" \/>\n<meta property=\"article:modified_time\" content=\"2017-06-22T09:39:09+00:00\" \/>\n<meta name=\"twitter:card\" content=\"summary_large_image\" \/>\n<meta name=\"twitter:label1\" content=\"Dur\u00e9e de lecture estim\u00e9e\" \/>\n\t<meta name=\"twitter:data1\" content=\"6 minutes\" \/>\n<script type=\"application\/ld+json\" class=\"yoast-schema-graph\">{\"@context\":\"https:\/\/schema.org\",\"@graph\":[{\"@type\":\"WebPage\",\"@id\":\"https:\/\/dentiblanc.com\/fr\/politique-en-matiere-de-cookies\/\",\"url\":\"https:\/\/dentiblanc.com\/fr\/politique-en-matiere-de-cookies\/\",\"name\":\"Politique en mati\u00e8re de cookies - Dentiblanc\",\"isPartOf\":{\"@id\":\"https:\/\/dentiblanc.com\/fr\/#website\"},\"datePublished\":\"2017-06-19T11:06:01+00:00\",\"dateModified\":\"2017-06-22T09:39:09+00:00\",\"breadcrumb\":{\"@id\":\"https:\/\/dentiblanc.com\/fr\/politique-en-matiere-de-cookies\/#breadcrumb\"},\"inLanguage\":\"fr-FR\",\"potentialAction\":[{\"@type\":\"ReadAction\",\"target\":[\"https:\/\/dentiblanc.com\/fr\/politique-en-matiere-de-cookies\/\"]}]},{\"@type\":\"BreadcrumbList\",\"@id\":\"https:\/\/dentiblanc.com\/fr\/politique-en-matiere-de-cookies\/#breadcrumb\",\"itemListElement\":[{\"@type\":\"ListItem\",\"position\":1,\"name\":\"Home\",\"item\":\"https:\/\/dentiblanc.com\/fr\/initiation\/\"},{\"@type\":\"ListItem\",\"position\":2,\"name\":\"Politique en mati\u00e8re de cookies\"}]},{\"@type\":\"WebSite\",\"@id\":\"https:\/\/dentiblanc.com\/fr\/#website\",\"url\":\"https:\/\/dentiblanc.com\/fr\/\",\"name\":\"Dentiblanc\",\"description\":\"Dentiblanc\",\"potentialAction\":[{\"@type\":\"SearchAction\",\"target\":{\"@type\":\"EntryPoint\",\"urlTemplate\":\"https:\/\/dentiblanc.com\/fr\/?s={search_term_string}\"},\"query-input\":\"required name=search_term_string\"}],\"inLanguage\":\"fr-FR\"}]}<\/script>\n<!-- \/ Yoast SEO plugin. -->","yoast_head_json":{"title":"Politique en mati\u00e8re de cookies - Dentiblanc","robots":{"index":"index","follow":"follow","max-snippet":"max-snippet:-1","max-image-preview":"max-image-preview:large","max-video-preview":"max-video-preview:-1"},"canonical":"https:\/\/dentiblanc.com\/fr\/politique-en-matiere-de-cookies\/","og_locale":"fr_FR","og_type":"article","og_title":"Politique en mati\u00e8re de cookies - Dentiblanc","og_description":"[vc_row][vc_column][vc_column_text]Notre Politique en mati\u00e8re de cookies vise \u00e0 vous informer, de mani\u00e8re claire et exhaustive, sur le fonctionnement et la finalit\u00e9...","og_url":"https:\/\/dentiblanc.com\/fr\/politique-en-matiere-de-cookies\/","og_site_name":"Dentiblanc","article_modified_time":"2017-06-22T09:39:09+00:00","twitter_card":"summary_large_image","twitter_misc":{"Dur\u00e9e de lecture estim\u00e9e":"6 minutes"},"schema":{"@context":"https:\/\/schema.org","@graph":[{"@type":"WebPage","@id":"https:\/\/dentiblanc.com\/fr\/politique-en-matiere-de-cookies\/","url":"https:\/\/dentiblanc.com\/fr\/politique-en-matiere-de-cookies\/","name":"Politique en mati\u00e8re de cookies - Dentiblanc","isPartOf":{"@id":"https:\/\/dentiblanc.com\/fr\/#website"},"datePublished":"2017-06-19T11:06:01+00:00","dateModified":"2017-06-22T09:39:09+00:00","breadcrumb":{"@id":"https:\/\/dentiblanc.com\/fr\/politique-en-matiere-de-cookies\/#breadcrumb"},"inLanguage":"fr-FR","potentialAction":[{"@type":"ReadAction","target":["https:\/\/dentiblanc.com\/fr\/politique-en-matiere-de-cookies\/"]}]},{"@type":"BreadcrumbList","@id":"https:\/\/dentiblanc.com\/fr\/politique-en-matiere-de-cookies\/#breadcrumb","itemListElement":[{"@type":"ListItem","position":1,"name":"Home","item":"https:\/\/dentiblanc.com\/fr\/initiation\/"},{"@type":"ListItem","position":2,"name":"Politique en mati\u00e8re de cookies"}]},{"@type":"WebSite","@id":"https:\/\/dentiblanc.com\/fr\/#website","url":"https:\/\/dentiblanc.com\/fr\/","name":"Dentiblanc","description":"Dentiblanc","potentialAction":[{"@type":"SearchAction","target":{"@type":"EntryPoint","urlTemplate":"https:\/\/dentiblanc.com\/fr\/?s={search_term_string}"},"query-input":"required name=search_term_string"}],"inLanguage":"fr-FR"}]}},"_links":{"self":[{"href":"https:\/\/dentiblanc.com\/fr\/wp-json\/wp\/v2\/pages\/3498"}],"collection":[{"href":"https:\/\/dentiblanc.com\/fr\/wp-json\/wp\/v2\/pages"}],"about":[{"href":"https:\/\/dentiblanc.com\/fr\/wp-json\/wp\/v2\/types\/page"}],"author":[{"embeddable":true,"href":"https:\/\/dentiblanc.com\/fr\/wp-json\/wp\/v2\/users\/1"}],"replies":[{"embeddable":true,"href":"https:\/\/dentiblanc.com\/fr\/wp-json\/wp\/v2\/comments?post=3498"}],"version-history":[{"count":2,"href":"https:\/\/dentiblanc.com\/fr\/wp-json\/wp\/v2\/pages\/3498\/revisions"}],"predecessor-version":[{"id":3548,"href":"https:\/\/dentiblanc.com\/fr\/wp-json\/wp\/v2\/pages\/3498\/revisions\/3548"}],"wp:attachment":[{"href":"https:\/\/dentiblanc.com\/fr\/wp-json\/wp\/v2\/media?parent=3498"}],"curies":[{"name":"wp","href":"https:\/\/api.w.org\/{rel}","templated":true}]}}