{"id":3499,"date":"2017-06-19T13:08:01","date_gmt":"2017-06-19T11:08:01","guid":{"rendered":"https:\/\/dentiblanc.com\/?page_id=3499\/"},"modified":"2018-06-01T11:15:25","modified_gmt":"2018-06-01T09:15:25","slug":"politique-de-protection-des-donnees-a-caractere-personnel","status":"publish","type":"page","link":"https:\/\/dentiblanc.com\/fr\/politique-de-protection-des-donnees-a-caractere-personnel\/","title":{"rendered":"Politique de protection des donn\u00e9es \u00e0 caract\u00e8re personnel"},"content":{"rendered":"<p>[vc_row][vc_column][vc_column_text]Conform\u00e9ment aux dispositions du r\u00e8glement (UE) 2016\/679 du Parlement europ\u00e9en et du Conseil, du 27 avril 2016, relatif \u00e0 la protection des personnes physiques \u00e0 l&rsquo;\u00e9gard du traitement des donn\u00e9es \u00e0 caract\u00e8re personnel et \u00e0 la libre circulation de ces donn\u00e9es, et abrogeant la directive 95\/46\/CE, nous vous informons que vos donn\u00e9es seront trait\u00e9es sous la responsabilit\u00e9 de LABORATORIOS VI\u00d1AS SA afin de maintenir et de g\u00e9rer la relation avec les utilisateurs de telle mani\u00e8re que nous puissions r\u00e9pondre \u00e0 votre demande d&rsquo;information, de consultation ou de suggestion.<\/p>\n<p>LABORATORIOS VI\u00d1AS SA informe que le traitement indiqu\u00e9 est l\u00e9gitim\u00e9 par l\u2019existence du consentement donn\u00e9 par les personnes concern\u00e9es ou, le cas \u00e9ch\u00e9ant, par leurs repr\u00e9sentants l\u00e9gaux.<\/p>\n<p>LABORATORIOS VI\u00d1AS SA vous informe de m\u00eame que les donn\u00e9es seront conserv\u00e9es aussi longtemps que durera le consentement donn\u00e9 par vous, sauf dans les cas o\u00f9 nous sommes l\u00e9galement oblig\u00e9s de les conserver.<\/p>\n<p>LABORATORIOS VI\u00d1AS SA informe qu&rsquo;il traitera les donn\u00e9es de mani\u00e8re licite, loyale, transparente, ad\u00e9quate, pertinente, limit\u00e9e, exacte et tenues \u00e0 jour. Pour cette raison, LABORATORIOS VI\u00d1AS SA s&rsquo;engage \u00e0 prendre toutes les mesures raisonnables pour que celles-ci soient effac\u00e9es ou rectifi\u00e9es sans tarder si elles sont inexactes.<\/p>\n<p>Conform\u00e9ment aux droits qui vous sont conf\u00e9r\u00e9s par la l\u00e9gislation en vigueur relative \u00e0 la protection des donn\u00e9es, vous pouvez vous adresser \u00e0 l\u2019autorit\u00e9 de contr\u00f4le comp\u00e9tente pour introduire la r\u00e9clamation que vous jugez appropri\u00e9e\u00a0; vous pouvez \u00e9galement exercer vos droits d&rsquo;acc\u00e8s, de rectification, \u00e0 la limitation du traitement, \u00e0 l\u2019effacement, \u00e0 la portabilit\u00e9 et d\u2019opposition au traitement de vos donn\u00e9es \u00e0 caract\u00e8re personnel, et au retrait de votre consentement \u00e0 leur traitement, en envoyant votre demande \u00e0 l\u2019adresse postale c\/ Provenza, 386, 08025 Barcelona, ou bien \u00e0 l\u2019adresse de messagerie suivante\u00a0: rgpd@vinas.es.<\/p>\n<p>En ce qui concerne les droits d\u2019acc\u00e8s, de rectification, \u00e0 la limitation du traitement, \u00e0 l\u2019effacement, \u00e0 la portabilit\u00e9 et d\u2019opposition au traitement, que vous pouvez exercer aupr\u00e8s de LABORATORIOS VI\u00d1AS SA conform\u00e9ment au chapitre III du RGPD, vous devez tenir compte des aspects suivants\u00a0:<\/p>\n<ul>\n<li><strong>Droit d\u2019acc\u00e8s\u00a0<\/strong>: il s\u2019agit du droit de l\u2019utilisateur d\u2019obtenir des informations sur ses donn\u00e9es \u00e0 caract\u00e8re personnel sp\u00e9cifiques, dont le traitement a \u00e9t\u00e9 effectu\u00e9 ou est effectu\u00e9 par LABORATORIOS VI\u00d1AS SA, ainsi que les informations disponibles sur l\u2019origine desdites donn\u00e9es et les communications effectu\u00e9es ou pr\u00e9vues de celles-ci.<\/li>\n<li><strong>Droit de rectification\u00a0<\/strong>: il s&rsquo;agit du droit de la personne concern\u00e9e de modifier des donn\u00e9es inexactes ou incompl\u00e8tes. Il ne peut \u00eatre satisfait qu\u2019en ce qui concerne les informations plac\u00e9es sous le contr\u00f4le de LABORATORIOS VI\u00d1AS SA (par exemple, pour supprimer des commentaires publi\u00e9s sur le site web lui-m\u00eame, ou des images ou des contenus web contenant des donn\u00e9es \u00e0 caract\u00e8re personnel de l&rsquo;utilisateur).<\/li>\n<li><strong>Droit \u00e0 la limitation du traitement\u00a0<\/strong>: il s\u2019agit du droit de limiter les finalit\u00e9s du traitement initialement pr\u00e9vues par le responsable du traitement.<\/li>\n<li><strong>Droit \u00e0 l\u2019effacement\u00a0<\/strong>: il s\u2019agit du droit \u00e0 effacer les donn\u00e9es \u00e0 caract\u00e8re personnel de l\u2019utilisateur, \u00e0 l\u2019exception des dispositions du RGPD lui-m\u00eame ou d\u2019autres r\u00e9glementations applicables qui d\u00e9terminent le caract\u00e8re obligatoire de la conservation de ces donn\u00e9es, selon les modalit\u00e9s de temps et de forme prescrites.<\/li>\n<li><strong>Droit \u00e0 la portabilit\u00e9\u00a0<\/strong>: il s\u2019agit du droit de recevoir de LABORATORIOS VI\u00d1AS SA les donn\u00e9es \u00e0 caract\u00e8re personnel fournies par l\u2019utilisateur, dans un format structur\u00e9, couramment utilis\u00e9 et lisible par machine, et de transmettre ces donn\u00e9es \u00e0 un autre responsable du traitement.<\/li>\n<li><strong>Droit d\u2019opposition\u00a0<\/strong>: il s\u2019agit du droit de l\u2019utilisateur \u00e0 ce que le traitement de ses donn\u00e9es \u00e0 caract\u00e8re personnel ne soit pas effectu\u00e9 ou \u00e0 ce que celles-ci ne soient plus trait\u00e9es par LABORATORIOS VI\u00d1AS SA.<\/li>\n<\/ul>\n<p>LABORATORIOS VI\u00d1AS SA est responsable du traitement des donn\u00e9es saisies dans les formulaires sur www.dentiblanc.com, et est \u00e9galement responsable de l\u2019adoption des mesures techniques et organisationnelles n\u00e9cessaires, en fonction du risque que comporte le traitement des donn\u00e9es collect\u00e9es, \u00e9tablies dans le r\u00e8glement sur la protection des donn\u00e9es, visant \u00e0 garantir la s\u00e9curit\u00e9 des donn\u00e9es \u00e0 caract\u00e8re personnel et \u00e0 emp\u00eacher leur alt\u00e9ration, perte, traitement ou acc\u00e8s non autoris\u00e9.<\/p>\n<p>[\/vc_column_text][\/vc_column][\/vc_row][vc_row full_width=\u00a0\u00bbstretch_row_content_no_spaces\u00a0\u00bb foundry_padding=\u00a0\u00bbpt0 pb0&Prime; css=\u00a0\u00bb.vc_custom_1495811855558{background-color: #1f3b72 !important;}\u00a0\u00bb][vc_column][vc_empty_space][vc_row_inner][vc_column_inner width=\u00a0\u00bb1\/4&Prime;][vc_column_text]<\/p>\n<h4><span style=\"color: #ffffff;\">HIGIENE DENTAL<\/span><\/h4>\n<p>[\/vc_column_text][vc_wp_custommenu nav_menu=\u00a0\u00bb46&Prime; el_id=\u00a0\u00bbmenu-footer-column1&Prime;][\/vc_column_inner][vc_column_inner width=\u00a0\u00bb1\/4&Prime;][vc_column_text]<\/p>\n<h4><span style=\"color: #ffffff;\">SOLUCIONES<\/span><\/h4>\n<p>[\/vc_column_text][vc_wp_custommenu nav_menu=\u00a0\u00bb47&Prime; el_class=\u00a0\u00bbmenu-footer\u00a0\u00bb el_id=\u00a0\u00bbmenu-footer-column2&Prime;][\/vc_column_inner][vc_column_inner width=\u00a0\u00bb1\/4&Prime; offset=\u00a0\u00bbvc_hidden-md vc_hidden-sm vc_hidden-xs\u00a0\u00bb][\/vc_column_inner][vc_column_inner width=\u00a0\u00bb1\/4&Prime;][vc_column_text]<\/p>\n<h4><span style=\"color: #ffffff;\">CONTACTO<\/span><\/h4>\n<p>[\/vc_column_text][vc_raw_html]JTNDaDUlMjBpZCUzRCUyMmZvb3Rlci1jb2x1bW4tNCUyMiUzRUMlMkYlMjBQcm92ZW4lQzMlQTdhJTJDJTIwMzg2LiUzQ2JyJTNFJTBBMDgwMjUlMjBCYXJjZWxvbmElM0NiciUzRSUwQSUyOCUyQjM0JTI5JTIwOTMyJTIwMDcwJTIwNTEyJTNDYnIlM0UlMEElMjglMkIzNCUyOSUyMDkzMiUyMDA3MSUyMDkzMiUzQ2JyJTNFJTBBJTNDYSUyMGhyZWYlM0QlMjJodHRwJTNBJTJGJTJGd3d3LnZpbmFzLmVzJTJGJTIyJTNFd3d3LnZpbmFzLmVzJTNDJTJGYSUzRSUzQyUyRmg1JTNF[\/vc_raw_html][vc_separator align=\u00a0\u00bbalign_left\u00a0\u00bb el_width=\u00a0\u00bb80&Prime; css=\u00a0\u00bb.vc_custom_1496911945594{padding-top: 0px !important;padding-right: 0px !important;padding-bottom: 0px !important;padding-left: 0px !important;}\u00a0\u00bb][vc_wp_custommenu nav_menu=\u00a0\u00bb48&Prime; el_class=\u00a0\u00bbmenu-footer\u00a0\u00bb el_id=\u00a0\u00bbmenu-footer-column3&Prime;][\/vc_column_inner][\/vc_row_inner][vc_empty_space][vc_row_inner content_placement=\u00a0\u00bbmiddle\u00a0\u00bb][vc_column_inner width=\u00a0\u00bb1\/4&Prime;][vc_column_text el_id=\u00a0\u00bbcopyright\u00a0\u00bb]<span style=\"color: #ffffff;\">\u00a9 2017 Cr\u00e9\u00e9 et d\u00e9velopp\u00e9 par VILIF publicidad<\/span>[\/vc_column_text][\/vc_column_inner][vc_column_inner width=\u00a0\u00bb1\/2&Prime;][vc_single_image image=\u00a0\u00bb2786&Prime; img_size=\u00a0\u00bb\u00a0\u00bb alignment=\u00a0\u00bbcenter\u00a0\u00bb][\/vc_column_inner][\/vc_row_inner][\/vc_column][\/vc_row][vc_row full_width=\u00a0\u00bbstretch_row_content_no_spaces\u00a0\u00bb foundry_padding=\u00a0\u00bbpt0 pb0&Prime; css=\u00a0\u00bb.vc_custom_1495815563694{padding-top: 30px !important;background-color: #ffffff !important;}\u00a0\u00bb][vc_column][vc_single_image image=\u00a0\u00bb2770&Prime; img_size=\u00a0\u00bb\u00a0\u00bb alignment=\u00a0\u00bbcenter\u00a0\u00bb onclick=\u00a0\u00bbcustom_link\u00a0\u00bb link=\u00a0\u00bbhttp:\/\/www.vinas.es\/\u00a0\u00bb][vc_raw_html]JTNDaDYlMjBzdHlsZSUzRCUyMnRleHQtYWxpZ24lM0FjZW50ZXIlM0IlMjIlM0UlM0NhJTIwaHJlZiUzRCUyMmh0dHAlM0ElMkYlMkZkZW50aWJsYW5jLmNvbSUyRmZyJTJGc29sdWNpb25lcyUyRmNvbnRhY3QlMkYlMjIlM0VDT05UQUNUJTNDJTJGYSUzRSUyMCU3QyUyMCUzQ2ElMjBocmVmJTNEJTIyaHR0cCUzQSUyRiUyRmRlbnRpYmxhbmMuY29tJTJGZnIlMkZub3RpY2UtbGVnYWxlJTJGJTIyJTNFTk9USUNFJTIwTCVDMyU4OUdBTEUlM0MlMkZhJTNFJTIwJTdDJTIwJTNDYSUyMGhyZWYlM0QlMjJodHRwJTNBJTJGJTJGZGVudGlibGFuYy5jb20lMkZmciUyRnBvbGl0aXF1ZS1kZS1wcm90ZWN0aW9uLWRlcy1kb25uZWVzLWEtY2FyYWN0ZXJlLXBlcnNvbm5lbCUyRiUyRiUyMiUzRVBST1RFQ1RJT04lMjBERVMlMjBET05OJUMzJTg5RVMlM0MlMkZhJTNFJTIwJTdDJTIwJTNDYSUyMGhyZWYlM0QlMjJodHRwJTNBJTJGJTJGZGVudGlibGFuYy5jb20lMkZmciUyRnBvbGl0aXF1ZS1lbi1tYXRpZXJlLWRlLWNvb2tpZXMlMkYlMjIlM0VQT0xJVElRVUUlMjBFTiUyME1BVEklQzMlODhSRSUyMERFJTIwQ09PS0lFUyUzQyUyRmElM0UlM0MlMkZoNiUzRQ==[\/vc_raw_html][\/vc_column][\/vc_row]<\/p>\n","protected":false},"excerpt":{"rendered":"<p>[vc_row][vc_column][vc_column_text]Conform\u00e9ment aux dispositions du r\u00e8glement (UE) 2016\/679 du Parlement europ\u00e9en et du Conseil, du 27 avril 2016, relatif \u00e0 la protection&#8230;<\/p>\n","protected":false},"author":1,"featured_media":0,"parent":0,"menu_order":0,"comment_status":"closed","ping_status":"closed","template":"","meta":[],"yoast_head":"<!-- This site is optimized with the Yoast SEO plugin v20.10 - https:\/\/yoast.com\/wordpress\/plugins\/seo\/ -->\n<title>Politique de protection des donn\u00e9es \u00e0 caract\u00e8re personnel - Dentiblanc<\/title>\n<meta name=\"robots\" content=\"index, follow, max-snippet:-1, max-image-preview:large, max-video-preview:-1\" \/>\n<link rel=\"canonical\" href=\"https:\/\/dentiblanc.com\/fr\/politique-de-protection-des-donnees-a-caractere-personnel\/\" \/>\n<meta property=\"og:locale\" content=\"fr_FR\" \/>\n<meta property=\"og:type\" content=\"article\" \/>\n<meta property=\"og:title\" content=\"Politique de protection des donn\u00e9es \u00e0 caract\u00e8re personnel - Dentiblanc\" \/>\n<meta property=\"og:description\" content=\"[vc_row][vc_column][vc_column_text]Conform\u00e9ment aux dispositions du r\u00e8glement (UE) 2016\/679 du Parlement europ\u00e9en et du Conseil, du 27 avril 2016, relatif \u00e0 la protection...\" \/>\n<meta property=\"og:url\" content=\"https:\/\/dentiblanc.com\/fr\/politique-de-protection-des-donnees-a-caractere-personnel\/\" \/>\n<meta property=\"og:site_name\" content=\"Dentiblanc\" \/>\n<meta property=\"article:modified_time\" content=\"2018-06-01T09:15:25+00:00\" \/>\n<meta name=\"twitter:card\" content=\"summary_large_image\" \/>\n<meta name=\"twitter:label1\" content=\"Dur\u00e9e de lecture estim\u00e9e\" \/>\n\t<meta name=\"twitter:data1\" content=\"5 minutes\" \/>\n<script type=\"application\/ld+json\" class=\"yoast-schema-graph\">{\"@context\":\"https:\/\/schema.org\",\"@graph\":[{\"@type\":\"WebPage\",\"@id\":\"https:\/\/dentiblanc.com\/fr\/politique-de-protection-des-donnees-a-caractere-personnel\/\",\"url\":\"https:\/\/dentiblanc.com\/fr\/politique-de-protection-des-donnees-a-caractere-personnel\/\",\"name\":\"Politique de protection des donn\u00e9es \u00e0 caract\u00e8re personnel - Dentiblanc\",\"isPartOf\":{\"@id\":\"https:\/\/dentiblanc.com\/fr\/#website\"},\"datePublished\":\"2017-06-19T11:08:01+00:00\",\"dateModified\":\"2018-06-01T09:15:25+00:00\",\"breadcrumb\":{\"@id\":\"https:\/\/dentiblanc.com\/fr\/politique-de-protection-des-donnees-a-caractere-personnel\/#breadcrumb\"},\"inLanguage\":\"fr-FR\",\"potentialAction\":[{\"@type\":\"ReadAction\",\"target\":[\"https:\/\/dentiblanc.com\/fr\/politique-de-protection-des-donnees-a-caractere-personnel\/\"]}]},{\"@type\":\"BreadcrumbList\",\"@id\":\"https:\/\/dentiblanc.com\/fr\/politique-de-protection-des-donnees-a-caractere-personnel\/#breadcrumb\",\"itemListElement\":[{\"@type\":\"ListItem\",\"position\":1,\"name\":\"Home\",\"item\":\"https:\/\/dentiblanc.com\/fr\/initiation\/\"},{\"@type\":\"ListItem\",\"position\":2,\"name\":\"Politique de protection des donn\u00e9es \u00e0 caract\u00e8re personnel\"}]},{\"@type\":\"WebSite\",\"@id\":\"https:\/\/dentiblanc.com\/fr\/#website\",\"url\":\"https:\/\/dentiblanc.com\/fr\/\",\"name\":\"Dentiblanc\",\"description\":\"Dentiblanc\",\"potentialAction\":[{\"@type\":\"SearchAction\",\"target\":{\"@type\":\"EntryPoint\",\"urlTemplate\":\"https:\/\/dentiblanc.com\/fr\/?s={search_term_string}\"},\"query-input\":\"required name=search_term_string\"}],\"inLanguage\":\"fr-FR\"}]}<\/script>\n<!-- \/ Yoast SEO plugin. -->","yoast_head_json":{"title":"Politique de protection des donn\u00e9es \u00e0 caract\u00e8re personnel - Dentiblanc","robots":{"index":"index","follow":"follow","max-snippet":"max-snippet:-1","max-image-preview":"max-image-preview:large","max-video-preview":"max-video-preview:-1"},"canonical":"https:\/\/dentiblanc.com\/fr\/politique-de-protection-des-donnees-a-caractere-personnel\/","og_locale":"fr_FR","og_type":"article","og_title":"Politique de protection des donn\u00e9es \u00e0 caract\u00e8re personnel - Dentiblanc","og_description":"[vc_row][vc_column][vc_column_text]Conform\u00e9ment aux dispositions du r\u00e8glement (UE) 2016\/679 du Parlement europ\u00e9en et du Conseil, du 27 avril 2016, relatif \u00e0 la protection...","og_url":"https:\/\/dentiblanc.com\/fr\/politique-de-protection-des-donnees-a-caractere-personnel\/","og_site_name":"Dentiblanc","article_modified_time":"2018-06-01T09:15:25+00:00","twitter_card":"summary_large_image","twitter_misc":{"Dur\u00e9e de lecture estim\u00e9e":"5 minutes"},"schema":{"@context":"https:\/\/schema.org","@graph":[{"@type":"WebPage","@id":"https:\/\/dentiblanc.com\/fr\/politique-de-protection-des-donnees-a-caractere-personnel\/","url":"https:\/\/dentiblanc.com\/fr\/politique-de-protection-des-donnees-a-caractere-personnel\/","name":"Politique de protection des donn\u00e9es \u00e0 caract\u00e8re personnel - Dentiblanc","isPartOf":{"@id":"https:\/\/dentiblanc.com\/fr\/#website"},"datePublished":"2017-06-19T11:08:01+00:00","dateModified":"2018-06-01T09:15:25+00:00","breadcrumb":{"@id":"https:\/\/dentiblanc.com\/fr\/politique-de-protection-des-donnees-a-caractere-personnel\/#breadcrumb"},"inLanguage":"fr-FR","potentialAction":[{"@type":"ReadAction","target":["https:\/\/dentiblanc.com\/fr\/politique-de-protection-des-donnees-a-caractere-personnel\/"]}]},{"@type":"BreadcrumbList","@id":"https:\/\/dentiblanc.com\/fr\/politique-de-protection-des-donnees-a-caractere-personnel\/#breadcrumb","itemListElement":[{"@type":"ListItem","position":1,"name":"Home","item":"https:\/\/dentiblanc.com\/fr\/initiation\/"},{"@type":"ListItem","position":2,"name":"Politique de protection des donn\u00e9es \u00e0 caract\u00e8re personnel"}]},{"@type":"WebSite","@id":"https:\/\/dentiblanc.com\/fr\/#website","url":"https:\/\/dentiblanc.com\/fr\/","name":"Dentiblanc","description":"Dentiblanc","potentialAction":[{"@type":"SearchAction","target":{"@type":"EntryPoint","urlTemplate":"https:\/\/dentiblanc.com\/fr\/?s={search_term_string}"},"query-input":"required name=search_term_string"}],"inLanguage":"fr-FR"}]}},"_links":{"self":[{"href":"https:\/\/dentiblanc.com\/fr\/wp-json\/wp\/v2\/pages\/3499"}],"collection":[{"href":"https:\/\/dentiblanc.com\/fr\/wp-json\/wp\/v2\/pages"}],"about":[{"href":"https:\/\/dentiblanc.com\/fr\/wp-json\/wp\/v2\/types\/page"}],"author":[{"embeddable":true,"href":"https:\/\/dentiblanc.com\/fr\/wp-json\/wp\/v2\/users\/1"}],"replies":[{"embeddable":true,"href":"https:\/\/dentiblanc.com\/fr\/wp-json\/wp\/v2\/comments?post=3499"}],"version-history":[{"count":3,"href":"https:\/\/dentiblanc.com\/fr\/wp-json\/wp\/v2\/pages\/3499\/revisions"}],"predecessor-version":[{"id":3588,"href":"https:\/\/dentiblanc.com\/fr\/wp-json\/wp\/v2\/pages\/3499\/revisions\/3588"}],"wp:attachment":[{"href":"https:\/\/dentiblanc.com\/fr\/wp-json\/wp\/v2\/media?parent=3499"}],"curies":[{"name":"wp","href":"https:\/\/api.w.org\/{rel}","templated":true}]}}