{"id":3506,"date":"2017-06-21T16:50:02","date_gmt":"2017-06-21T14:50:02","guid":{"rendered":"https:\/\/dentiblanc.com\/?page_id=3506\/"},"modified":"2023-06-28T11:05:43","modified_gmt":"2023-06-28T09:05:43","slug":"initiation","status":"publish","type":"page","link":"https:\/\/dentiblanc.com\/fr\/","title":{"rendered":"Initiation"},"content":{"rendered":"<p>[vc_row full_width=\u00a0\u00bbstretch_row_content_no_spaces\u00a0\u00bb foundry_padding=\u00a0\u00bbpt0 pb0&Prime;][vc_column][layerslider_vc id=\u00a0\u00bb9&Prime;][\/vc_column][\/vc_row][vc_row full_width=\u00a0\u00bbstretch_row_content_no_spaces\u00a0\u00bb parallax=\u00a0\u00bb\u00a0\u00bb parallax_image=\u00a0\u00bb\u00a0\u00bb][vc_column]\n\t\t<div class=\"image-carousel\">\n\t\t<div class=\"image-carousel-item overflow-hidden mb-xs-48\">\n\t\t\n\t\t\t<div class=\"col-sm-8 col-sm-offset-2 col-xs-6 col-xs-offset-3\">\n\t\t\t\t<img width=\"697\" height=\"840\" src=\"https:\/\/dentiblanc.com\/wp-content\/uploads\/2023\/06\/dentiblanc-pro-blanqueador-web.jpg\" class=\"attachment-full size-full\" alt=\"\" decoding=\"async\" loading=\"lazy\" srcset=\"https:\/\/dentiblanc.com\/wp-content\/uploads\/2023\/06\/dentiblanc-pro-blanqueador-web.jpg 697w, https:\/\/dentiblanc.com\/wp-content\/uploads\/2023\/06\/dentiblanc-pro-blanqueador-web-249x300.jpg 249w\" sizes=\"(max-width: 697px) 100vw, 697px\" \/>\n\t\t\t<\/div>\n\t\t\t\n\t\t\t<hr class=\"mb48\">\n\t\t\t\n\t\t\t<div class=\"text-holder\">\n\t\t\t\t<\/p>\n<h4 style=\"text-align: center;\">Dentiblanc Blancheur PRO<\/h4>\n<h5 style=\"text-align: center;\">Il s&rsquo;agit d&rsquo;un dentifrice pour votre hygi\u00e8ne dentaire quotidienne avec une nouvelle formule de protection globale blanchissante, qui fait briller et poss\u00e8de une action r\u00e9paratrice<\/h5>\n<p style=\"text-align: center;\"><a class=\"btn btn-filled mb0\" href=\"https:\/\/dentiblanc.com\/soluciones\/blanqueador-pro\/\">Plus d&rsquo;informations<\/a><\/p>\n<p>\n\n\t\t\t<\/div>\n\t\t\t\n\t\t<\/div>\n\t\n\t\t<div class=\"image-carousel-item overflow-hidden mb-xs-48\">\n\t\t\n\t\t\t<div class=\"col-sm-8 col-sm-offset-2 col-xs-6 col-xs-offset-3\">\n\t\t\t\t<img src=\"https:\/\/dentiblanc.com\/wp-content\/uploads\/2023\/06\/dentiblanc-intensivo-blanqueador-web.jpg\" class=\"attachment-full size-full\" alt=\"\" decoding=\"async\" loading=\"lazy\" \/>\n\t\t\t<\/div>\n\t\t\t\n\t\t\t<hr class=\"mb48\">\n\t\t\t\n\t\t\t<div class=\"text-holder\">\n\t\t\t\t<\/p>\n<h4 style=\"text-align: center;\">DENTIBLANC Blancheur INTENSIF<\/h4>\n<h5 style=\"text-align: center;\">Est un dentifrice pour l&rsquo;hygi\u00e8ne et le soin bucco-dentaire \u00e0 l&rsquo;action blanchissante puissante.<\/h5>\n<p style=\"text-align: center;\"><a class=\"btn btn-filled mb0\" href=\"https:\/\/dentiblanc.com\/soluciones\/blanqueador-intensivo\/\">PLUS D&rsquo;INFORMATIONS<\/a><\/p>\n<p>\n\n\t\t\t<\/div>\n\t\t\t\n\t\t<\/div>\n\t\n\t\t<div class=\"image-carousel-item overflow-hidden mb-xs-48\">\n\t\t\n\t\t\t<div class=\"col-sm-8 col-sm-offset-2 col-xs-6 col-xs-offset-3\">\n\t\t\t\t<img width=\"697\" height=\"840\" src=\"https:\/\/dentiblanc.com\/wp-content\/uploads\/2023\/06\/dentiblanc-colutorio.jpg\" class=\"attachment-full size-full\" alt=\"\" decoding=\"async\" loading=\"lazy\" srcset=\"https:\/\/dentiblanc.com\/wp-content\/uploads\/2023\/06\/dentiblanc-colutorio.jpg 697w, https:\/\/dentiblanc.com\/wp-content\/uploads\/2023\/06\/dentiblanc-colutorio-249x300.jpg 249w\" sizes=\"(max-width: 697px) 100vw, 697px\" \/>\n\t\t\t<\/div>\n\t\t\t\n\t\t\t<hr class=\"mb48\">\n\t\t\t\n\t\t\t<div class=\"text-holder\">\n\t\t\t\t<\/p>\n<h4 style=\"text-align: center;\">Collutoire Dentiblanc<\/h4>\n<h5 style=\"text-align: center;\">Il s&rsquo;agit d&rsquo;une solution sans alcool pour le rin\u00e7age de la bouche au quotidien<\/h5>\n<p style=\"text-align: center;\"><a class=\"btn btn-filled mb0\" href=\"https:\/\/dentiblanc.com\/soluciones\/colutorio-intensivo\/\">PLUS D&rsquo;INFOMATIONS<\/a><\/p>\n<p>\n\n\t\t\t<\/div>\n\t\t\t\n\t\t<\/div>\n\t\n\t\t<div class=\"image-carousel-item overflow-hidden mb-xs-48\">\n\t\t\n\t\t\t<div class=\"col-sm-8 col-sm-offset-2 col-xs-6 col-xs-offset-3\">\n\t\t\t\t<img width=\"697\" height=\"840\" src=\"https:\/\/dentiblanc.com\/wp-content\/uploads\/2023\/06\/dentiblanc-extrafresh-blanqueador-web.jpg\" class=\"attachment-full size-full\" alt=\"\" decoding=\"async\" loading=\"lazy\" srcset=\"https:\/\/dentiblanc.com\/wp-content\/uploads\/2023\/06\/dentiblanc-extrafresh-blanqueador-web.jpg 697w, https:\/\/dentiblanc.com\/wp-content\/uploads\/2023\/06\/dentiblanc-extrafresh-blanqueador-web-249x300.jpg 249w\" sizes=\"(max-width: 697px) 100vw, 697px\" \/>\n\t\t\t<\/div>\n\t\t\t\n\t\t\t<hr class=\"mb48\">\n\t\t\t\n\t\t\t<div class=\"text-holder\">\n\t\t\t\t<\/p>\n<h4 style=\"text-align: center;\">DENTIBLANC Blancheur EXTRA-FRAIS<\/h4>\n<h5 style=\"text-align: center;\">Est un dentifrice \u00e0 l&rsquo;action blanchissante puissante qui offre une haleine ultra-rafra\u00eechissante.<\/h5>\n<p style=\"text-align: center;\"><a class=\"btn btn-filled mb0\" href=\"https:\/\/dentiblanc.com\/soluciones\/blanqueador-extrafresh\/\">PLUS D&rsquo;INFORMATIONS<\/a><\/p>\n<p>\n\n\t\t\t<\/div>\n\t\t\t\n\t\t<\/div>\n\t<\/div>\n\t\t<script type=\"text\/javascript\">\n\t\t\tjQuery(document).ready(function() { \n\t\n\t\t\t\tjQuery('.image-carousel').owlCarousel({\n\t\t\t\t\tnav: true,\n\t\t\t\t\tnavText: [\"<i class='ti-angle-left'>\",\"<i class='ti-angle-right'>\"],\n\t\t\t\t\tcenter: true,\n\t\t\t\t\tloop:true,\n\t\t\t\t\tresponsive:{\n\t\t\t\t        0:{\n\t\t\t\t            items:1\n\t\t\t\t        },\n\t\t\t\t        980:{\n\t\t\t\t            items: 3\n\t\t\t\t        },\n\t\t\t\t        1199:{\n\t\t\t\t            items: 3\n\t\t\t\t        },\n\t\t\t\t        1400:{\n\t\t\t\t            items: 3\n\t\t\t\t        }\n\t\t\t\t    }\n\t\t\t\t});\n\t\t\t\t\n\t\t\t});\n\t\t<\/script>\n\t[vc_empty_space height=\u00a0\u00bb12px\u00a0\u00bb][\/vc_column][\/vc_row][vc_row full_width=\u00a0\u00bbstretch_row_content_no_spaces\u00a0\u00bb foundry_padding=\u00a0\u00bbpt0 pb0&Prime; css=\u00a0\u00bb.vc_custom_1495811855558{background-color: #1f3b72 !important;}\u00a0\u00bb][vc_column][vc_empty_space][vc_row_inner][vc_column_inner width=\u00a0\u00bb1\/4&Prime;][vc_column_text]<\/p>\n<h4><span style=\"color: #ffffff;\">HIGIENE DENTAL<\/span><\/h4>\n<p>[\/vc_column_text][vc_wp_custommenu nav_menu=\u00a0\u00bb46&Prime; el_id=\u00a0\u00bbmenu-footer-column1&Prime;][\/vc_column_inner][vc_column_inner width=\u00a0\u00bb1\/4&Prime;][vc_column_text]<\/p>\n<h4><span style=\"color: #ffffff;\">SOLUCIONES<\/span><\/h4>\n<p>[\/vc_column_text][vc_wp_custommenu nav_menu=\u00a0\u00bb47&Prime; el_class=\u00a0\u00bbmenu-footer\u00a0\u00bb el_id=\u00a0\u00bbmenu-footer-column2&Prime;][\/vc_column_inner][vc_column_inner width=\u00a0\u00bb1\/4&Prime; offset=\u00a0\u00bbvc_hidden-md vc_hidden-sm vc_hidden-xs\u00a0\u00bb][\/vc_column_inner][vc_column_inner width=\u00a0\u00bb1\/4&Prime;][vc_column_text]<\/p>\n<h4><span style=\"color: #ffffff;\">CONTACTO<\/span><\/h4>\n<p>[\/vc_column_text][vc_raw_html]JTNDaDUlMjBpZCUzRCUyMmZvb3Rlci1jb2x1bW4tNCUyMiUzRUMlMkYlMjBQcm92ZW4lQzMlQTdhJTJDJTIwMzg2LiUzQ2JyJTNFJTBBMDgwMjUlMjBCYXJjZWxvbmElM0NiciUzRSUwQSUyOCUyQjM0JTI5JTIwOTMyJTIwMDcwJTIwNTEyJTNDYnIlM0UlMEElMjglMkIzNCUyOSUyMDkzMiUyMDA3MSUyMDkzMiUzQ2JyJTNFJTBBJTNDYSUyMGhyZWYlM0QlMjJodHRwJTNBJTJGJTJGd3d3LnZpbmFzLmVzJTJGJTIyJTNFd3d3LnZpbmFzLmVzJTNDJTJGYSUzRSUzQyUyRmg1JTNF[\/vc_raw_html][vc_separator align=\u00a0\u00bbalign_left\u00a0\u00bb el_width=\u00a0\u00bb80&Prime; css=\u00a0\u00bb.vc_custom_1496911945594{padding-top: 0px !important;padding-right: 0px !important;padding-bottom: 0px !important;padding-left: 0px !important;}\u00a0\u00bb][vc_wp_custommenu nav_menu=\u00a0\u00bb48&Prime; el_class=\u00a0\u00bbmenu-footer\u00a0\u00bb el_id=\u00a0\u00bbmenu-footer-column3&Prime;][\/vc_column_inner][\/vc_row_inner][vc_empty_space][vc_row_inner content_placement=\u00a0\u00bbmiddle\u00a0\u00bb][vc_column_inner width=\u00a0\u00bb1\/4&Prime;][vc_column_text el_id=\u00a0\u00bbcopyright\u00a0\u00bb]<span style=\"color: #ffffff;\">\u00a9 2017 Cr\u00e9\u00e9 et d\u00e9velopp\u00e9 par VILIF publicidad<\/span>[\/vc_column_text][\/vc_column_inner][vc_column_inner width=\u00a0\u00bb1\/2&Prime;][vc_single_image image=\u00a0\u00bb2786&Prime; img_size=\u00a0\u00bb\u00a0\u00bb alignment=\u00a0\u00bbcenter\u00a0\u00bb][\/vc_column_inner][\/vc_row_inner][\/vc_column][\/vc_row][vc_row full_width=\u00a0\u00bbstretch_row_content_no_spaces\u00a0\u00bb foundry_padding=\u00a0\u00bbpt0 pb0&Prime; css=\u00a0\u00bb.vc_custom_1495815563694{padding-top: 30px !important;background-color: #ffffff !important;}\u00a0\u00bb][vc_column][vc_single_image image=\u00a0\u00bb2770&Prime; img_size=\u00a0\u00bb\u00a0\u00bb alignment=\u00a0\u00bbcenter\u00a0\u00bb onclick=\u00a0\u00bbcustom_link\u00a0\u00bb link=\u00a0\u00bbhttp:\/\/www.vinas.es\/\u00a0\u00bb][vc_raw_html]JTNDaDYlMjBzdHlsZSUzRCUyMnRleHQtYWxpZ24lM0FjZW50ZXIlM0IlMjIlM0UlM0NhJTIwaHJlZiUzRCUyMmh0dHAlM0ElMkYlMkZkZW50aWJsYW5jLmNvbSUyRmZyJTJGc29sdWNpb25lcyUyRmNvbnRhY3QlMkYlMjIlM0VDT05UQUNUJTNDJTJGYSUzRSUyMCU3QyUyMCUzQ2ElMjBocmVmJTNEJTIyaHR0cCUzQSUyRiUyRmRlbnRpYmxhbmMuY29tJTJGZnIlMkZub3RpY2UtbGVnYWxlJTJGJTIyJTNFTk9USUNFJTIwTCVDMyU4OUdBTEUlM0MlMkZhJTNFJTIwJTdDJTIwJTNDYSUyMGhyZWYlM0QlMjJodHRwJTNBJTJGJTJGZGVudGlibGFuYy5jb20lMkZmciUyRnBvbGl0aXF1ZS1kZS1wcm90ZWN0aW9uLWRlcy1kb25uZWVzLWEtY2FyYWN0ZXJlLXBlcnNvbm5lbCUyRiUyRiUyMiUzRVBST1RFQ1RJT04lMjBERVMlMjBET05OJUMzJTg5RVMlM0MlMkZhJTNFJTIwJTdDJTIwJTNDYSUyMGhyZWYlM0QlMjJodHRwJTNBJTJGJTJGZGVudGlibGFuYy5jb20lMkZmciUyRnBvbGl0aXF1ZS1lbi1tYXRpZXJlLWRlLWNvb2tpZXMlMkYlMjIlM0VQT0xJVElRVUUlMjBFTiUyME1BVEklQzMlODhSRSUyMERFJTIwQ09PS0lFUyUzQyUyRmElM0UlM0MlMkZoNiUzRQ==[\/vc_raw_html][\/vc_column][\/vc_row]<\/p>\n","protected":false},"excerpt":{"rendered":"<p>[vc_row full_width=\u00a0\u00bbstretch_row_content_no_spaces\u00a0\u00bb foundry_padding=\u00a0\u00bbpt0 pb0&Prime;][vc_column][layerslider_vc id=\u00a0\u00bb9&Prime;][\/vc_column][\/vc_row][vc_row full_width=\u00a0\u00bbstretch_row_content_no_spaces\u00a0\u00bb parallax=\u00a0\u00bb\u00a0\u00bb parallax_image=\u00a0\u00bb\u00a0\u00bb][vc_column][vc_empty_space height=\u00a0\u00bb12px\u00a0\u00bb][\/vc_column][\/vc_row][vc_row full_width=\u00a0\u00bbstretch_row_content_no_spaces\u00a0\u00bb foundry_padding=\u00a0\u00bbpt0 pb0&Prime; css=\u00a0\u00bb.vc_custom_1495811855558{background-color: #1f3b72 !important;}\u00a0\u00bb][vc_column][vc_empty_space][vc_row_inner][vc_column_inner width=\u00a0\u00bb1\/4&Prime;][vc_column_text] HIGIENE DENTAL [\/vc_column_text][vc_wp_custommenu nav_menu=\u00a0\u00bb46&Prime; el_id=\u00a0\u00bbmenu-footer-column1&Prime;][\/vc_column_inner][vc_column_inner&#8230;<\/p>\n","protected":false},"author":1,"featured_media":0,"parent":0,"menu_order":0,"comment_status":"open","ping_status":"open","template":"","meta":[],"yoast_head":"<!-- This site is optimized with the Yoast SEO plugin v20.10 - https:\/\/yoast.com\/wordpress\/plugins\/seo\/ -->\n<title>Initiation - Dentiblanc<\/title>\n<meta name=\"robots\" content=\"index, follow, max-snippet:-1, max-image-preview:large, max-video-preview:-1\" \/>\n<link rel=\"canonical\" href=\"https:\/\/dentiblanc.com\/fr\/\" \/>\n<meta property=\"og:locale\" content=\"fr_FR\" \/>\n<meta property=\"og:type\" content=\"article\" \/>\n<meta property=\"og:title\" content=\"Initiation - Dentiblanc\" \/>\n<meta property=\"og:description\" content=\"[vc_row full_width=\u00a0\u00bbstretch_row_content_no_spaces\u00a0\u00bb foundry_padding=\u00a0\u00bbpt0 pb0&Prime;][vc_column][layerslider_vc id=\u00a0\u00bb9&Prime;][\/vc_column][\/vc_row][vc_row full_width=\u00a0\u00bbstretch_row_content_no_spaces\u00a0\u00bb parallax=\u00a0\u00bb\u00a0\u00bb parallax_image=\u00a0\u00bb\u00a0\u00bb][vc_column][vc_empty_space height=\u00a0\u00bb12px\u00a0\u00bb][\/vc_column][\/vc_row][vc_row full_width=\u00a0\u00bbstretch_row_content_no_spaces\u00a0\u00bb foundry_padding=\u00a0\u00bbpt0 pb0&Prime; css=\u00a0\u00bb.vc_custom_1495811855558{background-color: #1f3b72 !important;}\u00a0\u00bb][vc_column][vc_empty_space][vc_row_inner][vc_column_inner width=\u00a0\u00bb1\/4&Prime;][vc_column_text] HIGIENE DENTAL [\/vc_column_text][vc_wp_custommenu nav_menu=\u00a0\u00bb46&Prime; el_id=\u00a0\u00bbmenu-footer-column1&Prime;][\/vc_column_inner][vc_column_inner...\" \/>\n<meta property=\"og:url\" content=\"https:\/\/dentiblanc.com\/fr\/\" \/>\n<meta property=\"og:site_name\" content=\"Dentiblanc\" \/>\n<meta property=\"article:modified_time\" content=\"2023-06-28T09:05:43+00:00\" \/>\n<meta name=\"twitter:card\" content=\"summary_large_image\" \/>\n<meta name=\"twitter:label1\" content=\"Dur\u00e9e de lecture estim\u00e9e\" \/>\n\t<meta name=\"twitter:data1\" content=\"3 minutes\" \/>\n<script type=\"application\/ld+json\" class=\"yoast-schema-graph\">{\"@context\":\"https:\/\/schema.org\",\"@graph\":[{\"@type\":\"WebPage\",\"@id\":\"https:\/\/dentiblanc.com\/fr\/\",\"url\":\"https:\/\/dentiblanc.com\/fr\/\",\"name\":\"Initiation - Dentiblanc\",\"isPartOf\":{\"@id\":\"https:\/\/dentiblanc.com\/fr\/#website\"},\"datePublished\":\"2017-06-21T14:50:02+00:00\",\"dateModified\":\"2023-06-28T09:05:43+00:00\",\"breadcrumb\":{\"@id\":\"https:\/\/dentiblanc.com\/fr\/#breadcrumb\"},\"inLanguage\":\"fr-FR\",\"potentialAction\":[{\"@type\":\"ReadAction\",\"target\":[\"https:\/\/dentiblanc.com\/fr\/\"]}]},{\"@type\":\"BreadcrumbList\",\"@id\":\"https:\/\/dentiblanc.com\/fr\/#breadcrumb\",\"itemListElement\":[{\"@type\":\"ListItem\",\"position\":1,\"name\":\"Home\",\"item\":\"https:\/\/dentiblanc.com\/fr\/initiation\/\"},{\"@type\":\"ListItem\",\"position\":2,\"name\":\"Initiation\"}]},{\"@type\":\"WebSite\",\"@id\":\"https:\/\/dentiblanc.com\/fr\/#website\",\"url\":\"https:\/\/dentiblanc.com\/fr\/\",\"name\":\"Dentiblanc\",\"description\":\"Dentiblanc\",\"potentialAction\":[{\"@type\":\"SearchAction\",\"target\":{\"@type\":\"EntryPoint\",\"urlTemplate\":\"https:\/\/dentiblanc.com\/fr\/?s={search_term_string}\"},\"query-input\":\"required name=search_term_string\"}],\"inLanguage\":\"fr-FR\"}]}<\/script>\n<!-- \/ Yoast SEO plugin. -->","yoast_head_json":{"title":"Initiation - Dentiblanc","robots":{"index":"index","follow":"follow","max-snippet":"max-snippet:-1","max-image-preview":"max-image-preview:large","max-video-preview":"max-video-preview:-1"},"canonical":"https:\/\/dentiblanc.com\/fr\/","og_locale":"fr_FR","og_type":"article","og_title":"Initiation - Dentiblanc","og_description":"[vc_row full_width=\u00a0\u00bbstretch_row_content_no_spaces\u00a0\u00bb foundry_padding=\u00a0\u00bbpt0 pb0&Prime;][vc_column][layerslider_vc id=\u00a0\u00bb9&Prime;][\/vc_column][\/vc_row][vc_row full_width=\u00a0\u00bbstretch_row_content_no_spaces\u00a0\u00bb parallax=\u00a0\u00bb\u00a0\u00bb parallax_image=\u00a0\u00bb\u00a0\u00bb][vc_column][vc_empty_space height=\u00a0\u00bb12px\u00a0\u00bb][\/vc_column][\/vc_row][vc_row full_width=\u00a0\u00bbstretch_row_content_no_spaces\u00a0\u00bb foundry_padding=\u00a0\u00bbpt0 pb0&Prime; css=\u00a0\u00bb.vc_custom_1495811855558{background-color: #1f3b72 !important;}\u00a0\u00bb][vc_column][vc_empty_space][vc_row_inner][vc_column_inner width=\u00a0\u00bb1\/4&Prime;][vc_column_text] HIGIENE DENTAL [\/vc_column_text][vc_wp_custommenu nav_menu=\u00a0\u00bb46&Prime; el_id=\u00a0\u00bbmenu-footer-column1&Prime;][\/vc_column_inner][vc_column_inner...","og_url":"https:\/\/dentiblanc.com\/fr\/","og_site_name":"Dentiblanc","article_modified_time":"2023-06-28T09:05:43+00:00","twitter_card":"summary_large_image","twitter_misc":{"Dur\u00e9e de lecture estim\u00e9e":"3 minutes"},"schema":{"@context":"https:\/\/schema.org","@graph":[{"@type":"WebPage","@id":"https:\/\/dentiblanc.com\/fr\/","url":"https:\/\/dentiblanc.com\/fr\/","name":"Initiation - Dentiblanc","isPartOf":{"@id":"https:\/\/dentiblanc.com\/fr\/#website"},"datePublished":"2017-06-21T14:50:02+00:00","dateModified":"2023-06-28T09:05:43+00:00","breadcrumb":{"@id":"https:\/\/dentiblanc.com\/fr\/#breadcrumb"},"inLanguage":"fr-FR","potentialAction":[{"@type":"ReadAction","target":["https:\/\/dentiblanc.com\/fr\/"]}]},{"@type":"BreadcrumbList","@id":"https:\/\/dentiblanc.com\/fr\/#breadcrumb","itemListElement":[{"@type":"ListItem","position":1,"name":"Home","item":"https:\/\/dentiblanc.com\/fr\/initiation\/"},{"@type":"ListItem","position":2,"name":"Initiation"}]},{"@type":"WebSite","@id":"https:\/\/dentiblanc.com\/fr\/#website","url":"https:\/\/dentiblanc.com\/fr\/","name":"Dentiblanc","description":"Dentiblanc","potentialAction":[{"@type":"SearchAction","target":{"@type":"EntryPoint","urlTemplate":"https:\/\/dentiblanc.com\/fr\/?s={search_term_string}"},"query-input":"required name=search_term_string"}],"inLanguage":"fr-FR"}]}},"_links":{"self":[{"href":"https:\/\/dentiblanc.com\/fr\/wp-json\/wp\/v2\/pages\/3506"}],"collection":[{"href":"https:\/\/dentiblanc.com\/fr\/wp-json\/wp\/v2\/pages"}],"about":[{"href":"https:\/\/dentiblanc.com\/fr\/wp-json\/wp\/v2\/types\/page"}],"author":[{"embeddable":true,"href":"https:\/\/dentiblanc.com\/fr\/wp-json\/wp\/v2\/users\/1"}],"replies":[{"embeddable":true,"href":"https:\/\/dentiblanc.com\/fr\/wp-json\/wp\/v2\/comments?post=3506"}],"version-history":[{"count":8,"href":"https:\/\/dentiblanc.com\/fr\/wp-json\/wp\/v2\/pages\/3506\/revisions"}],"predecessor-version":[{"id":3740,"href":"https:\/\/dentiblanc.com\/fr\/wp-json\/wp\/v2\/pages\/3506\/revisions\/3740"}],"wp:attachment":[{"href":"https:\/\/dentiblanc.com\/fr\/wp-json\/wp\/v2\/media?parent=3506"}],"curies":[{"name":"wp","href":"https:\/\/api.w.org\/{rel}","templated":true}]}}